{"id":956,"date":"2022-03-21T07:13:46","date_gmt":"2022-03-21T07:13:46","guid":{"rendered":"https:\/\/fulfillmenthubhungary.com\/?page_id=956"},"modified":"2022-06-29T06:07:45","modified_gmt":"2022-06-29T06:07:45","slug":"refer-and-earn","status":"publish","type":"page","link":"https:\/\/fulfillmenthubhungary.com\/hu\/refer-and-earn\/","title":{"rendered":"Refer\u00e1ljon \u00e9s keressen"},"content":{"rendered":"<div      class=\"vc_row wpb_row section vc_row-fluid  grid_section\" style=' text-align:left;'><div class=\"section_inner clearfix\"><div class='section_inner_margin clearfix'><div class=\"wpb_column vc_column_container vc_col-sm-12\"><div class=\"vc_column-inner\"><div class=\"wpb_wrapper\">\n\t<div class=\"wpb_text_column wpb_content_element  centered_header_text vc_custom_1647847211782\">\n\t\t<div class=\"wpb_wrapper\">\n\t\t\t<h2 style=\"text-align: center;\">Refer\u00e1ljon \u00e9s keressen<\/h2>\n\n\t\t<\/div> \n\t<\/div> \n\t<div class=\"wpb_text_column wpb_content_element  hero_discription_txt vc_custom_1647847707043\">\n\t\t<div class=\"wpb_wrapper\">\n\t\t\t<p style=\"text-align: center;\">Szeretne keresni, mik\u00f6zben seg\u00edt egy v\u00e1llalkoz\u00e1snak \u00fczletet szerezni?<br \/>\nIratkozzon fel a Refer and Earn programunkra.<br \/>\nAj\u00e1nlja a Fulfillment Hub Magyarorsz\u00e1g c\u00e9get olyan c\u00e9gnek, akinek sz\u00fcks\u00e9ge van szolg\u00e1ltat\u00e1sainkra \u00e9s a forgalom ut\u00e1n 1% jutal\u00e9kot kap.<\/p>\n\n\t\t<\/div> \n\t<\/div> \n\t<div class=\"wpb_single_image wpb_content_element vc_align_center  vc_custom_1647847970016\">\n\t\t<div class=\"wpb_wrapper\">\n\t\t\t\n\t\t\t<div class=\"vc_single_image-wrapper   vc_box_border_grey\"><img width=\"944\" height=\"586\" src=\"https:\/\/fulfillmenthubhungary.com\/wp-content\/uploads\/2022\/03\/refer-and-earn.png\" class=\"vc_single_image-img attachment-full\" alt=\"refer-and-earn\" loading=\"lazy\" srcset=\"https:\/\/fulfillmenthubhungary.com\/wp-content\/uploads\/2022\/03\/refer-and-earn.png 944w, https:\/\/fulfillmenthubhungary.com\/wp-content\/uploads\/2022\/03\/refer-and-earn-300x186.png 300w, https:\/\/fulfillmenthubhungary.com\/wp-content\/uploads\/2022\/03\/refer-and-earn-768x477.png 768w, https:\/\/fulfillmenthubhungary.com\/wp-content\/uploads\/2022\/03\/refer-and-earn-700x435.png 700w\" sizes=\"(max-width: 944px) 100vw, 944px\" \/><\/div>\n\t\t<\/div>\n\t<\/div>\n<\/div><\/div><\/div><\/div><\/div><\/div><div      class=\"vc_row wpb_row section vc_row-fluid  vc_custom_1647857627286 grid_section\" style=' text-align:left;'><div class=\"section_inner clearfix\"><div class='section_inner_margin clearfix'><div class=\"wpb_column vc_column_container vc_col-sm-4\"><div class=\"vc_column-inner\"><div class=\"wpb_wrapper\">\n\t<div class=\"wpb_text_column wpb_content_element  refer_n_earn_form_text vc_custom_1647848360878\">\n\t\t<div class=\"wpb_wrapper\">\n\t\t\t<p>Az egyedi aj\u00e1nl\u00f3k\u00f3d\u00e9rt k\u00e9rj\u00fck, \u00edrjon nek\u00fcnk. Mindenki sz\u00e1m\u00e1ra el\u0151ny\u00f6s, ha egy v\u00e1llalkoz\u00e1st aj\u00e1nl sz\u00e1munkra; \u00d6n 1%-os jutal\u00e9kot kap, \u00e9s bar\u00e1tja megkapja a legjobb szolg\u00e1ltat\u00e1sokat Eur\u00f3p\u00e1ban.<\/p>\n\n\t\t<\/div> \n\t<\/div> \n\t<div class=\"wpb_text_column wpb_content_element  refer_n_earn_form_text vc_custom_1647848355349\">\n\t\t<div class=\"wpb_wrapper\">\n\t\t\t<p>Ha k\u00e9rd\u00e9sei vannak, <a style=\"color: #febd68; text-decoration: none;\" href=\"https:\/\/fulfillmenthubhungary.com\/hu\/contact-us\/\" target=\"_blank\" rel=\"noopener\">ne habozzon kapcsolatba l\u00e9pni vel\u00fcnk.<\/a> m\u00e9g ma.<\/p>\n\n\t\t<\/div> \n\t<\/div> <\/div><\/div><\/div><div class=\"seperator_refer wpb_column vc_column_container vc_col-sm-2 vc_hidden-sm vc_hidden-xs\"><div class=\"vc_column-inner\"><div class=\"wpb_wrapper\"><div class=\"qode_vertical_separator\" style=\"height: 300px;width: 4px;background-color: #ffb961\">\r\n<\/div><\/div><\/div><\/div><div class=\"wpb_column vc_column_container vc_col-sm-6\"><div class=\"vc_column-inner vc_custom_1647850025763\"><div class=\"wpb_wrapper\">\n\t<div class=\"wpb_raw_code wpb_content_element wpb_raw_html\" >\n\t\t<div class=\"wpb_wrapper\">\n\t\t\t<div><div class=\"frm_forms  with_frm_style frm_style_formidable-style\" id=\"frm_form_3_container\" data-token=\"2fa465f02d8044172089da8a0ac394c6\">\n<form enctype=\"multipart\/form-data\" method=\"post\" class=\"frm-show-form\" id=\"form_referandearn\"  data-token=\"2fa465f02d8044172089da8a0ac394c6\" action=\"\">\n<div class=\"frm_form_fields\">\n<fieldset>\n<legend class=\"frm_screen_reader\">Refer\u00e1ljon \u00e9s keressen<\/legend>\r\n\r\n<div class=\"frm_fields_container\">\n<input type=\"hidden\" name=\"frm_action\" value=\"create\" \/>\n<input type=\"hidden\" name=\"form_id\" value=\"3\" \/>\n<input type=\"hidden\" name=\"frm_hide_fields_3\" id=\"frm_hide_fields_3\" value=\"\" \/>\n<input type=\"hidden\" name=\"form_key\" value=\"referandearn\" \/>\n<input type=\"hidden\" name=\"item_meta[0]\" value=\"\" \/>\n<input type=\"hidden\" id=\"frm_submit_entry_3\" name=\"frm_submit_entry_3\" value=\"b3d484fa7a\" \/><input type=\"hidden\" name=\"_wp_http_referer\" value=\"\/hu\/wp-json\/wp\/v2\/pages\/956\" \/><div id=\"frm_field_20_container\" class=\"frm_form_field form-field  frm_required_field frm_top_container frm6 frm_first\">\r\n    <label for=\"field_ceo4e\" id=\"field_ceo4e_label\" class=\"frm_primary_label\">Keresztn\u00e9v\r\n        <span class=\"frm_required\" aria-hidden=\"true\">*<\/span>\r\n    <\/label>\r\n    <input type=\"text\" id=\"field_ceo4e\" name=\"item_meta[20]\" value=\"\"  data-reqmsg=\"Ez a mez\u0151 nem maradhat \u00fcresen.\" aria-required=\"true\" data-invmsg=\"Text is invalid\" aria-invalid=\"false\"  \/>\r\n    \r\n    \r\n<\/div>\n<div id=\"frm_field_19_container\" class=\"frm_form_field form-field  frm_required_field frm_top_container frm6\">\r\n    <label for=\"field_7zzt7\" id=\"field_7zzt7_label\" class=\"frm_primary_label\">Vezet\u00e9kn\u00e9v\r\n        <span class=\"frm_required\" aria-hidden=\"true\">*<\/span>\r\n    <\/label>\r\n    <input type=\"text\" id=\"field_7zzt7\" name=\"item_meta[19]\" value=\"\"  data-reqmsg=\"Ez a mez\u0151 nem maradhat \u00fcresen.\" aria-required=\"true\" data-invmsg=\"Text is invalid\" aria-invalid=\"false\"  \/>\r\n    \r\n    \r\n<\/div>\n<div id=\"frm_field_21_container\" class=\"frm_form_field form-field  frm_required_field frm_top_container\">\r\n    <label for=\"field_d1wjr\" id=\"field_d1wjr_label\" class=\"frm_primary_label\">Emailcim\r\n        <span class=\"frm_required\" aria-hidden=\"true\">*<\/span>\r\n    <\/label>\r\n    <input type=\"email\" id=\"field_d1wjr\" name=\"item_meta[21]\" value=\"\"  data-reqmsg=\"Ez a mez\u0151 nem maradhat \u00fcresen.\" aria-required=\"true\" data-invmsg=\"Email is invalid\" aria-invalid=\"false\"  \/>\r\n    \r\n    \r\n<\/div>\n<div id=\"frm_field_30_container\" class=\"frm_form_field  frm_html_container form-field\">\n<div id=\"unique_string\"><\/div>\n<\/div>\n<input type=\"hidden\" id=\"field_n0dqx\" name=\"item_meta[31]\" value=\"\"  data-invmsg=\"Referral Code is invalid\"  \/>\t<input type=\"hidden\" name=\"item_key\" value=\"\" \/>\n\t\t\t\t<div class=\"frm_verify\" aria-hidden=\"true\">\n\t\t\t\t<label for=\"frm_email_3\">\n\t\t\t\t\tIf you are human, leave this field blank.\t\t\t\t<\/label>\n\t\t\t\t<input type=\"text\" class=\"frm_verify\" id=\"frm_email_3\" name=\"frm_verify\" value=\"\"  \/>\n\t\t\t<\/div>\n\t\t<div class=\"frm_submit\">\r\n\r\n<button class=\"frm_button_submit button_orange\" type=\"submit\"  >K\u00fcld\u00e9s<\/button>\r\n\r\n<\/div><\/div>\n<\/fieldset>\n<\/div>\n<input type=\"hidden\" name=\"trp-form-language\" value=\"hu\"\/><\/form>\n<\/div>\n<\/div>\n\t\t<\/div>\n\t<\/div>\n<\/div><\/div><\/div><div class=\"wpb_column vc_column_container vc_col-sm-12\"><div class=\"vc_column-inner\"><div class=\"wpb_wrapper\">\n\t<div class=\"wpb_raw_code wpb_raw_js\" >\n\t\t<div class=\"wpb_wrapper\">\n\t\t\t\n<script src=\"https:\/\/cdnjs.cloudflare.com\/ajax\/libs\/jquery\/2.1.3\/jquery.min.js\"><\/script>             \n\n\t\t<\/div>\n\t<\/div>\n<div class=\"separator  normal\" style=\"background-color: #c4c4c4;height: 1px;\"><\/div>\n<\/div><\/div><\/div><\/div><\/div><\/div><div      class=\"vc_row wpb_row section vc_row-fluid  swap-on-mobile vc_custom_1651137858292 grid_section\" style=' text-align:left;'><div class=\"section_inner clearfix\"><div class='section_inner_margin clearfix'><div class=\"wpb_column vc_column_container vc_col-sm-6\"><div class=\"vc_column-inner\"><div class=\"wpb_wrapper\">\n\t<div class=\"wpb_text_column wpb_content_element\">\n\t\t<div class=\"wpb_wrapper\">\n\t\t\t<h2 class=\"section_heading_text\">Nem tal\u00e1lja a v\u00e1laszt a k\u00e9rd\u00e9s\u00e9re?<\/h2>\n<p>&nbsp;<\/p>\n<p class=\"section_description_text\">Forduljon vil\u00e1gsz\u00ednvonal\u00fa \u00fcgyf\u00e9lszolg\u00e1latunkhoz, hogy v\u00e1laszt kapjon.<\/p>\n\n\t\t<\/div> \n\t<\/div> <div      class=\"vc_row wpb_row section vc_row-fluid vc_inner  reverse_swap_on_mobile vc_custom_1651137942892\" style=' text-align:left;'><div class=\"full_section_inner clearfix\"><div class=\"wpb_column vc_column_container vc_col-sm-3\"><div class=\"vc_column-inner\"><div class=\"wpb_wrapper\"><a  itemprop=\"url\" href=\"\" target=\"_self\"  class=\"qbutton  default button_orange chat-button\" style=\"\">\u00c9l\u0151 chat<\/a><\/div><\/div><\/div><div class=\"wpb_column vc_column_container vc_col-sm-9\"><div class=\"vc_column-inner\"><div class=\"wpb_wrapper\">\n\t<div class=\"wpb_raw_code wpb_content_element wpb_raw_html\" >\n\t\t<div class=\"wpb_wrapper\">\n\t\t\t<p style=\"text-align: left;\"><a href=\"mailto:info@fulfillmenthubhungary.com\"><button class=\"button_blue button_blue_email\">EMAIL<\/button><\/a><\/p>\n\t\t<\/div>\n\t<\/div>\n<\/div><\/div><\/div><\/div><\/div>\n\t<div class=\"wpb_raw_code wpb_raw_js\" >\n\t\t<div class=\"wpb_wrapper\">\n\t\t\t<script>\n(function() { \ndocument.querySelector(\".chat-button\").addEventListener(\"click\", function() {\n    LiveChatWidget.call('maximize')\nevent.preventDefault();\n  });\n})();\n<\/script>\n\n\t\t<\/div>\n\t<\/div>\n<\/div><\/div><\/div><div class=\"wpb_column vc_column_container vc_col-sm-6\"><div class=\"vc_column-inner\"><div class=\"wpb_wrapper\">\n\t<div class=\"wpb_single_image wpb_content_element vc_align_center\">\n\t\t<div class=\"wpb_wrapper\">\n\t\t\t\n\t\t\t<div class=\"vc_single_image-wrapper   vc_box_border_grey\"><img width=\"944\" height=\"586\" src=\"https:\/\/fulfillmenthubhungary.com\/wp-content\/uploads\/2022\/03\/refer-and-earn.png\" class=\"vc_single_image-img attachment-full\" alt=\"refer-and-earn\" loading=\"lazy\" srcset=\"https:\/\/fulfillmenthubhungary.com\/wp-content\/uploads\/2022\/03\/refer-and-earn.png 944w, https:\/\/fulfillmenthubhungary.com\/wp-content\/uploads\/2022\/03\/refer-and-earn-300x186.png 300w, https:\/\/fulfillmenthubhungary.com\/wp-content\/uploads\/2022\/03\/refer-and-earn-768x477.png 768w, https:\/\/fulfillmenthubhungary.com\/wp-content\/uploads\/2022\/03\/refer-and-earn-700x435.png 700w\" sizes=\"(max-width: 944px) 100vw, 944px\" \/><\/div>\n\t\t<\/div>\n\t<\/div>\n<\/div><\/div><\/div><div class=\"wpb_column vc_column_container vc_col-sm-12 vc_hidden-md vc_hidden-sm vc_hidden-xs\"><div class=\"vc_column-inner\"><div class=\"wpb_wrapper\"><div class=\"separator  normal\" style=\"background-color: #c4c4c4;height: 1px;\"><\/div>\n<\/div><\/div><\/div><\/div><\/div><\/div><div      class=\"vc_row wpb_row section vc_row-fluid  vc_custom_1656482864179 grid_section\" style=' text-align:left;'><div class=\"section_inner clearfix\"><div class='section_inner_margin clearfix'><div class=\"wpb_column vc_column_container vc_col-sm-6\"><div class=\"vc_column-inner\"><div class=\"wpb_wrapper\">\n\t<div class=\"wpb_single_image wpb_content_element vc_align_center\">\n\t\t<div class=\"wpb_wrapper\">\n\t\t\t\n\t\t\t<div class=\"vc_single_image-wrapper   vc_box_border_grey\"><img width=\"664\" height=\"377\" src=\"https:\/\/fulfillmenthubhungary.com\/wp-content\/uploads\/2022\/03\/plans.png\" class=\"vc_single_image-img attachment-full\" alt=\"plans and prices\" loading=\"lazy\" srcset=\"https:\/\/fulfillmenthubhungary.com\/wp-content\/uploads\/2022\/03\/plans.png 664w, https:\/\/fulfillmenthubhungary.com\/wp-content\/uploads\/2022\/03\/plans-300x170.png 300w\" sizes=\"(max-width: 664px) 100vw, 664px\" \/><\/div>\n\t\t<\/div>\n\t<\/div>\n<\/div><\/div><\/div><div class=\"wpb_column vc_column_container vc_col-sm-6\"><div class=\"vc_column-inner\"><div class=\"wpb_wrapper\">\n\t<div class=\"wpb_text_column wpb_content_element\">\n\t\t<div class=\"wpb_wrapper\">\n\t\t\t<h2 class=\"section_heading_text\">Nem tal\u00e1lja a v\u00e1laszt a k\u00e9rd\u00e9s\u00e9re?<\/h2>\n<p>&nbsp;<\/p>\n<p class=\"section_description_text\">Forduljon vil\u00e1gsz\u00ednvonal\u00fa \u00fcgyf\u00e9lszolg\u00e1latunkhoz, hogy v\u00e1laszt kapjon.<\/p>\n\n\t\t<\/div> \n\t<\/div> <a  itemprop=\"url\" href=\"https:\/\/fulfillmenthubhungary.com\/hu\/pricing\/\" target=\"_self\"  class=\"qbutton  default button_orange\" style=\"margin: 10px 0px 10px 0px; \">Tudj meg t\u00f6bbet<\/a><\/div><\/div><\/div><\/div><\/div><\/div><div      class=\"vc_row wpb_row section vc_row-fluid\" style=' text-align:left;'><div class=\"full_section_inner clearfix\"><div class=\"wpb_column vc_column_container vc_col-sm-12\"><div class=\"vc_column-inner\"><div class=\"wpb_wrapper\"><div class=\"separator  normal\" style=\"background-color: #fdbd69;height: 2px;\"><\/div>\n<\/div><\/div><\/div><\/div><\/div>","protected":false},"excerpt":{"rendered":"Refer and Earn Want to earn while helping a business in need? Sign up for our Refer and Earn program. Refer Fulfillment Hub Hungary to a company that needs our services and earns a 1% commission. For your unique referral code, kindly write to us....","protected":false},"author":3,"featured_media":0,"parent":0,"menu_order":0,"comment_status":"closed","ping_status":"closed","template":"full_width.php","meta":[],"yoast_head":"<!-- This site is optimized with the Yoast SEO plugin v19.10 - https:\/\/yoast.com\/wordpress\/plugins\/seo\/ -->\n<title>Refer and Earn | Fulfillment Hub Hungary Referral Program\u00a0<\/title>\n<meta name=\"description\" content=\"Earn a commission by referring others. Do you know a company that could benefit from our services? Refer and earn money with Fulfillment Hub Hungary\u2019s referral programme.\u00a0\" \/>\n<meta name=\"robots\" content=\"index, follow, max-snippet:-1, max-image-preview:large, max-video-preview:-1\" \/>\n<link rel=\"canonical\" href=\"https:\/\/fulfillmenthubhungary.com\/hu\/refer-and-earn\/\" \/>\n<meta property=\"og:locale\" content=\"hu_HU\" \/>\n<meta property=\"og:type\" content=\"article\" \/>\n<meta property=\"og:title\" content=\"Refer and Earn | Fulfillment Hub Hungary Referral Program\u00a0\" \/>\n<meta property=\"og:description\" content=\"Earn a commission by referring others. Do you know a company that could benefit from our services? Refer and earn money with Fulfillment Hub Hungary\u2019s referral programme.\u00a0\" \/>\n<meta property=\"og:url\" content=\"https:\/\/fulfillmenthubhungary.com\/hu\/refer-and-earn\/\" \/>\n<meta property=\"og:site_name\" content=\"Affordable Fulfillment Center in Europe\" \/>\n<meta property=\"article:modified_time\" content=\"2022-06-29T06:07:45+00:00\" \/>\n<meta name=\"twitter:card\" content=\"summary_large_image\" \/>\n<meta name=\"twitter:label1\" content=\"Becs\u00fclt olvas\u00e1si id\u0151\" \/>\n\t<meta name=\"twitter:data1\" content=\"2 perc\" \/>\n<script type=\"application\/ld+json\" class=\"yoast-schema-graph\">{\"@context\":\"https:\/\/schema.org\",\"@graph\":[{\"@type\":\"WebPage\",\"@id\":\"https:\/\/fulfillmenthubhungary.com\/refer-and-earn\/\",\"url\":\"https:\/\/fulfillmenthubhungary.com\/refer-and-earn\/\",\"name\":\"Refer and Earn | Fulfillment Hub Hungary Referral Program\u00a0\",\"isPartOf\":{\"@id\":\"https:\/\/fulfillmenthubhungary.com\/#website\"},\"datePublished\":\"2022-03-21T07:13:46+00:00\",\"dateModified\":\"2022-06-29T06:07:45+00:00\",\"description\":\"Earn a commission by referring others. Do you know a company that could benefit from our services? Refer and earn money with Fulfillment Hub Hungary\u2019s referral programme.\u00a0\",\"breadcrumb\":{\"@id\":\"https:\/\/fulfillmenthubhungary.com\/refer-and-earn\/#breadcrumb\"},\"inLanguage\":\"hu\",\"potentialAction\":[{\"@type\":\"ReadAction\",\"target\":[\"https:\/\/fulfillmenthubhungary.com\/refer-and-earn\/\"]}]},{\"@type\":\"BreadcrumbList\",\"@id\":\"https:\/\/fulfillmenthubhungary.com\/refer-and-earn\/#breadcrumb\",\"itemListElement\":[{\"@type\":\"ListItem\",\"position\":1,\"name\":\"Home\",\"item\":\"https:\/\/fulfillmenthubhungary.com\/\"},{\"@type\":\"ListItem\",\"position\":2,\"name\":\"Refer and Earn\"}]},{\"@type\":\"WebSite\",\"@id\":\"https:\/\/fulfillmenthubhungary.com\/#website\",\"url\":\"https:\/\/fulfillmenthubhungary.com\/\",\"name\":\"Affordable Fulfillment Center in Europe\",\"description\":\"Your eCommerce Fulfillment Partner for scalable and consistent growth\",\"publisher\":{\"@id\":\"https:\/\/fulfillmenthubhungary.com\/#organization\"},\"potentialAction\":[{\"@type\":\"SearchAction\",\"target\":{\"@type\":\"EntryPoint\",\"urlTemplate\":\"https:\/\/fulfillmenthubhungary.com\/?s={search_term_string}\"},\"query-input\":\"required name=search_term_string\"}],\"inLanguage\":\"hu\"},{\"@type\":\"Organization\",\"@id\":\"https:\/\/fulfillmenthubhungary.com\/#organization\",\"name\":\"Fulfillment Hub Hungary\",\"url\":\"https:\/\/fulfillmenthubhungary.com\/\",\"logo\":{\"@type\":\"ImageObject\",\"inLanguage\":\"hu\",\"@id\":\"https:\/\/fulfillmenthubhungary.com\/#\/schema\/logo\/image\/\",\"url\":\"https:\/\/fulfillmenthubhungary.com\/wp-content\/uploads\/2022\/03\/LOGO_FFH.png\",\"contentUrl\":\"https:\/\/fulfillmenthubhungary.com\/wp-content\/uploads\/2022\/03\/LOGO_FFH.png\",\"width\":124,\"height\":52,\"caption\":\"Fulfillment Hub Hungary\"},\"image\":{\"@id\":\"https:\/\/fulfillmenthubhungary.com\/#\/schema\/logo\/image\/\"}}]}<\/script>\n<!-- \/ Yoast SEO plugin. -->","yoast_head_json":{"title":"Refer and Earn | Fulfillment Hub Hungary Referral Program\u00a0","description":"Earn a commission by referring others. Do you know a company that could benefit from our services? Refer and earn money with Fulfillment Hub Hungary\u2019s referral programme.\u00a0","robots":{"index":"index","follow":"follow","max-snippet":"max-snippet:-1","max-image-preview":"max-image-preview:large","max-video-preview":"max-video-preview:-1"},"canonical":"https:\/\/fulfillmenthubhungary.com\/hu\/refer-and-earn\/","og_locale":"hu_HU","og_type":"article","og_title":"Refer and Earn | Fulfillment Hub Hungary Referral Program\u00a0","og_description":"Earn a commission by referring others. Do you know a company that could benefit from our services? Refer and earn money with Fulfillment Hub Hungary\u2019s referral programme.\u00a0","og_url":"https:\/\/fulfillmenthubhungary.com\/hu\/refer-and-earn\/","og_site_name":"Affordable Fulfillment Center in Europe","article_modified_time":"2022-06-29T06:07:45+00:00","twitter_card":"summary_large_image","twitter_misc":{"Becs\u00fclt olvas\u00e1si id\u0151":"2 perc"},"schema":{"@context":"https:\/\/schema.org","@graph":[{"@type":"WebPage","@id":"https:\/\/fulfillmenthubhungary.com\/refer-and-earn\/","url":"https:\/\/fulfillmenthubhungary.com\/refer-and-earn\/","name":"Refer and Earn | Fulfillment Hub Hungary Referral Program\u00a0","isPartOf":{"@id":"https:\/\/fulfillmenthubhungary.com\/#website"},"datePublished":"2022-03-21T07:13:46+00:00","dateModified":"2022-06-29T06:07:45+00:00","description":"Earn a commission by referring others. Do you know a company that could benefit from our services? Refer and earn money with Fulfillment Hub Hungary\u2019s referral programme.\u00a0","breadcrumb":{"@id":"https:\/\/fulfillmenthubhungary.com\/refer-and-earn\/#breadcrumb"},"inLanguage":"hu","potentialAction":[{"@type":"ReadAction","target":["https:\/\/fulfillmenthubhungary.com\/refer-and-earn\/"]}]},{"@type":"BreadcrumbList","@id":"https:\/\/fulfillmenthubhungary.com\/refer-and-earn\/#breadcrumb","itemListElement":[{"@type":"ListItem","position":1,"name":"Home","item":"https:\/\/fulfillmenthubhungary.com\/"},{"@type":"ListItem","position":2,"name":"Refer and Earn"}]},{"@type":"WebSite","@id":"https:\/\/fulfillmenthubhungary.com\/#website","url":"https:\/\/fulfillmenthubhungary.com\/","name":"Affordable Fulfillment Center in Europe","description":"Your eCommerce Fulfillment Partner for scalable and consistent growth","publisher":{"@id":"https:\/\/fulfillmenthubhungary.com\/#organization"},"potentialAction":[{"@type":"SearchAction","target":{"@type":"EntryPoint","urlTemplate":"https:\/\/fulfillmenthubhungary.com\/?s={search_term_string}"},"query-input":"required name=search_term_string"}],"inLanguage":"hu"},{"@type":"Organization","@id":"https:\/\/fulfillmenthubhungary.com\/#organization","name":"Fulfillment Hub Hungary","url":"https:\/\/fulfillmenthubhungary.com\/","logo":{"@type":"ImageObject","inLanguage":"hu","@id":"https:\/\/fulfillmenthubhungary.com\/#\/schema\/logo\/image\/","url":"https:\/\/fulfillmenthubhungary.com\/wp-content\/uploads\/2022\/03\/LOGO_FFH.png","contentUrl":"https:\/\/fulfillmenthubhungary.com\/wp-content\/uploads\/2022\/03\/LOGO_FFH.png","width":124,"height":52,"caption":"Fulfillment Hub Hungary"},"image":{"@id":"https:\/\/fulfillmenthubhungary.com\/#\/schema\/logo\/image\/"}}]}},"_links":{"self":[{"href":"https:\/\/fulfillmenthubhungary.com\/hu\/wp-json\/wp\/v2\/pages\/956"}],"collection":[{"href":"https:\/\/fulfillmenthubhungary.com\/hu\/wp-json\/wp\/v2\/pages"}],"about":[{"href":"https:\/\/fulfillmenthubhungary.com\/hu\/wp-json\/wp\/v2\/types\/page"}],"author":[{"embeddable":true,"href":"https:\/\/fulfillmenthubhungary.com\/hu\/wp-json\/wp\/v2\/users\/3"}],"replies":[{"embeddable":true,"href":"https:\/\/fulfillmenthubhungary.com\/hu\/wp-json\/wp\/v2\/comments?post=956"}],"version-history":[{"count":62,"href":"https:\/\/fulfillmenthubhungary.com\/hu\/wp-json\/wp\/v2\/pages\/956\/revisions"}],"predecessor-version":[{"id":2197,"href":"https:\/\/fulfillmenthubhungary.com\/hu\/wp-json\/wp\/v2\/pages\/956\/revisions\/2197"}],"wp:attachment":[{"href":"https:\/\/fulfillmenthubhungary.com\/hu\/wp-json\/wp\/v2\/media?parent=956"}],"curies":[{"name":"wp","href":"https:\/\/api.w.org\/{rel}","templated":true}]}}