{"id":903,"date":"2022-03-21T06:34:47","date_gmt":"2022-03-21T06:34:47","guid":{"rendered":"https:\/\/fulfillmenthubhungary.com\/?page_id=903"},"modified":"2022-11-30T08:33:47","modified_gmt":"2022-11-30T08:33:47","slug":"print-on-demand","status":"publish","type":"page","link":"https:\/\/fulfillmenthubhungary.com\/hu\/print-on-demand\/","title":{"rendered":"Print On Demand"},"content":{"rendered":"<div      class=\"vc_row wpb_row section vc_row-fluid  banner_section vc_custom_1647843967357\" style=' text-align:left;'><div class=\"full_section_inner clearfix\"><div class=\"wpb_column vc_column_container vc_col-sm-12\"><div class=\"vc_column-inner\"><div class=\"wpb_wrapper\">\n\t<div class=\"wpb_text_column wpb_content_element\">\n\t\t<div class=\"wpb_wrapper\">\n\t\t\t<h1 class=\"banner_title\" style=\"text-align: center;\">Ig\u00e9ny szerint dolgozunk<\/h1>\n<div class=\"divider_line\"><\/div>\n<p class=\"banner_txt\" style=\"text-align: center;\">\u00d6n tervez, mi sz\u00e1ll\u00edtunk<\/p>\n\n\t\t<\/div> \n\t<\/div> <\/div><\/div><\/div><\/div><\/div><div      class=\"vc_row wpb_row section vc_row-fluid  m-mt-0 vc_custom_1669797149541 grid_section\" style=' text-align:left;'><div class=\"section_inner clearfix\"><div class='section_inner_margin clearfix'><div class=\"wpb_column vc_column_container vc_col-sm-6\"><div class=\"vc_column-inner\"><div class=\"wpb_wrapper\">\n\t<div class=\"wpb_single_image wpb_content_element vc_align_center\">\n\t\t<div class=\"wpb_wrapper\">\n\t\t\t\n\t\t\t<div class=\"vc_single_image-wrapper   vc_box_border_grey\"><img width=\"557\" height=\"346\" src=\"https:\/\/fulfillmenthubhungary.com\/wp-content\/uploads\/2022\/03\/inner_print_services_img_1.png\" class=\"vc_single_image-img attachment-large\" alt=\"print_services\" loading=\"lazy\" srcset=\"https:\/\/fulfillmenthubhungary.com\/wp-content\/uploads\/2022\/03\/inner_print_services_img_1.png 557w, https:\/\/fulfillmenthubhungary.com\/wp-content\/uploads\/2022\/03\/inner_print_services_img_1-300x186.png 300w\" sizes=\"(max-width: 557px) 100vw, 557px\" \/><\/div>\n\t\t<\/div>\n\t<\/div>\n<\/div><\/div><\/div><div class=\"wpb_column vc_column_container vc_col-sm-6\"><div class=\"vc_column-inner\"><div class=\"wpb_wrapper\">\n\t<div class=\"wpb_text_column wpb_content_element  vc_custom_1647844050527\">\n\t\t<div class=\"wpb_wrapper\">\n\t\t\t<h3 class=\"sub_service_title\">Az \u00d6n ig\u00e9nye szerint<\/h3>\n<p>&nbsp;<\/p>\n<p class=\"sub_service_txt\">Meg\u00e9rtj\u00fck az id\u0151 \u00e9s a p\u00e9nz jelent\u0151s\u00e9g\u00e9t. Ez\u00e9rt az \u00d6n ig\u00e9nye szerinti legjobb megold\u00e1st biztos\u00edtjuk \u00d6nnek. El\u0151sz\u00f6r megtervezi elk\u00e9pzel\u00e9s\u00e9t \u00e9s megosztja vel\u00fcnk a k\u00f6vetelm\u00e9nyeket. Ezt k\u00f6vet\u0151en csapatunk a rendel\u00e9s meg\u00e9rkez\u00e9sekor azonnal neki\u00e1ll a munk\u00e1nak.<\/p>\n\n\t\t<\/div> \n\t<\/div> <\/div><\/div><\/div><\/div><\/div><\/div><div      class=\"vc_row wpb_row section vc_row-fluid  grid_section\" style=' text-align:left;'><div class=\"section_inner clearfix\"><div class='section_inner_margin clearfix'><div class=\"wpb_column vc_column_container vc_col-sm-12\"><div class=\"vc_column-inner\"><div class=\"wpb_wrapper\"><div class=\"separator m-m-0 normal\" style=\"margin-top: 30px;margin-bottom: 30px;background-color: #c4c4c4;height: 1px;\"><\/div>\n<\/div><\/div><\/div><\/div><\/div><\/div><div      class=\"vc_row wpb_row section vc_row-fluid  swap-on-mobile m-mt-0 vc_custom_1669797155049 grid_section\" style=' text-align:left;'><div class=\"section_inner clearfix\"><div class='section_inner_margin clearfix'><div class=\"wpb_column vc_column_container vc_col-sm-6\"><div class=\"vc_column-inner\"><div class=\"wpb_wrapper\">\n\t<div class=\"wpb_text_column wpb_content_element  vc_custom_1647844072848\">\n\t\t<div class=\"wpb_wrapper\">\n\t\t\t<h3 class=\"sub_service_title\">Takar\u00edtson meg  rakt\u00e1rhelyet vel\u00fcnk<\/h3>\n<p>&nbsp;<\/p>\n<p class=\"sub_service_txt\">Ha partners\u00e9gre l\u00e9p vel\u00fcnk ig\u00e9ny szerinti megold\u00e1sai \u00fcgy\u00e9ben, akkor \u00e1tadja nek\u00fcnk a t\u00e1rol\u00e1ssal, a nyomtat\u00e1s be\u00e1ll\u00edt\u00e1s\u00e1val \u00e9s a min\u0151s\u00e9gi karbantart\u00e1ssal kapcsolatos gondjait. Nagy \u00e9s biztons\u00e1gos rakt\u00e1raink b\u00e1rmikor alkalmasak hatalmas rendel\u00e9sek kezel\u00e9s\u00e9re.<\/p>\n\n\t\t<\/div> \n\t<\/div> <\/div><\/div><\/div><div class=\"wpb_column vc_column_container vc_col-sm-6\"><div class=\"vc_column-inner\"><div class=\"wpb_wrapper\">\n\t<div class=\"wpb_single_image wpb_content_element vc_align_center\">\n\t\t<div class=\"wpb_wrapper\">\n\t\t\t\n\t\t\t<div class=\"vc_single_image-wrapper   vc_box_border_grey\"><img width=\"557\" height=\"347\" src=\"https:\/\/fulfillmenthubhungary.com\/wp-content\/uploads\/2022\/03\/inner_print_services_img_2.png\" class=\"vc_single_image-img attachment-large\" alt=\"print_services\" loading=\"lazy\" srcset=\"https:\/\/fulfillmenthubhungary.com\/wp-content\/uploads\/2022\/03\/inner_print_services_img_2.png 557w, https:\/\/fulfillmenthubhungary.com\/wp-content\/uploads\/2022\/03\/inner_print_services_img_2-300x187.png 300w\" sizes=\"(max-width: 557px) 100vw, 557px\" \/><\/div>\n\t\t<\/div>\n\t<\/div>\n<\/div><\/div><\/div><\/div><\/div><\/div><div      class=\"vc_row wpb_row section vc_row-fluid  grid_section\" style=' text-align:left;'><div class=\"section_inner clearfix\"><div class='section_inner_margin clearfix'><div class=\"wpb_column vc_column_container vc_col-sm-12\"><div class=\"vc_column-inner\"><div class=\"wpb_wrapper\"><div class=\"separator m-m-0 normal\" style=\"margin-top: 30px;margin-bottom: 30px;background-color: #c4c4c4;height: 1px;\"><\/div>\n<\/div><\/div><\/div><\/div><\/div><\/div><div      class=\"vc_row wpb_row section vc_row-fluid  m-mt-0 vc_custom_1669797160401 grid_section\" style=' text-align:left;'><div class=\"section_inner clearfix\"><div class='section_inner_margin clearfix'><div class=\"wpb_column vc_column_container vc_col-sm-6\"><div class=\"vc_column-inner\"><div class=\"wpb_wrapper\">\n\t<div class=\"wpb_single_image wpb_content_element vc_align_center\">\n\t\t<div class=\"wpb_wrapper\">\n\t\t\t\n\t\t\t<div class=\"vc_single_image-wrapper   vc_box_border_grey\"><img width=\"533\" height=\"345\" src=\"https:\/\/fulfillmenthubhungary.com\/wp-content\/uploads\/2022\/03\/inner_print_services_img_3.png\" class=\"vc_single_image-img attachment-large\" alt=\"print_services\" loading=\"lazy\" srcset=\"https:\/\/fulfillmenthubhungary.com\/wp-content\/uploads\/2022\/03\/inner_print_services_img_3.png 533w, https:\/\/fulfillmenthubhungary.com\/wp-content\/uploads\/2022\/03\/inner_print_services_img_3-300x194.png 300w, https:\/\/fulfillmenthubhungary.com\/wp-content\/uploads\/2022\/03\/inner_print_services_img_3-400x260.png 400w\" sizes=\"(max-width: 533px) 100vw, 533px\" \/><\/div>\n\t\t<\/div>\n\t<\/div>\n<\/div><\/div><\/div><div class=\"wpb_column vc_column_container vc_col-sm-6\"><div class=\"vc_column-inner\"><div class=\"wpb_wrapper\">\n\t<div class=\"wpb_text_column wpb_content_element  vc_custom_1647844101983\">\n\t\t<div class=\"wpb_wrapper\">\n\t\t\t<h3 class=\"sub_service_title\">K\u00edn\u00e1ljon szem\u00e9lyre szabott \u00e9lm\u00e9nyt \u00fcgyfeleinek<\/h3>\n<p>&nbsp;<\/p>\n<p class=\"sub_service_txt\">Ha egyedi term\u00e9keket k\u00edn\u00e1l \u00fcgyfeleinek, h\u0171s\u00e9gesebbek lesznek  m\u00e1rk\u00e1j\u00e1hoz. A testreszabott szolg\u00e1ltat\u00e1sok emelik m\u00e1rk\u00e1j\u00e1nak a sz\u00ednvonal\u00e1t. Ezen t\u00falmen\u0151en, ha ig\u00e9ny szerinti egyedi szolg\u00e1ltat\u00e1sok\u00e9rt regisztr\u00e1l n\u00e1lunk, pr\u00e9mium min\u0151s\u00e9get \u00e9s pontos sz\u00e1ll\u00edt\u00e1st biztos\u00edtunk.<\/p>\n\n\t\t<\/div> \n\t<\/div> <\/div><\/div><\/div><\/div><\/div><\/div><div      class=\"vc_row wpb_row section vc_row-fluid  grid_section\" style=' text-align:left;'><div class=\"section_inner clearfix\"><div class='section_inner_margin clearfix'><div class=\"wpb_column vc_column_container vc_col-sm-12\"><div class=\"vc_column-inner\"><div class=\"wpb_wrapper\"><div class=\"separator m-m-0 normal\" style=\"margin-top: 30px;margin-bottom: 30px;background-color: #c4c4c4;height: 1px;\"><\/div>\n<\/div><\/div><\/div><\/div><\/div><\/div><div      class=\"vc_row wpb_row section vc_row-fluid  swap-on-mobile m-mt-0 vc_custom_1669797165641 grid_section\" style=' text-align:left;'><div class=\"section_inner clearfix\"><div class='section_inner_margin clearfix'><div class=\"wpb_column vc_column_container vc_col-sm-6\"><div class=\"vc_column-inner\"><div class=\"wpb_wrapper\">\n\t<div class=\"wpb_text_column wpb_content_element  vc_custom_1647844126175\">\n\t\t<div class=\"wpb_wrapper\">\n\t\t\t<h3 class=\"sub_service_title\">Tervez\u00e9s, t\u00e1rol\u00e1s, sz\u00e1ll\u00edt\u00e1s<\/h3>\n<p>&nbsp;<\/p>\n<p class=\"sub_service_txt\">Sz\u00e1mos rakt\u00e1roz\u00e1si szolg\u00e1ltat\u00e1st k\u00edn\u00e1lunk, p\u00e9ld\u00e1ul e-kereskedelmi fulfillmentet, t\u00e1rol\u00e1st, biztons\u00e1got, sz\u00e1ll\u00edt\u00e1st \u00e9s biztos\u00edt\u00e1st. V\u00e1laszthat az \u00f6sszes szolg\u00e1ltat\u00e1s k\u00f6z\u00fcl \u00e9s biztos\u00edtjuk term\u00e9kei biztons\u00e1gos sz\u00e1ll\u00edt\u00e1s\u00e1t \u00fcgyfeleihez. V\u00e1laszthat rakt\u00e1ri t\u00e1rol\u00f3hely megold\u00e1saink k\u00f6z\u00fcl is.<\/p>\n\n\t\t<\/div> \n\t<\/div> <\/div><\/div><\/div><div class=\"wpb_column vc_column_container vc_col-sm-6\"><div class=\"vc_column-inner\"><div class=\"wpb_wrapper\">\n\t<div class=\"wpb_single_image wpb_content_element vc_align_center\">\n\t\t<div class=\"wpb_wrapper\">\n\t\t\t\n\t\t\t<div class=\"vc_single_image-wrapper   vc_box_border_grey\"><img width=\"557\" height=\"348\" src=\"https:\/\/fulfillmenthubhungary.com\/wp-content\/uploads\/2022\/03\/inner_print_services_img_4.png\" class=\"vc_single_image-img attachment-large\" alt=\"print_services\" loading=\"lazy\" srcset=\"https:\/\/fulfillmenthubhungary.com\/wp-content\/uploads\/2022\/03\/inner_print_services_img_4.png 557w, https:\/\/fulfillmenthubhungary.com\/wp-content\/uploads\/2022\/03\/inner_print_services_img_4-300x187.png 300w\" sizes=\"(max-width: 557px) 100vw, 557px\" \/><\/div>\n\t\t<\/div>\n\t<\/div>\n<\/div><\/div><\/div><\/div><\/div><\/div><div      class=\"vc_row wpb_row section vc_row-fluid  grid_section\" style=' text-align:left;'><div class=\"section_inner clearfix\"><div class='section_inner_margin clearfix'><div class=\"wpb_column vc_column_container vc_col-sm-12\"><div class=\"vc_column-inner\"><div class=\"wpb_wrapper\"><div class=\"separator m-m-0 normal\" style=\"margin-top: 30px;margin-bottom: 30px;background-color: #c4c4c4;height: 1px;\"><\/div>\n<\/div><\/div><\/div><\/div><\/div><\/div><div      class=\"vc_row wpb_row section vc_row-fluid  m-mt-0 vc_custom_1669797170952 grid_section\" style=' text-align:left;'><div class=\"section_inner clearfix\"><div class='section_inner_margin clearfix'><div class=\"wpb_column vc_column_container vc_col-sm-6\"><div class=\"vc_column-inner\"><div class=\"wpb_wrapper\">\n\t<div class=\"wpb_single_image wpb_content_element vc_align_center\">\n\t\t<div class=\"wpb_wrapper\">\n\t\t\t\n\t\t\t<div class=\"vc_single_image-wrapper   vc_box_border_grey\"><img width=\"1024\" height=\"483\" src=\"https:\/\/fulfillmenthubhungary.com\/wp-content\/uploads\/2022\/03\/contact-us-hero-image-1024x483.png\" class=\"vc_single_image-img attachment-large\" alt=\"contact Us\" loading=\"lazy\" srcset=\"https:\/\/fulfillmenthubhungary.com\/wp-content\/uploads\/2022\/03\/contact-us-hero-image-1024x483.png 1024w, https:\/\/fulfillmenthubhungary.com\/wp-content\/uploads\/2022\/03\/contact-us-hero-image-300x141.png 300w, https:\/\/fulfillmenthubhungary.com\/wp-content\/uploads\/2022\/03\/contact-us-hero-image-768x362.png 768w, https:\/\/fulfillmenthubhungary.com\/wp-content\/uploads\/2022\/03\/contact-us-hero-image-700x330.png 700w, https:\/\/fulfillmenthubhungary.com\/wp-content\/uploads\/2022\/03\/contact-us-hero-image.png 1124w\" sizes=\"(max-width: 1024px) 100vw, 1024px\" \/><\/div>\n\t\t<\/div>\n\t<\/div>\n<\/div><\/div><\/div><div class=\"wpb_column vc_column_container vc_col-sm-6\"><div class=\"vc_column-inner\"><div class=\"wpb_wrapper\">\n\t<div class=\"wpb_text_column wpb_content_element  vc_custom_1647844410788\">\n\t\t<div class=\"wpb_wrapper\">\n\t\t\t<h2 class=\"bottom_CTA_title\">Val\u00f3s\u00edtsa meg szenved\u00e9ly\u00e9t s\u00fcrg\u0151sen!<\/h2>\n\n\t\t<\/div> \n\t<\/div> <a  itemprop=\"url\" href=\"https:\/\/fulfillmenthubhungary.com\/hu\/contact-us\/\" target=\"_self\"  class=\"qbutton  center default button_orange\" style=\"margin: 10px 0px 20px 0px; \">L\u00e9pjen kapcsolatba vel\u00fcnk<\/a><\/div><\/div><\/div><\/div><\/div><\/div><div      class=\"vc_row wpb_row section vc_row-fluid  grid_section\" style=' text-align:left;'><div class=\"section_inner clearfix\"><div class='section_inner_margin clearfix'><div class=\"wpb_column vc_column_container vc_col-sm-12\"><div class=\"vc_column-inner\"><div class=\"wpb_wrapper\"><div class=\"separator m-m-0 normal\" style=\"margin-top: 30px;margin-bottom: 30px;background-color: #c4c4c4;height: 1px;\"><\/div>\n<\/div><\/div><\/div><\/div><\/div><\/div><div      class=\"vc_row wpb_row section vc_row-fluid  m-mt-0 vc_custom_1669797175720 grid_section\" style=' text-align:left;'><div class=\"section_inner clearfix\"><div class='section_inner_margin clearfix'><div class=\"wpb_column vc_column_container vc_col-sm-6\"><div class=\"vc_column-inner\"><div class=\"wpb_wrapper\">\n\t<div class=\"wpb_text_column wpb_content_element  vc_custom_1647844439812\">\n\t\t<div class=\"wpb_wrapper\">\n\t\t\t<h2 class=\"bottom_CTA_title\">Tekintse meg \u00e1tl\u00e1that\u00f3 terveinket  \u00e9s \u00e1rainkat<\/h2>\n\n\t\t<\/div> \n\t<\/div> <div class=\"separator  normal\" style=\"margin-top: 15px;margin-bottom: 15px;background-color: #c4c4c4;height: 1px;\"><\/div>\n\n\t<div class=\"wpb_text_column wpb_content_element\">\n\t\t<div class=\"wpb_wrapper\">\n\t\t\t<p class=\"sub_service_txt\">Sz\u00edvesen seg\u00edt\u00fcnk a v\u00e1llalkoz\u00e1soknak abban, hogy \u00e1tl\u00e1that\u00f3 \u00e1rakkal az orsz\u00e1g legjobb logisztikai t\u00e1mogat\u00e1s\u00e1t kapj\u00e1k. \u00dcgyfeleink glob\u00e1lisak, \u00e9s az \u0151 bizalmuk az, ami miatt t\u00f6bbre t\u00f6reksz\u00fcnk. Kiv\u00e1laszthat egy alap\u00e1rat \u00e9s \u00e9p\u00edthet r\u00e1, vagy vegye fel vel\u00fcnk a  kapcsolatot, hogy egyedi \u00e1raj\u00e1nlatot k\u00e9rjen.<\/p>\n\n\t\t<\/div> \n\t<\/div> <a  itemprop=\"url\" href=\"https:\/\/fulfillmenthubhungary.com\/hu\/pricing\/\" target=\"_self\"  class=\"qbutton  center default button_orange\" style=\"margin: 10px 0px 20px 0px; \">TUDJON MEG T\u00d6BBET<\/a><\/div><\/div><\/div><div class=\"wpb_column vc_column_container vc_col-sm-6\"><div class=\"vc_column-inner\"><div class=\"wpb_wrapper\">\n\t<div class=\"wpb_single_image wpb_content_element vc_align_center\">\n\t\t<div class=\"wpb_wrapper\">\n\t\t\t\n\t\t\t<div class=\"vc_single_image-wrapper   vc_box_border_grey\"><img width=\"664\" height=\"377\" src=\"https:\/\/fulfillmenthubhungary.com\/wp-content\/uploads\/2022\/03\/plans.png\" class=\"vc_single_image-img attachment-large\" alt=\"plans and prices\" loading=\"lazy\" srcset=\"https:\/\/fulfillmenthubhungary.com\/wp-content\/uploads\/2022\/03\/plans.png 664w, https:\/\/fulfillmenthubhungary.com\/wp-content\/uploads\/2022\/03\/plans-300x170.png 300w\" sizes=\"(max-width: 664px) 100vw, 664px\" \/><\/div>\n\t\t<\/div>\n\t<\/div>\n<\/div><\/div><\/div><\/div><\/div><\/div>","protected":false},"excerpt":{"rendered":"Print-On-Demand You design, we deliver We Print on Demand &nbsp; We understand the value of time and money. Therefore, we provide you with the option of printing on demand. First, you design your products and share the requirements with us. Afterward, our team gets started...","protected":false},"author":3,"featured_media":0,"parent":0,"menu_order":0,"comment_status":"closed","ping_status":"closed","template":"full_width.php","meta":[],"yoast_head":"<!-- This site is optimized with the Yoast SEO plugin v19.10 - https:\/\/yoast.com\/wordpress\/plugins\/seo\/ -->\n<title>Print on Demand Services | Fulfillment Hub Hungary\u00a0<\/title>\n<meta name=\"description\" content=\": Printing on demand is an excellent way to save money, time, and space. When you can print on demand, there is no need to pay for inventory.\u00a0\" \/>\n<meta name=\"robots\" content=\"index, follow, max-snippet:-1, max-image-preview:large, max-video-preview:-1\" \/>\n<link rel=\"canonical\" href=\"https:\/\/fulfillmenthubhungary.com\/hu\/print-on-demand\/\" \/>\n<meta property=\"og:locale\" content=\"hu_HU\" \/>\n<meta property=\"og:type\" content=\"article\" \/>\n<meta property=\"og:title\" content=\"Print on Demand Services | Fulfillment Hub Hungary\u00a0\" \/>\n<meta property=\"og:description\" content=\": Printing on demand is an excellent way to save money, time, and space. When you can print on demand, there is no need to pay for inventory.\u00a0\" \/>\n<meta property=\"og:url\" content=\"https:\/\/fulfillmenthubhungary.com\/hu\/print-on-demand\/\" \/>\n<meta property=\"og:site_name\" content=\"Affordable Fulfillment Center in Europe\" \/>\n<meta property=\"article:modified_time\" content=\"2022-11-30T08:33:47+00:00\" \/>\n<meta name=\"twitter:card\" content=\"summary_large_image\" \/>\n<meta name=\"twitter:label1\" content=\"Becs\u00fclt olvas\u00e1si id\u0151\" \/>\n\t<meta name=\"twitter:data1\" content=\"3 perc\" \/>\n<script type=\"application\/ld+json\" class=\"yoast-schema-graph\">{\"@context\":\"https:\/\/schema.org\",\"@graph\":[{\"@type\":\"WebPage\",\"@id\":\"https:\/\/fulfillmenthubhungary.com\/print-on-demand\/\",\"url\":\"https:\/\/fulfillmenthubhungary.com\/print-on-demand\/\",\"name\":\"Print on Demand Services | Fulfillment Hub Hungary\u00a0\",\"isPartOf\":{\"@id\":\"https:\/\/fulfillmenthubhungary.com\/#website\"},\"datePublished\":\"2022-03-21T06:34:47+00:00\",\"dateModified\":\"2022-11-30T08:33:47+00:00\",\"description\":\": Printing on demand is an excellent way to save money, time, and space. When you can print on demand, there is no need to pay for inventory.\u00a0\",\"breadcrumb\":{\"@id\":\"https:\/\/fulfillmenthubhungary.com\/print-on-demand\/#breadcrumb\"},\"inLanguage\":\"hu\",\"potentialAction\":[{\"@type\":\"ReadAction\",\"target\":[\"https:\/\/fulfillmenthubhungary.com\/print-on-demand\/\"]}]},{\"@type\":\"BreadcrumbList\",\"@id\":\"https:\/\/fulfillmenthubhungary.com\/print-on-demand\/#breadcrumb\",\"itemListElement\":[{\"@type\":\"ListItem\",\"position\":1,\"name\":\"Home\",\"item\":\"https:\/\/fulfillmenthubhungary.com\/\"},{\"@type\":\"ListItem\",\"position\":2,\"name\":\"Print On Demand\"}]},{\"@type\":\"WebSite\",\"@id\":\"https:\/\/fulfillmenthubhungary.com\/#website\",\"url\":\"https:\/\/fulfillmenthubhungary.com\/\",\"name\":\"Affordable Fulfillment Center in Europe\",\"description\":\"Your eCommerce Fulfillment Partner for scalable and consistent growth\",\"publisher\":{\"@id\":\"https:\/\/fulfillmenthubhungary.com\/#organization\"},\"potentialAction\":[{\"@type\":\"SearchAction\",\"target\":{\"@type\":\"EntryPoint\",\"urlTemplate\":\"https:\/\/fulfillmenthubhungary.com\/?s={search_term_string}\"},\"query-input\":\"required name=search_term_string\"}],\"inLanguage\":\"hu\"},{\"@type\":\"Organization\",\"@id\":\"https:\/\/fulfillmenthubhungary.com\/#organization\",\"name\":\"Fulfillment Hub Hungary\",\"url\":\"https:\/\/fulfillmenthubhungary.com\/\",\"logo\":{\"@type\":\"ImageObject\",\"inLanguage\":\"hu\",\"@id\":\"https:\/\/fulfillmenthubhungary.com\/#\/schema\/logo\/image\/\",\"url\":\"https:\/\/fulfillmenthubhungary.com\/wp-content\/uploads\/2022\/03\/LOGO_FFH.png\",\"contentUrl\":\"https:\/\/fulfillmenthubhungary.com\/wp-content\/uploads\/2022\/03\/LOGO_FFH.png\",\"width\":124,\"height\":52,\"caption\":\"Fulfillment Hub Hungary\"},\"image\":{\"@id\":\"https:\/\/fulfillmenthubhungary.com\/#\/schema\/logo\/image\/\"}}]}<\/script>\n<!-- \/ Yoast SEO plugin. -->","yoast_head_json":{"title":"Print on Demand Services | Fulfillment Hub Hungary\u00a0","description":": Printing on demand is an excellent way to save money, time, and space. When you can print on demand, there is no need to pay for inventory.\u00a0","robots":{"index":"index","follow":"follow","max-snippet":"max-snippet:-1","max-image-preview":"max-image-preview:large","max-video-preview":"max-video-preview:-1"},"canonical":"https:\/\/fulfillmenthubhungary.com\/hu\/print-on-demand\/","og_locale":"hu_HU","og_type":"article","og_title":"Print on Demand Services | Fulfillment Hub Hungary\u00a0","og_description":": Printing on demand is an excellent way to save money, time, and space. When you can print on demand, there is no need to pay for inventory.\u00a0","og_url":"https:\/\/fulfillmenthubhungary.com\/hu\/print-on-demand\/","og_site_name":"Affordable Fulfillment Center in Europe","article_modified_time":"2022-11-30T08:33:47+00:00","twitter_card":"summary_large_image","twitter_misc":{"Becs\u00fclt olvas\u00e1si id\u0151":"3 perc"},"schema":{"@context":"https:\/\/schema.org","@graph":[{"@type":"WebPage","@id":"https:\/\/fulfillmenthubhungary.com\/print-on-demand\/","url":"https:\/\/fulfillmenthubhungary.com\/print-on-demand\/","name":"Print on Demand Services | Fulfillment Hub Hungary\u00a0","isPartOf":{"@id":"https:\/\/fulfillmenthubhungary.com\/#website"},"datePublished":"2022-03-21T06:34:47+00:00","dateModified":"2022-11-30T08:33:47+00:00","description":": Printing on demand is an excellent way to save money, time, and space. When you can print on demand, there is no need to pay for inventory.\u00a0","breadcrumb":{"@id":"https:\/\/fulfillmenthubhungary.com\/print-on-demand\/#breadcrumb"},"inLanguage":"hu","potentialAction":[{"@type":"ReadAction","target":["https:\/\/fulfillmenthubhungary.com\/print-on-demand\/"]}]},{"@type":"BreadcrumbList","@id":"https:\/\/fulfillmenthubhungary.com\/print-on-demand\/#breadcrumb","itemListElement":[{"@type":"ListItem","position":1,"name":"Home","item":"https:\/\/fulfillmenthubhungary.com\/"},{"@type":"ListItem","position":2,"name":"Print On Demand"}]},{"@type":"WebSite","@id":"https:\/\/fulfillmenthubhungary.com\/#website","url":"https:\/\/fulfillmenthubhungary.com\/","name":"Affordable Fulfillment Center in Europe","description":"Your eCommerce Fulfillment Partner for scalable and consistent growth","publisher":{"@id":"https:\/\/fulfillmenthubhungary.com\/#organization"},"potentialAction":[{"@type":"SearchAction","target":{"@type":"EntryPoint","urlTemplate":"https:\/\/fulfillmenthubhungary.com\/?s={search_term_string}"},"query-input":"required name=search_term_string"}],"inLanguage":"hu"},{"@type":"Organization","@id":"https:\/\/fulfillmenthubhungary.com\/#organization","name":"Fulfillment Hub Hungary","url":"https:\/\/fulfillmenthubhungary.com\/","logo":{"@type":"ImageObject","inLanguage":"hu","@id":"https:\/\/fulfillmenthubhungary.com\/#\/schema\/logo\/image\/","url":"https:\/\/fulfillmenthubhungary.com\/wp-content\/uploads\/2022\/03\/LOGO_FFH.png","contentUrl":"https:\/\/fulfillmenthubhungary.com\/wp-content\/uploads\/2022\/03\/LOGO_FFH.png","width":124,"height":52,"caption":"Fulfillment Hub Hungary"},"image":{"@id":"https:\/\/fulfillmenthubhungary.com\/#\/schema\/logo\/image\/"}}]}},"_links":{"self":[{"href":"https:\/\/fulfillmenthubhungary.com\/hu\/wp-json\/wp\/v2\/pages\/903"}],"collection":[{"href":"https:\/\/fulfillmenthubhungary.com\/hu\/wp-json\/wp\/v2\/pages"}],"about":[{"href":"https:\/\/fulfillmenthubhungary.com\/hu\/wp-json\/wp\/v2\/types\/page"}],"author":[{"embeddable":true,"href":"https:\/\/fulfillmenthubhungary.com\/hu\/wp-json\/wp\/v2\/users\/3"}],"replies":[{"embeddable":true,"href":"https:\/\/fulfillmenthubhungary.com\/hu\/wp-json\/wp\/v2\/comments?post=903"}],"version-history":[{"count":7,"href":"https:\/\/fulfillmenthubhungary.com\/hu\/wp-json\/wp\/v2\/pages\/903\/revisions"}],"predecessor-version":[{"id":2286,"href":"https:\/\/fulfillmenthubhungary.com\/hu\/wp-json\/wp\/v2\/pages\/903\/revisions\/2286"}],"wp:attachment":[{"href":"https:\/\/fulfillmenthubhungary.com\/hu\/wp-json\/wp\/v2\/media?parent=903"}],"curies":[{"name":"wp","href":"https:\/\/api.w.org\/{rel}","templated":true}]}}