{"id":899,"date":"2022-03-21T06:03:24","date_gmt":"2022-03-21T06:03:24","guid":{"rendered":"https:\/\/fulfillmenthubhungary.com\/?page_id=899"},"modified":"2022-11-30T08:34:52","modified_gmt":"2022-11-30T08:34:52","slug":"custom-services","status":"publish","type":"page","link":"https:\/\/fulfillmenthubhungary.com\/hu\/custom-services\/","title":{"rendered":"Egyedi szolg\u00e1ltat\u00e1sok"},"content":{"rendered":"<div      class=\"vc_row wpb_row section vc_row-fluid  banner_section background_us_image vc_custom_1650884638573\" style=' text-align:left;'><div class=\"full_section_inner clearfix\"><div class=\"wpb_column vc_column_container vc_col-sm-12\"><div class=\"vc_column-inner\"><div class=\"wpb_wrapper\">\n\t<div class=\"wpb_text_column wpb_content_element\">\n\t\t<div class=\"wpb_wrapper\">\n\t\t\t<h1 class=\"banner_title\" style=\"text-align: center;\">Egyedi szolg\u00e1ltat\u00e1sok<\/h1>\n<div class=\"divider_line\"><\/div>\n<p class=\"banner_txt\" style=\"text-align: center;\">\u00d6n kigondolja, mi teljes\u00edtj\u00fck!<\/p>\n\n\t\t<\/div> \n\t<\/div> <\/div><\/div><\/div><\/div><\/div><div      class=\"vc_row wpb_row section vc_row-fluid  swap-on-mobile m-mt-0 vc_custom_1669797291192 grid_section\" style=' text-align:left;'><div class=\"section_inner clearfix\"><div class='section_inner_margin clearfix'><div class=\"wpb_column vc_column_container vc_col-sm-6\"><div class=\"vc_column-inner\"><div class=\"wpb_wrapper\">\n\t<div class=\"wpb_text_column wpb_content_element  vc_custom_1648709907589\">\n\t\t<div class=\"wpb_wrapper\">\n\t\t\t<h2 class=\"sub_service_title\">\"Nem tal\u00e1lta, amit keresett?\nAz \u00d6n ig\u00e9nyeihez igaz\u00edtjuk!\"<\/h2>\n<p>&nbsp;<\/p>\n<p class=\"sub_service_txt\">Tiszt\u00e1ban vagyunk vele, milyen bonyolult \u00e9s egyedi lehet egy v\u00e1llalkoz\u00e1s. Ez\u00e9rt egyedi ig\u00e9nyeihez igazod\u00f3, szem\u00e9lyre szabhat\u00f3 szolg\u00e1ltat\u00e1sokat ny\u00fajtunk.<\/p>\n<p class=\"sub_service_txt\">Ha t\u00f6bbet szeretne megtudni arr\u00f3l, hogy a Fulfillment Hub Hungary hogyan seg\u00edtheti v\u00e1llalkoz\u00e1sa b\u0151v\u00edt\u00e9s\u00e9t, l\u00e9pjen kapcsolatba csapatunkkal m\u00e9g ma!<\/p>\n\n\t\t<\/div> \n\t<\/div> <a  itemprop=\"url\" href=\"https:\/\/fulfillmenthubhungary.com\/hu\/contact-us\/\" target=\"_self\"  class=\"qbutton  center default button_orange\" style=\"margin: 10px 0px 20px 0px; \">L\u00e9pjen kapcsolatba vel\u00fcnk<\/a><\/div><\/div><\/div><div class=\"wpb_column vc_column_container vc_col-sm-6\"><div class=\"vc_column-inner\"><div class=\"wpb_wrapper\">\n\t<div class=\"wpb_single_image wpb_content_element vc_align_center\">\n\t\t<div class=\"wpb_wrapper\">\n\t\t\t\n\t\t\t<div class=\"vc_single_image-wrapper   vc_box_border_grey\"><img width=\"1024\" height=\"483\" src=\"https:\/\/fulfillmenthubhungary.com\/wp-content\/uploads\/2022\/03\/contact-us-hero-image-1024x483.png\" class=\"vc_single_image-img attachment-large\" alt=\"contact Us\" loading=\"lazy\" srcset=\"https:\/\/fulfillmenthubhungary.com\/wp-content\/uploads\/2022\/03\/contact-us-hero-image-1024x483.png 1024w, https:\/\/fulfillmenthubhungary.com\/wp-content\/uploads\/2022\/03\/contact-us-hero-image-300x141.png 300w, https:\/\/fulfillmenthubhungary.com\/wp-content\/uploads\/2022\/03\/contact-us-hero-image-768x362.png 768w, https:\/\/fulfillmenthubhungary.com\/wp-content\/uploads\/2022\/03\/contact-us-hero-image-700x330.png 700w, https:\/\/fulfillmenthubhungary.com\/wp-content\/uploads\/2022\/03\/contact-us-hero-image.png 1124w\" sizes=\"(max-width: 1024px) 100vw, 1024px\" \/><\/div>\n\t\t<\/div>\n\t<\/div>\n<\/div><\/div><\/div><\/div><\/div><\/div><div      class=\"vc_row wpb_row section vc_row-fluid  grid_section\" style=' text-align:left;'><div class=\"section_inner clearfix\"><div class='section_inner_margin clearfix'><div class=\"wpb_column vc_column_container vc_col-sm-12\"><div class=\"vc_column-inner\"><div class=\"wpb_wrapper\"><div class=\"separator m-m-0 normal\" style=\"margin-top: 30px;margin-bottom: 30px;background-color: #c4c4c4;height: 1px;\"><\/div>\n<\/div><\/div><\/div><\/div><\/div><\/div><div      class=\"vc_row wpb_row section vc_row-fluid  swap-on-mobile m-mt-0 vc_custom_1669797284145 grid_section\" style=' text-align:left;'><div class=\"section_inner clearfix\"><div class='section_inner_margin clearfix'><div class=\"wpb_column vc_column_container vc_col-sm-6\"><div class=\"vc_column-inner\"><div class=\"wpb_wrapper\">\n\t<div class=\"wpb_text_column wpb_content_element  vc_custom_1647842561229\">\n\t\t<div class=\"wpb_wrapper\">\n\t\t\t<h2 class=\"bottom_CTA_title\">Tekintse meg \u00e1tl\u00e1that\u00f3 terveinket  \u00e9s \u00e1rainkat<\/h2>\n\n\t\t<\/div> \n\t<\/div> <div class=\"separator  normal\" style=\"margin-top: 15px;margin-bottom: 15px;background-color: #c4c4c4;height: 1px;\"><\/div>\n\n\t<div class=\"wpb_text_column wpb_content_element\">\n\t\t<div class=\"wpb_wrapper\">\n\t\t\t<p class=\"sub_service_txt\">Sz\u00edvesen seg\u00edt\u00fcnk a v\u00e1llalkoz\u00e1soknak abban, hogy \u00e1tl\u00e1that\u00f3 \u00e1rakkal az orsz\u00e1g legjobb logisztikai t\u00e1mogat\u00e1s\u00e1t kapj\u00e1k. \u00dcgyfeleink glob\u00e1lisak, \u00e9s az \u0151 bizalmuk az, ami miatt t\u00f6bbre t\u00f6reksz\u00fcnk. Kiv\u00e1laszthat egy alap\u00e1rat \u00e9s \u00e9p\u00edthet r\u00e1, vagy vegye fel vel\u00fcnk a  kapcsolatot, hogy egyedi \u00e1raj\u00e1nlatot k\u00e9rjen.<\/p>\n\n\t\t<\/div> \n\t<\/div> <a  itemprop=\"url\" href=\"https:\/\/fulfillmenthubhungary.com\/hu\/pricing\/\" target=\"_self\"  class=\"qbutton  center default button_orange\" style=\"margin: 10px 0px 20px 0px; \">TUDJON MEG T\u00d6BBET<\/a><\/div><\/div><\/div><div class=\"wpb_column vc_column_container vc_col-sm-6\"><div class=\"vc_column-inner\"><div class=\"wpb_wrapper\">\n\t<div class=\"wpb_single_image wpb_content_element vc_align_center\">\n\t\t<div class=\"wpb_wrapper\">\n\t\t\t\n\t\t\t<div class=\"vc_single_image-wrapper   vc_box_border_grey\"><img width=\"664\" height=\"377\" src=\"https:\/\/fulfillmenthubhungary.com\/wp-content\/uploads\/2022\/03\/plans.png\" class=\"vc_single_image-img attachment-large\" alt=\"plans and prices\" loading=\"lazy\" srcset=\"https:\/\/fulfillmenthubhungary.com\/wp-content\/uploads\/2022\/03\/plans.png 664w, https:\/\/fulfillmenthubhungary.com\/wp-content\/uploads\/2022\/03\/plans-300x170.png 300w\" sizes=\"(max-width: 664px) 100vw, 664px\" \/><\/div>\n\t\t<\/div>\n\t<\/div>\n<\/div><\/div><\/div><\/div><\/div><\/div>","protected":false},"excerpt":{"rendered":"Custom Services You demand, we fulfil! Didn\u2019t find what you were looking for? We can customize it for you! &nbsp; We understand how tricky and unique a business can be. Therefore, we cater to you with customizable services unique to your distinctive needs. For more...","protected":false},"author":3,"featured_media":0,"parent":0,"menu_order":0,"comment_status":"closed","ping_status":"closed","template":"full_width.php","meta":[],"yoast_head":"<!-- This site is optimized with the Yoast SEO plugin v19.10 - https:\/\/yoast.com\/wordpress\/plugins\/seo\/ -->\n<title>We Offer Custom 3pl Services | Fulfillment Hub Hungary\u00a0<\/title>\n<meta name=\"description\" content=\"Looking for specialized 3PL services? Fulfillment Hub Poland provides customized 3pl services to meet your specific business requirements. For more information, please contact us.\u00a0\" \/>\n<meta name=\"robots\" content=\"index, follow, max-snippet:-1, max-image-preview:large, max-video-preview:-1\" \/>\n<link rel=\"canonical\" href=\"https:\/\/fulfillmenthubhungary.com\/hu\/custom-services\/\" \/>\n<meta property=\"og:locale\" content=\"hu_HU\" \/>\n<meta property=\"og:type\" content=\"article\" \/>\n<meta property=\"og:title\" content=\"We Offer Custom 3pl Services | Fulfillment Hub Hungary\u00a0\" \/>\n<meta property=\"og:description\" content=\"Looking for specialized 3PL services? Fulfillment Hub Poland provides customized 3pl services to meet your specific business requirements. For more information, please contact us.\u00a0\" \/>\n<meta property=\"og:url\" content=\"https:\/\/fulfillmenthubhungary.com\/hu\/custom-services\/\" \/>\n<meta property=\"og:site_name\" content=\"Affordable Fulfillment Center in Europe\" \/>\n<meta property=\"article:modified_time\" content=\"2022-11-30T08:34:52+00:00\" \/>\n<meta name=\"twitter:card\" content=\"summary_large_image\" \/>\n<meta name=\"twitter:label1\" content=\"Becs\u00fclt olvas\u00e1si id\u0151\" \/>\n\t<meta name=\"twitter:data1\" content=\"2 perc\" \/>\n<script type=\"application\/ld+json\" class=\"yoast-schema-graph\">{\"@context\":\"https:\/\/schema.org\",\"@graph\":[{\"@type\":\"WebPage\",\"@id\":\"https:\/\/fulfillmenthubhungary.com\/custom-services\/\",\"url\":\"https:\/\/fulfillmenthubhungary.com\/custom-services\/\",\"name\":\"We Offer Custom 3pl Services | Fulfillment Hub Hungary\u00a0\",\"isPartOf\":{\"@id\":\"https:\/\/fulfillmenthubhungary.com\/#website\"},\"datePublished\":\"2022-03-21T06:03:24+00:00\",\"dateModified\":\"2022-11-30T08:34:52+00:00\",\"description\":\"Looking for specialized 3PL services? Fulfillment Hub Poland provides customized 3pl services to meet your specific business requirements. For more information, please contact us.\u00a0\",\"breadcrumb\":{\"@id\":\"https:\/\/fulfillmenthubhungary.com\/custom-services\/#breadcrumb\"},\"inLanguage\":\"hu\",\"potentialAction\":[{\"@type\":\"ReadAction\",\"target\":[\"https:\/\/fulfillmenthubhungary.com\/custom-services\/\"]}]},{\"@type\":\"BreadcrumbList\",\"@id\":\"https:\/\/fulfillmenthubhungary.com\/custom-services\/#breadcrumb\",\"itemListElement\":[{\"@type\":\"ListItem\",\"position\":1,\"name\":\"Home\",\"item\":\"https:\/\/fulfillmenthubhungary.com\/\"},{\"@type\":\"ListItem\",\"position\":2,\"name\":\"Custom Services\"}]},{\"@type\":\"WebSite\",\"@id\":\"https:\/\/fulfillmenthubhungary.com\/#website\",\"url\":\"https:\/\/fulfillmenthubhungary.com\/\",\"name\":\"Affordable Fulfillment Center in Europe\",\"description\":\"Your eCommerce Fulfillment Partner for scalable and consistent growth\",\"publisher\":{\"@id\":\"https:\/\/fulfillmenthubhungary.com\/#organization\"},\"potentialAction\":[{\"@type\":\"SearchAction\",\"target\":{\"@type\":\"EntryPoint\",\"urlTemplate\":\"https:\/\/fulfillmenthubhungary.com\/?s={search_term_string}\"},\"query-input\":\"required name=search_term_string\"}],\"inLanguage\":\"hu\"},{\"@type\":\"Organization\",\"@id\":\"https:\/\/fulfillmenthubhungary.com\/#organization\",\"name\":\"Fulfillment Hub Hungary\",\"url\":\"https:\/\/fulfillmenthubhungary.com\/\",\"logo\":{\"@type\":\"ImageObject\",\"inLanguage\":\"hu\",\"@id\":\"https:\/\/fulfillmenthubhungary.com\/#\/schema\/logo\/image\/\",\"url\":\"https:\/\/fulfillmenthubhungary.com\/wp-content\/uploads\/2022\/03\/LOGO_FFH.png\",\"contentUrl\":\"https:\/\/fulfillmenthubhungary.com\/wp-content\/uploads\/2022\/03\/LOGO_FFH.png\",\"width\":124,\"height\":52,\"caption\":\"Fulfillment Hub Hungary\"},\"image\":{\"@id\":\"https:\/\/fulfillmenthubhungary.com\/#\/schema\/logo\/image\/\"}}]}<\/script>\n<!-- \/ Yoast SEO plugin. -->","yoast_head_json":{"title":"We Offer Custom 3pl Services | Fulfillment Hub Hungary\u00a0","description":"Looking for specialized 3PL services? Fulfillment Hub Poland provides customized 3pl services to meet your specific business requirements. For more information, please contact us.\u00a0","robots":{"index":"index","follow":"follow","max-snippet":"max-snippet:-1","max-image-preview":"max-image-preview:large","max-video-preview":"max-video-preview:-1"},"canonical":"https:\/\/fulfillmenthubhungary.com\/hu\/custom-services\/","og_locale":"hu_HU","og_type":"article","og_title":"We Offer Custom 3pl Services | Fulfillment Hub Hungary\u00a0","og_description":"Looking for specialized 3PL services? Fulfillment Hub Poland provides customized 3pl services to meet your specific business requirements. For more information, please contact us.\u00a0","og_url":"https:\/\/fulfillmenthubhungary.com\/hu\/custom-services\/","og_site_name":"Affordable Fulfillment Center in Europe","article_modified_time":"2022-11-30T08:34:52+00:00","twitter_card":"summary_large_image","twitter_misc":{"Becs\u00fclt olvas\u00e1si id\u0151":"2 perc"},"schema":{"@context":"https:\/\/schema.org","@graph":[{"@type":"WebPage","@id":"https:\/\/fulfillmenthubhungary.com\/custom-services\/","url":"https:\/\/fulfillmenthubhungary.com\/custom-services\/","name":"We Offer Custom 3pl Services | Fulfillment Hub Hungary\u00a0","isPartOf":{"@id":"https:\/\/fulfillmenthubhungary.com\/#website"},"datePublished":"2022-03-21T06:03:24+00:00","dateModified":"2022-11-30T08:34:52+00:00","description":"Looking for specialized 3PL services? Fulfillment Hub Poland provides customized 3pl services to meet your specific business requirements. For more information, please contact us.\u00a0","breadcrumb":{"@id":"https:\/\/fulfillmenthubhungary.com\/custom-services\/#breadcrumb"},"inLanguage":"hu","potentialAction":[{"@type":"ReadAction","target":["https:\/\/fulfillmenthubhungary.com\/custom-services\/"]}]},{"@type":"BreadcrumbList","@id":"https:\/\/fulfillmenthubhungary.com\/custom-services\/#breadcrumb","itemListElement":[{"@type":"ListItem","position":1,"name":"Home","item":"https:\/\/fulfillmenthubhungary.com\/"},{"@type":"ListItem","position":2,"name":"Custom Services"}]},{"@type":"WebSite","@id":"https:\/\/fulfillmenthubhungary.com\/#website","url":"https:\/\/fulfillmenthubhungary.com\/","name":"Affordable Fulfillment Center in Europe","description":"Your eCommerce Fulfillment Partner for scalable and consistent growth","publisher":{"@id":"https:\/\/fulfillmenthubhungary.com\/#organization"},"potentialAction":[{"@type":"SearchAction","target":{"@type":"EntryPoint","urlTemplate":"https:\/\/fulfillmenthubhungary.com\/?s={search_term_string}"},"query-input":"required name=search_term_string"}],"inLanguage":"hu"},{"@type":"Organization","@id":"https:\/\/fulfillmenthubhungary.com\/#organization","name":"Fulfillment Hub Hungary","url":"https:\/\/fulfillmenthubhungary.com\/","logo":{"@type":"ImageObject","inLanguage":"hu","@id":"https:\/\/fulfillmenthubhungary.com\/#\/schema\/logo\/image\/","url":"https:\/\/fulfillmenthubhungary.com\/wp-content\/uploads\/2022\/03\/LOGO_FFH.png","contentUrl":"https:\/\/fulfillmenthubhungary.com\/wp-content\/uploads\/2022\/03\/LOGO_FFH.png","width":124,"height":52,"caption":"Fulfillment Hub Hungary"},"image":{"@id":"https:\/\/fulfillmenthubhungary.com\/#\/schema\/logo\/image\/"}}]}},"_links":{"self":[{"href":"https:\/\/fulfillmenthubhungary.com\/hu\/wp-json\/wp\/v2\/pages\/899"}],"collection":[{"href":"https:\/\/fulfillmenthubhungary.com\/hu\/wp-json\/wp\/v2\/pages"}],"about":[{"href":"https:\/\/fulfillmenthubhungary.com\/hu\/wp-json\/wp\/v2\/types\/page"}],"author":[{"embeddable":true,"href":"https:\/\/fulfillmenthubhungary.com\/hu\/wp-json\/wp\/v2\/users\/3"}],"replies":[{"embeddable":true,"href":"https:\/\/fulfillmenthubhungary.com\/hu\/wp-json\/wp\/v2\/comments?post=899"}],"version-history":[{"count":15,"href":"https:\/\/fulfillmenthubhungary.com\/hu\/wp-json\/wp\/v2\/pages\/899\/revisions"}],"predecessor-version":[{"id":2287,"href":"https:\/\/fulfillmenthubhungary.com\/hu\/wp-json\/wp\/v2\/pages\/899\/revisions\/2287"}],"wp:attachment":[{"href":"https:\/\/fulfillmenthubhungary.com\/hu\/wp-json\/wp\/v2\/media?parent=899"}],"curies":[{"name":"wp","href":"https:\/\/api.w.org\/{rel}","templated":true}]}}