{"id":892,"date":"2022-03-21T05:50:11","date_gmt":"2022-03-21T05:50:11","guid":{"rendered":"https:\/\/fulfillmenthubhungary.com\/?page_id=892"},"modified":"2022-11-30T07:57:41","modified_gmt":"2022-11-30T07:57:41","slug":"ecommerce-fulfillment","status":"publish","type":"page","link":"https:\/\/fulfillmenthubhungary.com\/hu\/ecommerce-fulfillment\/","title":{"rendered":"Az e-kereskedelemi szolg\u00e1ltat\u00e1s"},"content":{"rendered":"<div      class=\"vc_row wpb_row section vc_row-fluid  banner_section vc_custom_1647841052533\" style=' text-align:left;'><div class=\"full_section_inner clearfix\"><div class=\"wpb_column vc_column_container vc_col-sm-12\"><div class=\"vc_column-inner\"><div class=\"wpb_wrapper\">\n\t<div class=\"wpb_text_column wpb_content_element\">\n\t\t<div class=\"wpb_wrapper\">\n\t\t\t<h1 class=\"banner_title\" style=\"text-align: center;\">Az e-kereskedelemi szolg\u00e1ltat\u00e1s<\/h1>\n<div class=\"divider_line\"><\/div>\n<p class=\"banner_txt\" style=\"text-align: center;\">Az \u00d6n megb\u00edzhat\u00f3 \u00e9s hat\u00e9kony t\u00f6bbcsatorn\u00e1s e-kereskedelmi szolg\u00e1ltat\u00e1sa<\/p>\n\n\t\t<\/div> \n\t<\/div> <\/div><\/div><\/div><\/div><\/div><div      class=\"vc_row wpb_row section vc_row-fluid  m-mt-0 vc_custom_1669794992131 grid_section\" style=' text-align:left;'><div class=\"section_inner clearfix\"><div class='section_inner_margin clearfix'><div class=\"wpb_column vc_column_container vc_col-sm-6\"><div class=\"vc_column-inner\"><div class=\"wpb_wrapper\">\n\t<div class=\"wpb_single_image wpb_content_element vc_align_center\">\n\t\t<div class=\"wpb_wrapper\">\n\t\t\t\n\t\t\t<div class=\"vc_single_image-wrapper   vc_box_border_grey\"><img width=\"557\" height=\"346\" src=\"https:\/\/fulfillmenthubhungary.com\/wp-content\/uploads\/2022\/03\/inner_ecommerce_services_img_1.png\" class=\"vc_single_image-img attachment-large\" alt=\"ecommerce_services\" loading=\"lazy\" srcset=\"https:\/\/fulfillmenthubhungary.com\/wp-content\/uploads\/2022\/03\/inner_ecommerce_services_img_1.png 557w, https:\/\/fulfillmenthubhungary.com\/wp-content\/uploads\/2022\/03\/inner_ecommerce_services_img_1-300x186.png 300w\" sizes=\"(max-width: 557px) 100vw, 557px\" \/><\/div>\n\t\t<\/div>\n\t<\/div>\n<\/div><\/div><\/div><div class=\"wpb_column vc_column_container vc_col-sm-6\"><div class=\"vc_column-inner\"><div class=\"wpb_wrapper\">\n\t<div class=\"wpb_text_column wpb_content_element  vc_custom_1647841416631\">\n\t\t<div class=\"wpb_wrapper\">\n\t\t\t<h3 class=\"sub_service_title\">K\u00e9szlet- \u00e9s rendel\u00e9skezel\u00e9s<\/h3>\n<p>&nbsp;<\/p>\n<p class=\"sub_service_txt\">A term\u00e9kek ki- \u00e9s becsomagol\u00e1s\u00e1t azonnal megkezdj\u00fck, miut\u00e1n megkaptuk a rendel\u00e9st az \u00d6n \u00fczlet\u00e9t\u0151l. Csapatunk a rakt\u00e1rkezel\u0151 szoftverrel seg\u00edti \u00d6nt. \u00cdgy val\u00f3s id\u0151ben nyomon k\u00f6vethet mindent a rendel\u00e9ssel kapcsolatban.<\/p>\n\n\t\t<\/div> \n\t<\/div> <\/div><\/div><\/div><\/div><\/div><\/div><div      class=\"vc_row wpb_row section vc_row-fluid  grid_section\" style=' text-align:left;'><div class=\"section_inner clearfix\"><div class='section_inner_margin clearfix'><div class=\"wpb_column vc_column_container vc_col-sm-12\"><div class=\"vc_column-inner\"><div class=\"wpb_wrapper\"><div class=\"separator m-m-0 normal\" style=\"margin-top: 30px;margin-bottom: 30px;background-color: #c4c4c4;height: 1px;\"><\/div>\n<\/div><\/div><\/div><\/div><\/div><\/div><div      class=\"vc_row wpb_row section vc_row-fluid  swap-on-mobile m-mt-0 vc_custom_1669794998270 grid_section\" style=' text-align:left;'><div class=\"section_inner clearfix\"><div class='section_inner_margin clearfix'><div class=\"wpb_column vc_column_container vc_col-sm-6\"><div class=\"vc_column-inner\"><div class=\"wpb_wrapper\">\n\t<div class=\"wpb_text_column wpb_content_element  vc_custom_1647841484041\">\n\t\t<div class=\"wpb_wrapper\">\n\t\t\t<h3 class=\"sub_service_title\">T\u00f6bbcsatorn\u00e1s szolg\u00e1ltat\u00e1si integr\u00e1ci\u00f3<\/h3>\n<p>&nbsp;<\/p>\n<p class=\"sub_service_txt\">Szolg\u00e1ltat\u00e1si megold\u00e1saink technol\u00f3gia alap\u00faak. Rakt\u00e1rkezel\u0151 szoftvert k\u00edn\u00e1lunk, amely lehet\u0151v\u00e9 teszi az \u00f6sszes \u00e9rt\u00e9kes\u00edt\u00e9si csatorna egy helyen t\u00f6rt\u00e9n\u0151 integr\u00e1l\u00e1s\u00e1t. Ha v\u00e1llalkoz\u00e1s\u00e1nak egyedi integr\u00e1ci\u00f3s ig\u00e9nye van, azt is teljes\u00edtj\u00fck. Informatikai munkat\u00e1rsaink j\u00f3l k\u00e9pzettek \u00e9s megb\u00edzhat\u00f3ak, hogy megfeleljenek az \u00d6n szoftverk\u00f6vetelm\u00e9nyeinek.<\/p>\n\n\t\t<\/div> \n\t<\/div> <\/div><\/div><\/div><div class=\"wpb_column vc_column_container vc_col-sm-6\"><div class=\"vc_column-inner\"><div class=\"wpb_wrapper\">\n\t<div class=\"wpb_single_image wpb_content_element vc_align_center\">\n\t\t<div class=\"wpb_wrapper\">\n\t\t\t\n\t\t\t<div class=\"vc_single_image-wrapper   vc_box_border_grey\"><img width=\"557\" height=\"347\" src=\"https:\/\/fulfillmenthubhungary.com\/wp-content\/uploads\/2022\/03\/inner_ecommerce_services_img_2.png\" class=\"vc_single_image-img attachment-large\" alt=\"ecommerce_services\" loading=\"lazy\" srcset=\"https:\/\/fulfillmenthubhungary.com\/wp-content\/uploads\/2022\/03\/inner_ecommerce_services_img_2.png 557w, https:\/\/fulfillmenthubhungary.com\/wp-content\/uploads\/2022\/03\/inner_ecommerce_services_img_2-300x187.png 300w\" sizes=\"(max-width: 557px) 100vw, 557px\" \/><\/div>\n\t\t<\/div>\n\t<\/div>\n<\/div><\/div><\/div><\/div><\/div><\/div><div      class=\"vc_row wpb_row section vc_row-fluid  grid_section\" style=' text-align:left;'><div class=\"section_inner clearfix\"><div class='section_inner_margin clearfix'><div class=\"wpb_column vc_column_container vc_col-sm-12\"><div class=\"vc_column-inner\"><div class=\"wpb_wrapper\"><div class=\"separator m-m-0 normal\" style=\"margin-top: 30px;margin-bottom: 30px;background-color: #c4c4c4;height: 1px;\"><\/div>\n<\/div><\/div><\/div><\/div><\/div><\/div><div      class=\"vc_row wpb_row section vc_row-fluid  m-mt-0 vc_custom_1669795009535 grid_section\" style=' text-align:left;'><div class=\"section_inner clearfix\"><div class='section_inner_margin clearfix'><div class=\"wpb_column vc_column_container vc_col-sm-6\"><div class=\"vc_column-inner\"><div class=\"wpb_wrapper\">\n\t<div class=\"wpb_single_image wpb_content_element vc_align_center\">\n\t\t<div class=\"wpb_wrapper\">\n\t\t\t\n\t\t\t<div class=\"vc_single_image-wrapper   vc_box_border_grey\"><img width=\"557\" height=\"348\" src=\"https:\/\/fulfillmenthubhungary.com\/wp-content\/uploads\/2022\/03\/inner_ecommerce_services_img_3.png\" class=\"vc_single_image-img attachment-large\" alt=\"ecommerce_services\" loading=\"lazy\" srcset=\"https:\/\/fulfillmenthubhungary.com\/wp-content\/uploads\/2022\/03\/inner_ecommerce_services_img_3.png 557w, https:\/\/fulfillmenthubhungary.com\/wp-content\/uploads\/2022\/03\/inner_ecommerce_services_img_3-300x187.png 300w\" sizes=\"(max-width: 557px) 100vw, 557px\" \/><\/div>\n\t\t<\/div>\n\t<\/div>\n<\/div><\/div><\/div><div class=\"wpb_column vc_column_container vc_col-sm-6\"><div class=\"vc_column-inner\"><div class=\"wpb_wrapper\">\n\t<div class=\"wpb_text_column wpb_content_element  vc_custom_1647841509644\">\n\t\t<div class=\"wpb_wrapper\">\n\t\t\t<h3 class=\"sub_service_title\">Egyedi funkci\u00f3kat k\u00edn\u00e1lunk<\/h3>\n<p>&nbsp;<\/p>\n<p class=\"sub_service_txt\">T\u00f6bb \u00e9rt\u00e9kes\u00edt\u00e9si \u00e9s sz\u00e1ll\u00edtm\u00e1nyoz\u00f3i integr\u00e1ci\u00f3val tervezhet\u0151s\u00e9get k\u00edn\u00e1lunk. Glob\u00e1lis \u00fcgyfeleink el\u00e9gedettek val\u00f3s idej\u0171 nyomk\u00f6vet\u00e9si megold\u00e1sainkkal, automatiz\u00e1lt m\u0171veleteinkkel \u00e9s kedvezm\u00e9nyes sz\u00e1ll\u00edt\u00e1si d\u00edjainkkal. Emellett vil\u00e1gm\u00e9ret\u0171 rakt\u00e1rh\u00e1l\u00f3zattal rendelkez\u00fcnk, amelyet kiv\u00e1l\u00f3 munkat\u00e1rsainkkal j\u00f3l menedzsel\u00fcnk.<\/p>\n\n\t\t<\/div> \n\t<\/div> <\/div><\/div><\/div><\/div><\/div><\/div><div      class=\"vc_row wpb_row section vc_row-fluid  grid_section\" style=' text-align:left;'><div class=\"section_inner clearfix\"><div class='section_inner_margin clearfix'><div class=\"wpb_column vc_column_container vc_col-sm-12\"><div class=\"vc_column-inner\"><div class=\"wpb_wrapper\"><div class=\"separator m-m-0 normal\" style=\"margin-top: 30px;margin-bottom: 30px;background-color: #c4c4c4;height: 1px;\"><\/div>\n<\/div><\/div><\/div><\/div><\/div><\/div><div      class=\"vc_row wpb_row section vc_row-fluid  swap-on-mobile m-mt-0 vc_custom_1669795014790 grid_section\" style=' text-align:left;'><div class=\"section_inner clearfix\"><div class='section_inner_margin clearfix'><div class=\"wpb_column vc_column_container vc_col-sm-6\"><div class=\"vc_column-inner\"><div class=\"wpb_wrapper\">\n\t<div class=\"wpb_text_column wpb_content_element  vc_custom_1647841562847\">\n\t\t<div class=\"wpb_wrapper\">\n\t\t\t<h3 class=\"sub_service_title\">Mi kezelj\u00fck a visszak\u00fcld\u00e9st<\/h3>\n<p>&nbsp;<\/p>\n<p class=\"sub_service_txt\">A visszak\u00fcld\u00e9s kulcsfontoss\u00e1g\u00fa r\u00e9sze az e-kereskedelmi \u00fczletnek. Meg\u00e9rtj\u00fck, milyen stresszes tud ez lenni . Ez\u00e9rt mi kezelj\u00fck az \u00e1r\u00faja visszak\u00fcld\u00e9s\u00e9t. Levessz\u00fck az \u00d6n v\u00e1ll\u00e1r\u00f3l a terhet, hogy \u00d6n v\u00e9gigkis\u00e9rje a teljes visszak\u00fcld\u00e9si folyamatot, mi megosztjuk a visszak\u00fcld\u00e9si \u00e1llapotot \u00e9s a nyomon k\u00f6vet\u00e9s adatait.<\/p>\n\n\t\t<\/div> \n\t<\/div> <\/div><\/div><\/div><div class=\"wpb_column vc_column_container vc_col-sm-6\"><div class=\"vc_column-inner\"><div class=\"wpb_wrapper\">\n\t<div class=\"wpb_single_image wpb_content_element vc_align_center\">\n\t\t<div class=\"wpb_wrapper\">\n\t\t\t\n\t\t\t<div class=\"vc_single_image-wrapper   vc_box_border_grey\"><img width=\"558\" height=\"354\" src=\"https:\/\/fulfillmenthubhungary.com\/wp-content\/uploads\/2022\/03\/inner_ecommerce_services_img_4.png\" class=\"vc_single_image-img attachment-large\" alt=\"ecommerce_services\" loading=\"lazy\" srcset=\"https:\/\/fulfillmenthubhungary.com\/wp-content\/uploads\/2022\/03\/inner_ecommerce_services_img_4.png 558w, https:\/\/fulfillmenthubhungary.com\/wp-content\/uploads\/2022\/03\/inner_ecommerce_services_img_4-300x190.png 300w\" sizes=\"(max-width: 558px) 100vw, 558px\" \/><\/div>\n\t\t<\/div>\n\t<\/div>\n<\/div><\/div><\/div><\/div><\/div><\/div><div      class=\"vc_row wpb_row section vc_row-fluid  grid_section\" style=' text-align:left;'><div class=\"section_inner clearfix\"><div class='section_inner_margin clearfix'><div class=\"wpb_column vc_column_container vc_col-sm-12\"><div class=\"vc_column-inner\"><div class=\"wpb_wrapper\"><div class=\"separator m-m-0 normal\" style=\"margin-top: 30px;margin-bottom: 30px;background-color: #c4c4c4;height: 1px;\"><\/div>\n<\/div><\/div><\/div><\/div><\/div><\/div><div      class=\"vc_row wpb_row section vc_row-fluid  m-mt-0 vc_custom_1669795020062 grid_section\" style=' text-align:left;'><div class=\"section_inner clearfix\"><div class='section_inner_margin clearfix'><div class=\"wpb_column vc_column_container vc_col-sm-6\"><div class=\"vc_column-inner\"><div class=\"wpb_wrapper\">\n\t<div class=\"wpb_single_image wpb_content_element vc_align_center\">\n\t\t<div class=\"wpb_wrapper\">\n\t\t\t\n\t\t\t<div class=\"vc_single_image-wrapper   vc_box_border_grey\"><img width=\"1024\" height=\"483\" src=\"https:\/\/fulfillmenthubhungary.com\/wp-content\/uploads\/2022\/03\/contact-us-hero-image-1024x483.png\" class=\"vc_single_image-img attachment-large\" alt=\"contact Us\" loading=\"lazy\" srcset=\"https:\/\/fulfillmenthubhungary.com\/wp-content\/uploads\/2022\/03\/contact-us-hero-image-1024x483.png 1024w, https:\/\/fulfillmenthubhungary.com\/wp-content\/uploads\/2022\/03\/contact-us-hero-image-300x141.png 300w, https:\/\/fulfillmenthubhungary.com\/wp-content\/uploads\/2022\/03\/contact-us-hero-image-768x362.png 768w, https:\/\/fulfillmenthubhungary.com\/wp-content\/uploads\/2022\/03\/contact-us-hero-image-700x330.png 700w, https:\/\/fulfillmenthubhungary.com\/wp-content\/uploads\/2022\/03\/contact-us-hero-image.png 1124w\" sizes=\"(max-width: 1024px) 100vw, 1024px\" \/><\/div>\n\t\t<\/div>\n\t<\/div>\n<\/div><\/div><\/div><div class=\"wpb_column vc_column_container vc_col-sm-6\"><div class=\"vc_column-inner\"><div class=\"wpb_wrapper\">\n\t<div class=\"wpb_text_column wpb_content_element  vc_custom_1647841613711\">\n\t\t<div class=\"wpb_wrapper\">\n\t\t\t<h2 class=\"bottom_CTA_title\">Kezelje \u00e9s teljes\u00edtse megrendel\u00e9seit gyorsan!<\/h2>\n\n\t\t<\/div> \n\t<\/div> <a  itemprop=\"url\" href=\"https:\/\/fulfillmenthubhungary.com\/hu\/contact-us\/\" target=\"_self\"  class=\"qbutton  center default button_orange\" style=\"margin: 10px 0px 20px 0px; \">Know How<\/a><\/div><\/div><\/div><\/div><\/div><\/div><div      class=\"vc_row wpb_row section vc_row-fluid  grid_section\" style=' text-align:left;'><div class=\"section_inner clearfix\"><div class='section_inner_margin clearfix'><div class=\"wpb_column vc_column_container vc_col-sm-12\"><div class=\"vc_column-inner\"><div class=\"wpb_wrapper\"><div class=\"separator m-m-0 normal\" style=\"margin-top: 30px;margin-bottom: 30px;background-color: #c4c4c4;height: 1px;\"><\/div>\n<\/div><\/div><\/div><\/div><\/div><\/div><div      class=\"vc_row wpb_row section vc_row-fluid  m-mt-0 vc_custom_1669795024127 grid_section\" style=' text-align:left;'><div class=\"section_inner clearfix\"><div class='section_inner_margin clearfix'><div class=\"wpb_column vc_column_container vc_col-sm-6\"><div class=\"vc_column-inner\"><div class=\"wpb_wrapper\">\n\t<div class=\"wpb_text_column wpb_content_element  vc_custom_1656416368785\">\n\t\t<div class=\"wpb_wrapper\">\n\t\t\t<h2 class=\"bottom_CTA_title\">Tekintse meg \u00e1tl\u00e1that\u00f3 terveinket  \u00e9s \u00e1rainkat<\/h2>\n\n\t\t<\/div> \n\t<\/div> <div class=\"separator  normal\" style=\"margin-top: 15pxpx;margin-bottom: 15pxpx;background-color: #c4c4c4;height: 1px;\"><\/div>\n\n\t<div class=\"wpb_text_column wpb_content_element\">\n\t\t<div class=\"wpb_wrapper\">\n\t\t\t<p class=\"sub_service_txt\">Sz\u00edvesen seg\u00edt\u00fcnk a v\u00e1llalkoz\u00e1soknak abban, hogy \u00e1tl\u00e1that\u00f3 \u00e1rakkal az orsz\u00e1g legjobb logisztikai t\u00e1mogat\u00e1s\u00e1t kapj\u00e1k. \u00dcgyfeleink glob\u00e1lisak, \u00e9s az \u0151 bizalmuk az, ami miatt t\u00f6bbre t\u00f6reksz\u00fcnk. Kiv\u00e1laszthat egy alap\u00e1rat \u00e9s \u00e9p\u00edthet r\u00e1, vagy vegye fel vel\u00fcnk a  kapcsolatot, hogy egyedi \u00e1raj\u00e1nlatot k\u00e9rjen.<\/p>\n\n\t\t<\/div> \n\t<\/div> <a  itemprop=\"url\" href=\"https:\/\/fulfillmenthubhungary.com\/hu\/pricing\/\" target=\"_self\"  class=\"qbutton  center default button_orange\" style=\"margin: 10px 0px 20px 0px; \">TUDJON MEG T\u00d6BBET<\/a><\/div><\/div><\/div><div class=\"wpb_column vc_column_container vc_col-sm-6\"><div class=\"vc_column-inner\"><div class=\"wpb_wrapper\">\n\t<div class=\"wpb_single_image wpb_content_element vc_align_center\">\n\t\t<div class=\"wpb_wrapper\">\n\t\t\t\n\t\t\t<div class=\"vc_single_image-wrapper   vc_box_border_grey\"><img width=\"664\" height=\"377\" src=\"https:\/\/fulfillmenthubhungary.com\/wp-content\/uploads\/2022\/03\/plans.png\" class=\"vc_single_image-img attachment-large\" alt=\"plans and prices\" loading=\"lazy\" srcset=\"https:\/\/fulfillmenthubhungary.com\/wp-content\/uploads\/2022\/03\/plans.png 664w, https:\/\/fulfillmenthubhungary.com\/wp-content\/uploads\/2022\/03\/plans-300x170.png 300w\" sizes=\"(max-width: 664px) 100vw, 664px\" \/><\/div>\n\t\t<\/div>\n\t<\/div>\n<\/div><\/div><\/div><\/div><\/div><\/div>","protected":false},"excerpt":{"rendered":"eCommerce Fulfillment Your reliable and efficient multi-channel eCommerce fulfillment Inventory and Order Management &nbsp; We start the process of picking and packing your products right after we receive the order from your store. Our team gets you on board with the warehouse management software. So,...","protected":false},"author":3,"featured_media":0,"parent":0,"menu_order":0,"comment_status":"closed","ping_status":"closed","template":"full_width.php","meta":[],"yoast_head":"<!-- This site is optimized with the Yoast SEO plugin v19.10 - https:\/\/yoast.com\/wordpress\/plugins\/seo\/ -->\n<title>Ecommerce Fulfillment Services | Fulfillment Hub Hungary\u00a0<\/title>\n<meta name=\"description\" content=\"Our E-Commerce fulfilment services provide complete solutions. We can seamlessly integrate with any E-Commerce platform and handle returns\" \/>\n<meta name=\"robots\" content=\"index, follow, max-snippet:-1, max-image-preview:large, max-video-preview:-1\" \/>\n<link rel=\"canonical\" href=\"https:\/\/fulfillmenthubhungary.com\/hu\/ecommerce-fulfillment\/\" \/>\n<meta property=\"og:locale\" content=\"hu_HU\" \/>\n<meta property=\"og:type\" content=\"article\" \/>\n<meta property=\"og:title\" content=\"Ecommerce Fulfillment Services | Fulfillment Hub Hungary\u00a0\" \/>\n<meta property=\"og:description\" content=\"Our E-Commerce fulfilment services provide complete solutions. We can seamlessly integrate with any E-Commerce platform and handle returns\" \/>\n<meta property=\"og:url\" content=\"https:\/\/fulfillmenthubhungary.com\/hu\/ecommerce-fulfillment\/\" \/>\n<meta property=\"og:site_name\" content=\"Affordable Fulfillment Center in Europe\" \/>\n<meta property=\"article:modified_time\" content=\"2022-11-30T07:57:41+00:00\" \/>\n<meta name=\"twitter:card\" content=\"summary_large_image\" \/>\n<meta name=\"twitter:label1\" content=\"Becs\u00fclt olvas\u00e1si id\u0151\" \/>\n\t<meta name=\"twitter:data1\" content=\"3 perc\" \/>\n<script type=\"application\/ld+json\" class=\"yoast-schema-graph\">{\"@context\":\"https:\/\/schema.org\",\"@graph\":[{\"@type\":\"WebPage\",\"@id\":\"https:\/\/fulfillmenthubhungary.com\/ecommerce-fulfillment\/\",\"url\":\"https:\/\/fulfillmenthubhungary.com\/ecommerce-fulfillment\/\",\"name\":\"Ecommerce Fulfillment Services | Fulfillment Hub Hungary\u00a0\",\"isPartOf\":{\"@id\":\"https:\/\/fulfillmenthubhungary.com\/#website\"},\"datePublished\":\"2022-03-21T05:50:11+00:00\",\"dateModified\":\"2022-11-30T07:57:41+00:00\",\"description\":\"Our E-Commerce fulfilment services provide complete solutions. We can seamlessly integrate with any E-Commerce platform and handle returns\",\"breadcrumb\":{\"@id\":\"https:\/\/fulfillmenthubhungary.com\/ecommerce-fulfillment\/#breadcrumb\"},\"inLanguage\":\"hu\",\"potentialAction\":[{\"@type\":\"ReadAction\",\"target\":[\"https:\/\/fulfillmenthubhungary.com\/ecommerce-fulfillment\/\"]}]},{\"@type\":\"BreadcrumbList\",\"@id\":\"https:\/\/fulfillmenthubhungary.com\/ecommerce-fulfillment\/#breadcrumb\",\"itemListElement\":[{\"@type\":\"ListItem\",\"position\":1,\"name\":\"Home\",\"item\":\"https:\/\/fulfillmenthubhungary.com\/\"},{\"@type\":\"ListItem\",\"position\":2,\"name\":\"Ecommerce Fulfillment\"}]},{\"@type\":\"WebSite\",\"@id\":\"https:\/\/fulfillmenthubhungary.com\/#website\",\"url\":\"https:\/\/fulfillmenthubhungary.com\/\",\"name\":\"Affordable Fulfillment Center in Europe\",\"description\":\"Your eCommerce Fulfillment Partner for scalable and consistent growth\",\"publisher\":{\"@id\":\"https:\/\/fulfillmenthubhungary.com\/#organization\"},\"potentialAction\":[{\"@type\":\"SearchAction\",\"target\":{\"@type\":\"EntryPoint\",\"urlTemplate\":\"https:\/\/fulfillmenthubhungary.com\/?s={search_term_string}\"},\"query-input\":\"required name=search_term_string\"}],\"inLanguage\":\"hu\"},{\"@type\":\"Organization\",\"@id\":\"https:\/\/fulfillmenthubhungary.com\/#organization\",\"name\":\"Fulfillment Hub Hungary\",\"url\":\"https:\/\/fulfillmenthubhungary.com\/\",\"logo\":{\"@type\":\"ImageObject\",\"inLanguage\":\"hu\",\"@id\":\"https:\/\/fulfillmenthubhungary.com\/#\/schema\/logo\/image\/\",\"url\":\"https:\/\/fulfillmenthubhungary.com\/wp-content\/uploads\/2022\/03\/LOGO_FFH.png\",\"contentUrl\":\"https:\/\/fulfillmenthubhungary.com\/wp-content\/uploads\/2022\/03\/LOGO_FFH.png\",\"width\":124,\"height\":52,\"caption\":\"Fulfillment Hub Hungary\"},\"image\":{\"@id\":\"https:\/\/fulfillmenthubhungary.com\/#\/schema\/logo\/image\/\"}}]}<\/script>\n<!-- \/ Yoast SEO plugin. -->","yoast_head_json":{"title":"Ecommerce Fulfillment Services | Fulfillment Hub Hungary\u00a0","description":"Our E-Commerce fulfilment services provide complete solutions. We can seamlessly integrate with any E-Commerce platform and handle returns","robots":{"index":"index","follow":"follow","max-snippet":"max-snippet:-1","max-image-preview":"max-image-preview:large","max-video-preview":"max-video-preview:-1"},"canonical":"https:\/\/fulfillmenthubhungary.com\/hu\/ecommerce-fulfillment\/","og_locale":"hu_HU","og_type":"article","og_title":"Ecommerce Fulfillment Services | Fulfillment Hub Hungary\u00a0","og_description":"Our E-Commerce fulfilment services provide complete solutions. We can seamlessly integrate with any E-Commerce platform and handle returns","og_url":"https:\/\/fulfillmenthubhungary.com\/hu\/ecommerce-fulfillment\/","og_site_name":"Affordable Fulfillment Center in Europe","article_modified_time":"2022-11-30T07:57:41+00:00","twitter_card":"summary_large_image","twitter_misc":{"Becs\u00fclt olvas\u00e1si id\u0151":"3 perc"},"schema":{"@context":"https:\/\/schema.org","@graph":[{"@type":"WebPage","@id":"https:\/\/fulfillmenthubhungary.com\/ecommerce-fulfillment\/","url":"https:\/\/fulfillmenthubhungary.com\/ecommerce-fulfillment\/","name":"Ecommerce Fulfillment Services | Fulfillment Hub Hungary\u00a0","isPartOf":{"@id":"https:\/\/fulfillmenthubhungary.com\/#website"},"datePublished":"2022-03-21T05:50:11+00:00","dateModified":"2022-11-30T07:57:41+00:00","description":"Our E-Commerce fulfilment services provide complete solutions. We can seamlessly integrate with any E-Commerce platform and handle returns","breadcrumb":{"@id":"https:\/\/fulfillmenthubhungary.com\/ecommerce-fulfillment\/#breadcrumb"},"inLanguage":"hu","potentialAction":[{"@type":"ReadAction","target":["https:\/\/fulfillmenthubhungary.com\/ecommerce-fulfillment\/"]}]},{"@type":"BreadcrumbList","@id":"https:\/\/fulfillmenthubhungary.com\/ecommerce-fulfillment\/#breadcrumb","itemListElement":[{"@type":"ListItem","position":1,"name":"Home","item":"https:\/\/fulfillmenthubhungary.com\/"},{"@type":"ListItem","position":2,"name":"Ecommerce Fulfillment"}]},{"@type":"WebSite","@id":"https:\/\/fulfillmenthubhungary.com\/#website","url":"https:\/\/fulfillmenthubhungary.com\/","name":"Affordable Fulfillment Center in Europe","description":"Your eCommerce Fulfillment Partner for scalable and consistent growth","publisher":{"@id":"https:\/\/fulfillmenthubhungary.com\/#organization"},"potentialAction":[{"@type":"SearchAction","target":{"@type":"EntryPoint","urlTemplate":"https:\/\/fulfillmenthubhungary.com\/?s={search_term_string}"},"query-input":"required name=search_term_string"}],"inLanguage":"hu"},{"@type":"Organization","@id":"https:\/\/fulfillmenthubhungary.com\/#organization","name":"Fulfillment Hub Hungary","url":"https:\/\/fulfillmenthubhungary.com\/","logo":{"@type":"ImageObject","inLanguage":"hu","@id":"https:\/\/fulfillmenthubhungary.com\/#\/schema\/logo\/image\/","url":"https:\/\/fulfillmenthubhungary.com\/wp-content\/uploads\/2022\/03\/LOGO_FFH.png","contentUrl":"https:\/\/fulfillmenthubhungary.com\/wp-content\/uploads\/2022\/03\/LOGO_FFH.png","width":124,"height":52,"caption":"Fulfillment Hub Hungary"},"image":{"@id":"https:\/\/fulfillmenthubhungary.com\/#\/schema\/logo\/image\/"}}]}},"_links":{"self":[{"href":"https:\/\/fulfillmenthubhungary.com\/hu\/wp-json\/wp\/v2\/pages\/892"}],"collection":[{"href":"https:\/\/fulfillmenthubhungary.com\/hu\/wp-json\/wp\/v2\/pages"}],"about":[{"href":"https:\/\/fulfillmenthubhungary.com\/hu\/wp-json\/wp\/v2\/types\/page"}],"author":[{"embeddable":true,"href":"https:\/\/fulfillmenthubhungary.com\/hu\/wp-json\/wp\/v2\/users\/3"}],"replies":[{"embeddable":true,"href":"https:\/\/fulfillmenthubhungary.com\/hu\/wp-json\/wp\/v2\/comments?post=892"}],"version-history":[{"count":9,"href":"https:\/\/fulfillmenthubhungary.com\/hu\/wp-json\/wp\/v2\/pages\/892\/revisions"}],"predecessor-version":[{"id":2281,"href":"https:\/\/fulfillmenthubhungary.com\/hu\/wp-json\/wp\/v2\/pages\/892\/revisions\/2281"}],"wp:attachment":[{"href":"https:\/\/fulfillmenthubhungary.com\/hu\/wp-json\/wp\/v2\/media?parent=892"}],"curies":[{"name":"wp","href":"https:\/\/api.w.org\/{rel}","templated":true}]}}