{"id":881,"date":"2022-03-21T05:30:27","date_gmt":"2022-03-21T05:30:27","guid":{"rendered":"https:\/\/fulfillmenthubhungary.com\/?page_id=881"},"modified":"2022-11-30T08:01:47","modified_gmt":"2022-11-30T08:01:47","slug":"domestic-shipping","status":"publish","type":"page","link":"https:\/\/fulfillmenthubhungary.com\/hu\/domestic-shipping\/","title":{"rendered":"Belf\u00f6ldi sz\u00e1ll\u00edt\u00e1s"},"content":{"rendered":"<div      class=\"vc_row wpb_row section vc_row-fluid  banner_section vc_custom_1648027814069\" style=' text-align:left;'><div class=\"full_section_inner clearfix\"><div class=\"wpb_column vc_column_container vc_col-sm-12\"><div class=\"vc_column-inner\"><div class=\"wpb_wrapper\">\n\t<div class=\"wpb_text_column wpb_content_element\">\n\t\t<div class=\"wpb_wrapper\">\n\t\t\t<h1 class=\"banner_title\" style=\"text-align: center;\">Belf\u00f6ldi sz\u00e1ll\u00edt\u00e1s<\/h1>\n<div class=\"divider_line\"><\/div>\n<p class=\"banner_txt\" style=\"text-align: center;\">Gyorsabb \u00e9s jobb belf\u00f6ldi sz\u00e1ll\u00edt\u00e1s megfizethet\u0151 \u00e1ron<\/p>\n\n\t\t<\/div> \n\t<\/div> <\/div><\/div><\/div><\/div><\/div><div      class=\"vc_row wpb_row section vc_row-fluid  m-mt-0 vc_custom_1669795241309 grid_section\" style=' text-align:left;'><div class=\"section_inner clearfix\"><div class='section_inner_margin clearfix'><div class=\"wpb_column vc_column_container vc_col-sm-6\"><div class=\"vc_column-inner\"><div class=\"wpb_wrapper\">\n\t<div class=\"wpb_single_image wpb_content_element vc_align_center\">\n\t\t<div class=\"wpb_wrapper\">\n\t\t\t\n\t\t\t<div class=\"vc_single_image-wrapper   vc_box_border_grey\"><img width=\"1024\" height=\"638\" src=\"https:\/\/fulfillmenthubhungary.com\/wp-content\/uploads\/2022\/03\/inner_domestic_services_img_1.png\" class=\"vc_single_image-img attachment-large\" alt=\"domestic_service\" loading=\"lazy\" srcset=\"https:\/\/fulfillmenthubhungary.com\/wp-content\/uploads\/2022\/03\/inner_domestic_services_img_1.png 1024w, https:\/\/fulfillmenthubhungary.com\/wp-content\/uploads\/2022\/03\/inner_domestic_services_img_1-300x187.png 300w, https:\/\/fulfillmenthubhungary.com\/wp-content\/uploads\/2022\/03\/inner_domestic_services_img_1-768x479.png 768w, https:\/\/fulfillmenthubhungary.com\/wp-content\/uploads\/2022\/03\/inner_domestic_services_img_1-700x436.png 700w\" sizes=\"(max-width: 1024px) 100vw, 1024px\" \/><\/div>\n\t\t<\/div>\n\t<\/div>\n<\/div><\/div><\/div><div class=\"wpb_column vc_column_container vc_col-sm-6\"><div class=\"vc_column-inner\"><div class=\"wpb_wrapper\">\n\t<div class=\"wpb_text_column wpb_content_element  vc_custom_1647840120938\">\n\t\t<div class=\"wpb_wrapper\">\n\t\t\t<h3 class=\"sub_service_title\">H\u00e1zt\u00f3l h\u00e1zig sz\u00e1ll\u00edt\u00e1s<\/h3>\n<p>&nbsp;<\/p>\n<p class=\"sub_service_txt\">Az \u00fcgyf\u00e9l el\u00e9gedetts\u00e9ge a kulcs. Ez\u00e9rt h\u00e1zhoz sz\u00e1ll\u00edtjuk a csomagokat. Hatalmas h\u00e1l\u00f3zattal rendelkez\u00fcnk, amely Eur\u00f3pa nagy r\u00e9sz\u00e9t lefedi. Lehet\u0151v\u00e9 teszi sz\u00e1munkra, hogy hat\u00e9konyan h\u00e1zhozsz\u00e1ll\u00edt\u00e1st biztos\u00edtsunk \u00d6nnek \u00e9s \u00fcgyfeleinek. Rakt\u00e1rkezel\u0151 rendszer\u00fcnkkel a rendel\u00e9seket pontosan dolgozzuk fel.<\/p>\n\n\t\t<\/div> \n\t<\/div> <\/div><\/div><\/div><\/div><\/div><\/div><div      class=\"vc_row wpb_row section vc_row-fluid  grid_section\" style=' text-align:left;'><div class=\"section_inner clearfix\"><div class='section_inner_margin clearfix'><div class=\"wpb_column vc_column_container vc_col-sm-12\"><div class=\"vc_column-inner\"><div class=\"wpb_wrapper\"><div class=\"separator m-m-0 normal\" style=\"margin-top: 30px;margin-bottom: 30px;background-color: #c4c4c4;height: 1px;\"><\/div>\n<\/div><\/div><\/div><\/div><\/div><\/div><div      class=\"vc_row wpb_row section vc_row-fluid  swap-on-mobile m-mt-0 vc_custom_1669795246130 grid_section\" style=' text-align:left;'><div class=\"section_inner clearfix\"><div class='section_inner_margin clearfix'><div class=\"wpb_column vc_column_container vc_col-sm-6\"><div class=\"vc_column-inner\"><div class=\"wpb_wrapper\">\n\t<div class=\"wpb_text_column wpb_content_element  vc_custom_1647840143967\">\n\t\t<div class=\"wpb_wrapper\">\n\t\t\t<h3 class=\"sub_service_title\">Sz\u00e1ll\u00edt\u00e1s vonattal<\/h3>\n<p>&nbsp;<\/p>\n<p class=\"sub_service_txt\">\"\n\nA vonatok kevesebb \u00fczemanyagot fogyasztanak \u00e9s f\u0151leg \u00e1rusz\u00e1ll\u00edt\u00e1sra haszn\u00e1lj\u00e1k k\u00fcl\u00f6nb\u00f6z\u0151 orsz\u00e1gokba,\u00e1llamokba. Ha belf\u00f6ldi vonattal sz\u00e1ll\u00edt, k\u00f6lts\u00e9ghat\u00e9kony lesz a sz\u00e1ll\u00edt\u00e1s. Havonta t\u00f6bb ezer csomagot sz\u00e1ll\u00edtunk. Ez\u00e9rt k\u00e9ts\u00e9gtelen\u00fcl j\u00f3 aj\u00e1nlatot tudunk adni a vas\u00fati rakom\u00e1ny tekintet\u00e9ben, ha ezt v\u00e1lasztja.\"<\/p>\n\n\t\t<\/div> \n\t<\/div> <\/div><\/div><\/div><div class=\"wpb_column vc_column_container vc_col-sm-6\"><div class=\"vc_column-inner\"><div class=\"wpb_wrapper\">\n\t<div class=\"wpb_single_image wpb_content_element vc_align_center\">\n\t\t<div class=\"wpb_wrapper\">\n\t\t\t\n\t\t\t<div class=\"vc_single_image-wrapper   vc_box_border_grey\"><img width=\"557\" height=\"348\" src=\"https:\/\/fulfillmenthubhungary.com\/wp-content\/uploads\/2022\/03\/inner_domestic_services_img_2.png\" class=\"vc_single_image-img attachment-large\" alt=\"domestic_service\" loading=\"lazy\" srcset=\"https:\/\/fulfillmenthubhungary.com\/wp-content\/uploads\/2022\/03\/inner_domestic_services_img_2.png 557w, https:\/\/fulfillmenthubhungary.com\/wp-content\/uploads\/2022\/03\/inner_domestic_services_img_2-300x187.png 300w\" sizes=\"(max-width: 557px) 100vw, 557px\" \/><\/div>\n\t\t<\/div>\n\t<\/div>\n<\/div><\/div><\/div><\/div><\/div><\/div><div      class=\"vc_row wpb_row section vc_row-fluid  grid_section\" style=' text-align:left;'><div class=\"section_inner clearfix\"><div class='section_inner_margin clearfix'><div class=\"wpb_column vc_column_container vc_col-sm-12\"><div class=\"vc_column-inner\"><div class=\"wpb_wrapper\"><div class=\"separator m-m-0 normal\" style=\"margin-top: 30px;margin-bottom: 30px;background-color: #c4c4c4;height: 1px;\"><\/div>\n<\/div><\/div><\/div><\/div><\/div><\/div><div      class=\"vc_row wpb_row section vc_row-fluid  m-mt-0 vc_custom_1669795250442 grid_section\" style=' text-align:left;'><div class=\"section_inner clearfix\"><div class='section_inner_margin clearfix'><div class=\"wpb_column vc_column_container vc_col-sm-6\"><div class=\"vc_column-inner\"><div class=\"wpb_wrapper\">\n\t<div class=\"wpb_single_image wpb_content_element vc_align_center\">\n\t\t<div class=\"wpb_wrapper\">\n\t\t\t\n\t\t\t<div class=\"vc_single_image-wrapper   vc_box_border_grey\"><img width=\"557\" height=\"347\" src=\"https:\/\/fulfillmenthubhungary.com\/wp-content\/uploads\/2022\/03\/inner_domestic_services_img_3.png\" class=\"vc_single_image-img attachment-large\" alt=\"domestic_service\" loading=\"lazy\" srcset=\"https:\/\/fulfillmenthubhungary.com\/wp-content\/uploads\/2022\/03\/inner_domestic_services_img_3.png 557w, https:\/\/fulfillmenthubhungary.com\/wp-content\/uploads\/2022\/03\/inner_domestic_services_img_3-300x187.png 300w\" sizes=\"(max-width: 557px) 100vw, 557px\" \/><\/div>\n\t\t<\/div>\n\t<\/div>\n<\/div><\/div><\/div><div class=\"wpb_column vc_column_container vc_col-sm-6\"><div class=\"vc_column-inner\"><div class=\"wpb_wrapper\">\n\t<div class=\"wpb_text_column wpb_content_element  vc_custom_1647840322593\">\n\t\t<div class=\"wpb_wrapper\">\n\t\t\t<h3 class=\"sub_service_title\">Sz\u00e1ll\u00edt\u00e1s l\u00e9gi \u00faton<\/h3>\n<p>&nbsp;<\/p>\n<p class=\"sub_service_txt\">\"\n\nA l\u00e9gi cargo a belf\u00f6ldi transzport leggyorsabb sz\u00e1ll\u00edt\u00e1si m\u00f3dja. Ez a m\u00f3dszer ide\u00e1lis, ha s\u00fcrg\u0151ss\u00e9gi gy\u00f3gy\u00e1szati \u200b\u200bseg\u00e9deszk\u00f6z\u00f6ket, tejterm\u00e9keket vagy b\u00e1rmilyen alacsony eltarthat\u00f3s\u00e1gi idej\u0171 term\u00e9ket sz\u00e1ll\u00edt. Egy\u00fcttm\u0171k\u00f6d\u00fcnk a j\u00f3l ismert sz\u00e1ll\u00edtm\u00e1nyoz\u00f3i szolg\u00e1ltat\u00e1sokkal, hogy term\u00e9keit id\u0151ben \u00e9s biztons\u00e1gban sz\u00e1ll\u00edthassuk.\"<\/p>\n\n\t\t<\/div> \n\t<\/div> <\/div><\/div><\/div><\/div><\/div><\/div><div      class=\"vc_row wpb_row section vc_row-fluid  grid_section\" style=' text-align:left;'><div class=\"section_inner clearfix\"><div class='section_inner_margin clearfix'><div class=\"wpb_column vc_column_container vc_col-sm-12\"><div class=\"vc_column-inner\"><div class=\"wpb_wrapper\"><div class=\"separator m-m-0 normal\" style=\"margin-top: 30px;margin-bottom: 30px;background-color: #c4c4c4;height: 1px;\"><\/div>\n<\/div><\/div><\/div><\/div><\/div><\/div><div      class=\"vc_row wpb_row section vc_row-fluid  swap-on-mobile m-mt-0 vc_custom_1669795255658 grid_section\" style=' text-align:left;'><div class=\"section_inner clearfix\"><div class='section_inner_margin clearfix'><div class=\"wpb_column vc_column_container vc_col-sm-6\"><div class=\"vc_column-inner\"><div class=\"wpb_wrapper\">\n\t<div class=\"wpb_text_column wpb_content_element  vc_custom_1647840555138\">\n\t\t<div class=\"wpb_wrapper\">\n\t\t\t<h3 class=\"sub_service_title\">K\u00f6z\u00fati sz\u00e1ll\u00edt\u00e1s<\/h3>\n<p>&nbsp;<\/p>\n<p class=\"sub_service_txt\">\"\n\nAz \u00e1rusz\u00e1ll\u00edt\u00e1s egyik \u00e1ltal\u00e1nos m\u00f3dja a k\u00f6z\u00fati sz\u00e1ll\u00edt\u00e1s. A k\u00f6z\u00fati sz\u00e1ll\u00edt\u00e1s k\u00f6lts\u00e9ghat\u00e9konyabb, mint a l\u00e9gi \u00e1ru. Eur\u00f3pa j\u00f3 \u00f6sszek\u00f6ttet\u00e9s\u0171 \u00fatjai lehet\u0151v\u00e9 teszik a csomagok gyors kisz\u00e1ll\u00edt\u00e1s\u00e1t. Ezenk\u00edv\u00fcl az egyszer\u0171s\u00edtett hat\u00e1r\u00e1tl\u00e9p\u00e9s \u00e9s annak dokument\u00e1ci\u00f3s r\u00e9sze  lehet\u0151v\u00e9 teszi a teheraut\u00f3k z\u00f6kken\u0151mentes \u00e1thalad\u00e1s\u00e1t a k\u00fcl\u00f6nb\u00f6z\u0151 \u00e1llamokba.\"<\/p>\n\n\t\t<\/div> \n\t<\/div> <\/div><\/div><\/div><div class=\"wpb_column vc_column_container vc_col-sm-6\"><div class=\"vc_column-inner\"><div class=\"wpb_wrapper\">\n\t<div class=\"wpb_single_image wpb_content_element vc_align_center\">\n\t\t<div class=\"wpb_wrapper\">\n\t\t\t\n\t\t\t<div class=\"vc_single_image-wrapper   vc_box_border_grey\"><img width=\"557\" height=\"347\" src=\"https:\/\/fulfillmenthubhungary.com\/wp-content\/uploads\/2022\/03\/inner_domestic_services_img_4.png\" class=\"vc_single_image-img attachment-large\" alt=\"domestic_service\" loading=\"lazy\" srcset=\"https:\/\/fulfillmenthubhungary.com\/wp-content\/uploads\/2022\/03\/inner_domestic_services_img_4.png 557w, https:\/\/fulfillmenthubhungary.com\/wp-content\/uploads\/2022\/03\/inner_domestic_services_img_4-300x187.png 300w\" sizes=\"(max-width: 557px) 100vw, 557px\" \/><\/div>\n\t\t<\/div>\n\t<\/div>\n<\/div><\/div><\/div><\/div><\/div><\/div><div      class=\"vc_row wpb_row section vc_row-fluid  grid_section\" style=' text-align:left;'><div class=\"section_inner clearfix\"><div class='section_inner_margin clearfix'><div class=\"wpb_column vc_column_container vc_col-sm-12\"><div class=\"vc_column-inner\"><div class=\"wpb_wrapper\"><div class=\"separator m-m-0 normal\" style=\"margin-top: 30px;margin-bottom: 30px;background-color: #c4c4c4;height: 1px;\"><\/div>\n<\/div><\/div><\/div><\/div><\/div><\/div><div      class=\"vc_row wpb_row section vc_row-fluid  m-mt-0 vc_custom_1669795265282 grid_section\" style=' text-align:left;'><div class=\"section_inner clearfix\"><div class='section_inner_margin clearfix'><div class=\"wpb_column vc_column_container vc_col-sm-6\"><div class=\"vc_column-inner\"><div class=\"wpb_wrapper\">\n\t<div class=\"wpb_single_image wpb_content_element vc_align_center\">\n\t\t<div class=\"wpb_wrapper\">\n\t\t\t\n\t\t\t<div class=\"vc_single_image-wrapper   vc_box_border_grey\"><img width=\"1024\" height=\"483\" src=\"https:\/\/fulfillmenthubhungary.com\/wp-content\/uploads\/2022\/03\/contact-us-hero-image-1024x483.png\" class=\"vc_single_image-img attachment-large\" alt=\"contact Us\" loading=\"lazy\" srcset=\"https:\/\/fulfillmenthubhungary.com\/wp-content\/uploads\/2022\/03\/contact-us-hero-image-1024x483.png 1024w, https:\/\/fulfillmenthubhungary.com\/wp-content\/uploads\/2022\/03\/contact-us-hero-image-300x141.png 300w, https:\/\/fulfillmenthubhungary.com\/wp-content\/uploads\/2022\/03\/contact-us-hero-image-768x362.png 768w, https:\/\/fulfillmenthubhungary.com\/wp-content\/uploads\/2022\/03\/contact-us-hero-image-700x330.png 700w, https:\/\/fulfillmenthubhungary.com\/wp-content\/uploads\/2022\/03\/contact-us-hero-image.png 1124w\" sizes=\"(max-width: 1024px) 100vw, 1024px\" \/><\/div>\n\t\t<\/div>\n\t<\/div>\n<\/div><\/div><\/div><div class=\"wpb_column vc_column_container vc_col-sm-6\"><div class=\"vc_column-inner\"><div class=\"wpb_wrapper\">\n\t<div class=\"wpb_text_column wpb_content_element  bottom_CTA_title vc_custom_1651152316684\">\n\t\t<div class=\"wpb_wrapper\">\n\t\t\t<h2 class=\"bottom_CTA_title\">Sz\u00e1ll\u00edt\u00e1s az \u00fcgyfele ajtaj\u00e1hoz<\/h2>\n\n\t\t<\/div> \n\t<\/div> <a  itemprop=\"url\" href=\"https:\/\/fulfillmenthubhungary.com\/hu\/contact-us\/\" target=\"_self\"  class=\"qbutton  center default button_orange\" style=\"margin: 10px 0px 20px 0px; \">Kezdje el m\u00e9g ma<\/a><\/div><\/div><\/div><\/div><\/div><\/div><div      class=\"vc_row wpb_row section vc_row-fluid  grid_section\" style=' text-align:left;'><div class=\"section_inner clearfix\"><div class='section_inner_margin clearfix'><div class=\"wpb_column vc_column_container vc_col-sm-12\"><div class=\"vc_column-inner\"><div class=\"wpb_wrapper\"><div class=\"separator m-m-0 normal\" style=\"margin-top: 30px;margin-bottom: 30px;background-color: #c4c4c4;height: 1px;\"><\/div>\n<\/div><\/div><\/div><\/div><\/div><\/div><div      class=\"vc_row wpb_row section vc_row-fluid  swap-on-mobile m-mt-0 vc_custom_1669795272266 grid_section\" style=' text-align:left;'><div class=\"section_inner clearfix\"><div class='section_inner_margin clearfix'><div class=\"wpb_column vc_column_container vc_col-sm-6\"><div class=\"vc_column-inner\"><div class=\"wpb_wrapper\">\n\t<div class=\"wpb_text_column wpb_content_element  bottom_CTA_title vc_custom_1651152322755\">\n\t\t<div class=\"wpb_wrapper\">\n\t\t\t<h2 class=\"bottom_CTA_title\">Tekintse meg \u00e1tl\u00e1that\u00f3 terveinket  \u00e9s \u00e1rainkat<\/h2>\n\n\t\t<\/div> \n\t<\/div> <div class=\"separator  normal\" style=\"margin-top: 15px;margin-bottom: 15px;background-color: #c4c4c4;height: 1px;\"><\/div>\n\n\t<div class=\"wpb_text_column wpb_content_element\">\n\t\t<div class=\"wpb_wrapper\">\n\t\t\t<p class=\"sub_service_txt\">Sz\u00edvesen seg\u00edt\u00fcnk a v\u00e1llalkoz\u00e1soknak abban, hogy \u00e1tl\u00e1that\u00f3 \u00e1rakkal az orsz\u00e1g legjobb logisztikai t\u00e1mogat\u00e1s\u00e1t kapj\u00e1k. \u00dcgyfeleink glob\u00e1lisak, \u00e9s az \u0151 bizalmuk az, ami miatt t\u00f6bbre t\u00f6reksz\u00fcnk. Kiv\u00e1laszthat egy alap\u00e1rat \u00e9s \u00e9p\u00edthet r\u00e1, vagy vegye fel vel\u00fcnk a  kapcsolatot, hogy egyedi \u00e1raj\u00e1nlatot k\u00e9rjen.<\/p>\n\n\t\t<\/div> \n\t<\/div> <a  itemprop=\"url\" href=\"https:\/\/fulfillmenthubhungary.com\/hu\/pricing\/\" target=\"_self\"  class=\"qbutton  center default button_orange\" style=\"margin: 10px 0px 20px 0px; \">TUDJON MEG T\u00d6BBET<\/a><\/div><\/div><\/div><div class=\"wpb_column vc_column_container vc_col-sm-6\"><div class=\"vc_column-inner\"><div class=\"wpb_wrapper\">\n\t<div class=\"wpb_single_image wpb_content_element vc_align_center\">\n\t\t<div class=\"wpb_wrapper\">\n\t\t\t\n\t\t\t<div class=\"vc_single_image-wrapper   vc_box_border_grey\"><img width=\"664\" height=\"377\" src=\"https:\/\/fulfillmenthubhungary.com\/wp-content\/uploads\/2022\/03\/plans.png\" class=\"vc_single_image-img attachment-large\" alt=\"plans and prices\" loading=\"lazy\" srcset=\"https:\/\/fulfillmenthubhungary.com\/wp-content\/uploads\/2022\/03\/plans.png 664w, https:\/\/fulfillmenthubhungary.com\/wp-content\/uploads\/2022\/03\/plans-300x170.png 300w\" sizes=\"(max-width: 664px) 100vw, 664px\" \/><\/div>\n\t\t<\/div>\n\t<\/div>\n<\/div><\/div><\/div><\/div><\/div><\/div>","protected":false},"excerpt":{"rendered":"Domestic Shipping Ship domestically faster and better at an affordable rate Door to Door Shipping &nbsp; Customer satisfaction is the key. Therefore, we deliver the packages to their door. We have a vast network covering most of Europe. It enables us to provide door delivery...","protected":false},"author":3,"featured_media":0,"parent":0,"menu_order":0,"comment_status":"closed","ping_status":"closed","template":"full_width.php","meta":[],"yoast_head":"<!-- This site is optimized with the Yoast SEO plugin v19.10 - https:\/\/yoast.com\/wordpress\/plugins\/seo\/ -->\n<title>Domestic Shipping | Prices &amp; Quotes| Fulfillment Hub Hungary\u00a0<\/title>\n<meta name=\"description\" content=\"Fulfillment Hub Hungary offers affordable domestic shipping services for all your shipping requirements at reasonable prices.\u00a0\" \/>\n<meta name=\"robots\" content=\"index, follow, max-snippet:-1, max-image-preview:large, max-video-preview:-1\" \/>\n<link rel=\"canonical\" href=\"https:\/\/fulfillmenthubhungary.com\/hu\/domestic-shipping\/\" \/>\n<meta property=\"og:locale\" content=\"hu_HU\" \/>\n<meta property=\"og:type\" content=\"article\" \/>\n<meta property=\"og:title\" content=\"Domestic Shipping | Prices &amp; Quotes| Fulfillment Hub Hungary\u00a0\" \/>\n<meta property=\"og:description\" content=\"Fulfillment Hub Hungary offers affordable domestic shipping services for all your shipping requirements at reasonable prices.\u00a0\" \/>\n<meta property=\"og:url\" content=\"https:\/\/fulfillmenthubhungary.com\/hu\/domestic-shipping\/\" \/>\n<meta property=\"og:site_name\" content=\"Affordable Fulfillment Center in Europe\" \/>\n<meta property=\"article:modified_time\" content=\"2022-11-30T08:01:47+00:00\" \/>\n<meta name=\"twitter:card\" content=\"summary_large_image\" \/>\n<meta name=\"twitter:label1\" content=\"Becs\u00fclt olvas\u00e1si id\u0151\" \/>\n\t<meta name=\"twitter:data1\" content=\"3 perc\" \/>\n<script type=\"application\/ld+json\" class=\"yoast-schema-graph\">{\"@context\":\"https:\/\/schema.org\",\"@graph\":[{\"@type\":\"WebPage\",\"@id\":\"https:\/\/fulfillmenthubhungary.com\/domestic-shipping\/\",\"url\":\"https:\/\/fulfillmenthubhungary.com\/domestic-shipping\/\",\"name\":\"Domestic Shipping | Prices & Quotes| Fulfillment Hub Hungary\u00a0\",\"isPartOf\":{\"@id\":\"https:\/\/fulfillmenthubhungary.com\/#website\"},\"datePublished\":\"2022-03-21T05:30:27+00:00\",\"dateModified\":\"2022-11-30T08:01:47+00:00\",\"description\":\"Fulfillment Hub Hungary offers affordable domestic shipping services for all your shipping requirements at reasonable prices.\u00a0\",\"breadcrumb\":{\"@id\":\"https:\/\/fulfillmenthubhungary.com\/domestic-shipping\/#breadcrumb\"},\"inLanguage\":\"hu\",\"potentialAction\":[{\"@type\":\"ReadAction\",\"target\":[\"https:\/\/fulfillmenthubhungary.com\/domestic-shipping\/\"]}]},{\"@type\":\"BreadcrumbList\",\"@id\":\"https:\/\/fulfillmenthubhungary.com\/domestic-shipping\/#breadcrumb\",\"itemListElement\":[{\"@type\":\"ListItem\",\"position\":1,\"name\":\"Home\",\"item\":\"https:\/\/fulfillmenthubhungary.com\/\"},{\"@type\":\"ListItem\",\"position\":2,\"name\":\"Domestic Shipping\"}]},{\"@type\":\"WebSite\",\"@id\":\"https:\/\/fulfillmenthubhungary.com\/#website\",\"url\":\"https:\/\/fulfillmenthubhungary.com\/\",\"name\":\"Affordable Fulfillment Center in Europe\",\"description\":\"Your eCommerce Fulfillment Partner for scalable and consistent growth\",\"publisher\":{\"@id\":\"https:\/\/fulfillmenthubhungary.com\/#organization\"},\"potentialAction\":[{\"@type\":\"SearchAction\",\"target\":{\"@type\":\"EntryPoint\",\"urlTemplate\":\"https:\/\/fulfillmenthubhungary.com\/?s={search_term_string}\"},\"query-input\":\"required name=search_term_string\"}],\"inLanguage\":\"hu\"},{\"@type\":\"Organization\",\"@id\":\"https:\/\/fulfillmenthubhungary.com\/#organization\",\"name\":\"Fulfillment Hub Hungary\",\"url\":\"https:\/\/fulfillmenthubhungary.com\/\",\"logo\":{\"@type\":\"ImageObject\",\"inLanguage\":\"hu\",\"@id\":\"https:\/\/fulfillmenthubhungary.com\/#\/schema\/logo\/image\/\",\"url\":\"https:\/\/fulfillmenthubhungary.com\/wp-content\/uploads\/2022\/03\/LOGO_FFH.png\",\"contentUrl\":\"https:\/\/fulfillmenthubhungary.com\/wp-content\/uploads\/2022\/03\/LOGO_FFH.png\",\"width\":124,\"height\":52,\"caption\":\"Fulfillment Hub Hungary\"},\"image\":{\"@id\":\"https:\/\/fulfillmenthubhungary.com\/#\/schema\/logo\/image\/\"}}]}<\/script>\n<!-- \/ Yoast SEO plugin. -->","yoast_head_json":{"title":"Domestic Shipping | Prices & Quotes| Fulfillment Hub Hungary\u00a0","description":"Fulfillment Hub Hungary offers affordable domestic shipping services for all your shipping requirements at reasonable prices.\u00a0","robots":{"index":"index","follow":"follow","max-snippet":"max-snippet:-1","max-image-preview":"max-image-preview:large","max-video-preview":"max-video-preview:-1"},"canonical":"https:\/\/fulfillmenthubhungary.com\/hu\/domestic-shipping\/","og_locale":"hu_HU","og_type":"article","og_title":"Domestic Shipping | Prices & Quotes| Fulfillment Hub Hungary\u00a0","og_description":"Fulfillment Hub Hungary offers affordable domestic shipping services for all your shipping requirements at reasonable prices.\u00a0","og_url":"https:\/\/fulfillmenthubhungary.com\/hu\/domestic-shipping\/","og_site_name":"Affordable Fulfillment Center in Europe","article_modified_time":"2022-11-30T08:01:47+00:00","twitter_card":"summary_large_image","twitter_misc":{"Becs\u00fclt olvas\u00e1si id\u0151":"3 perc"},"schema":{"@context":"https:\/\/schema.org","@graph":[{"@type":"WebPage","@id":"https:\/\/fulfillmenthubhungary.com\/domestic-shipping\/","url":"https:\/\/fulfillmenthubhungary.com\/domestic-shipping\/","name":"Domestic Shipping | Prices & Quotes| Fulfillment Hub Hungary\u00a0","isPartOf":{"@id":"https:\/\/fulfillmenthubhungary.com\/#website"},"datePublished":"2022-03-21T05:30:27+00:00","dateModified":"2022-11-30T08:01:47+00:00","description":"Fulfillment Hub Hungary offers affordable domestic shipping services for all your shipping requirements at reasonable prices.\u00a0","breadcrumb":{"@id":"https:\/\/fulfillmenthubhungary.com\/domestic-shipping\/#breadcrumb"},"inLanguage":"hu","potentialAction":[{"@type":"ReadAction","target":["https:\/\/fulfillmenthubhungary.com\/domestic-shipping\/"]}]},{"@type":"BreadcrumbList","@id":"https:\/\/fulfillmenthubhungary.com\/domestic-shipping\/#breadcrumb","itemListElement":[{"@type":"ListItem","position":1,"name":"Home","item":"https:\/\/fulfillmenthubhungary.com\/"},{"@type":"ListItem","position":2,"name":"Domestic Shipping"}]},{"@type":"WebSite","@id":"https:\/\/fulfillmenthubhungary.com\/#website","url":"https:\/\/fulfillmenthubhungary.com\/","name":"Affordable Fulfillment Center in Europe","description":"Your eCommerce Fulfillment Partner for scalable and consistent growth","publisher":{"@id":"https:\/\/fulfillmenthubhungary.com\/#organization"},"potentialAction":[{"@type":"SearchAction","target":{"@type":"EntryPoint","urlTemplate":"https:\/\/fulfillmenthubhungary.com\/?s={search_term_string}"},"query-input":"required name=search_term_string"}],"inLanguage":"hu"},{"@type":"Organization","@id":"https:\/\/fulfillmenthubhungary.com\/#organization","name":"Fulfillment Hub Hungary","url":"https:\/\/fulfillmenthubhungary.com\/","logo":{"@type":"ImageObject","inLanguage":"hu","@id":"https:\/\/fulfillmenthubhungary.com\/#\/schema\/logo\/image\/","url":"https:\/\/fulfillmenthubhungary.com\/wp-content\/uploads\/2022\/03\/LOGO_FFH.png","contentUrl":"https:\/\/fulfillmenthubhungary.com\/wp-content\/uploads\/2022\/03\/LOGO_FFH.png","width":124,"height":52,"caption":"Fulfillment Hub Hungary"},"image":{"@id":"https:\/\/fulfillmenthubhungary.com\/#\/schema\/logo\/image\/"}}]}},"_links":{"self":[{"href":"https:\/\/fulfillmenthubhungary.com\/hu\/wp-json\/wp\/v2\/pages\/881"}],"collection":[{"href":"https:\/\/fulfillmenthubhungary.com\/hu\/wp-json\/wp\/v2\/pages"}],"about":[{"href":"https:\/\/fulfillmenthubhungary.com\/hu\/wp-json\/wp\/v2\/types\/page"}],"author":[{"embeddable":true,"href":"https:\/\/fulfillmenthubhungary.com\/hu\/wp-json\/wp\/v2\/users\/3"}],"replies":[{"embeddable":true,"href":"https:\/\/fulfillmenthubhungary.com\/hu\/wp-json\/wp\/v2\/comments?post=881"}],"version-history":[{"count":15,"href":"https:\/\/fulfillmenthubhungary.com\/hu\/wp-json\/wp\/v2\/pages\/881\/revisions"}],"predecessor-version":[{"id":2284,"href":"https:\/\/fulfillmenthubhungary.com\/hu\/wp-json\/wp\/v2\/pages\/881\/revisions\/2284"}],"wp:attachment":[{"href":"https:\/\/fulfillmenthubhungary.com\/hu\/wp-json\/wp\/v2\/media?parent=881"}],"curies":[{"name":"wp","href":"https:\/\/api.w.org\/{rel}","templated":true}]}}