{"id":811,"date":"2022-03-19T12:24:05","date_gmt":"2022-03-19T12:24:05","guid":{"rendered":"http:\/\/18.119.163.208\/?page_id=811"},"modified":"2022-11-30T09:00:59","modified_gmt":"2022-11-30T09:00:59","slug":"how-it-works","status":"publish","type":"page","link":"https:\/\/fulfillmenthubhungary.com\/hu\/how-it-works\/","title":{"rendered":"Hogyan m\u0171k\u00f6dik"},"content":{"rendered":"<div      class=\"vc_row wpb_row section vc_row-fluid  banner-sec vc_custom_1669798858434\" style=' text-align:left;'><div class=\"full_section_inner clearfix\"><div class=\"wpb_column vc_column_container vc_col-sm-4\"><div class=\"vc_column-inner vc_custom_1647693842221\"><div class=\"wpb_wrapper\">\n\t<div class=\"wpb_text_column wpb_content_element  vc_custom_1647694033815\">\n\t\t<div class=\"wpb_wrapper\">\n\t\t\t<h2 class=\"heading_txt\">K\u00edv\u00e1ncsi a folyamatunkra? Tal\u00e1ljuk ki!<\/h2>\n<p>&nbsp;<\/p>\n<p class=\"hero_discription_txt\">Amikor regisztr\u00e1l n\u00e1lunk, a megrendel\u00e9s-teljes\u00edt\u00e9si folyamattal kapcsolatos aggodalmait \u00e1th\u00e1r\u00edtja r\u00e1nk. Fejlett technol\u00f3gi\u00e1nk, hat\u00e9kony szolg\u00e1ltat\u00e1saink \u00e9s elk\u00f6telezett csapatunk seg\u00edthet v\u00e1llalkoz\u00e1sa b\u0151v\u00edt\u00e9s\u00e9ben.<\/p>\n<p>&nbsp;<\/p>\n<p class=\"hero_discription_txt\">A 3PL v\u00e1laszt\u00e1s bonyolult lehet. Ez\u00e9rt a Fulfillment Hub Magyarorsz\u00e1ggal t\u00f6rt\u00e9n\u0151 megrendel\u00e9s teljes\u00edt\u00e9si folyamat\u00e1t l\u00e9p\u00e9sr\u0151l l\u00e9p\u00e9sre bemutatjuk. Ez seg\u00edt jobban meg\u00e9rteni a teljes folyamatot. Teh\u00e1t sz\u00e1munkra fontos, hogy egy\u00e9rtelm\u0171 legyen az \u00d6n sz\u00e1m\u00e1ra is m\u0171k\u00f6d\u00e9s\u00fcnk menete.<\/p>\n\n\t\t<\/div> \n\t<\/div> <\/div><\/div><\/div><div class=\"wpb_column vc_column_container vc_col-sm-8\"><div class=\"vc_column-inner\"><div class=\"wpb_wrapper\">\n\t<div class=\"wpb_single_image wpb_content_element vc_align_center\">\n\t\t<div class=\"wpb_wrapper\">\n\t\t\t\n\t\t\t<div class=\"vc_single_image-wrapper   vc_box_border_grey\"><img width=\"1658\" height=\"1188\" src=\"https:\/\/fulfillmenthubhungary.com\/wp-content\/uploads\/2022\/03\/how-it-works-heroimage.png\" class=\"vc_single_image-img attachment-full\" alt=\"how-it-works\" loading=\"lazy\" srcset=\"https:\/\/fulfillmenthubhungary.com\/wp-content\/uploads\/2022\/03\/how-it-works-heroimage.png 1658w, https:\/\/fulfillmenthubhungary.com\/wp-content\/uploads\/2022\/03\/how-it-works-heroimage-300x215.png 300w, https:\/\/fulfillmenthubhungary.com\/wp-content\/uploads\/2022\/03\/how-it-works-heroimage-1024x734.png 1024w, https:\/\/fulfillmenthubhungary.com\/wp-content\/uploads\/2022\/03\/how-it-works-heroimage-768x550.png 768w, https:\/\/fulfillmenthubhungary.com\/wp-content\/uploads\/2022\/03\/how-it-works-heroimage-1536x1101.png 1536w, https:\/\/fulfillmenthubhungary.com\/wp-content\/uploads\/2022\/03\/how-it-works-heroimage-700x502.png 700w\" sizes=\"(max-width: 1658px) 100vw, 1658px\" \/><\/div>\n\t\t<\/div>\n\t<\/div>\n<\/div><\/div><\/div><\/div><\/div><div      class=\"vc_row wpb_row section vc_row-fluid  grid_section\" style=' text-align:left;'><div class=\"section_inner clearfix\"><div class='section_inner_margin clearfix'><div class=\"wpb_column vc_column_container vc_col-sm-12\"><div class=\"vc_column-inner\"><div class=\"wpb_wrapper\"><div class=\"qode-workflow  qode-workflow-animate\">\n    <span class=\"main-line\" style=\"background-color:#000000;\"><\/span>\n    <div class=\"qode-workflow-item\">\n    <span class=\"line\" style=\"background-color:#dd9933;\"><\/span>\n    <div class=\"qode-workflow-item-inner\">\n        <div class=\"qode-workflow-image left\">\n            <img width=\"510\" height=\"311\" src=\"https:\/\/fulfillmenthubhungary.com\/wp-content\/uploads\/2022\/03\/ecommerce-business.png\" class=\"attachment-full size-full\" alt=\"You partner with us for your eCommerce business\" loading=\"lazy\" srcset=\"https:\/\/fulfillmenthubhungary.com\/wp-content\/uploads\/2022\/03\/ecommerce-business.png 510w, https:\/\/fulfillmenthubhungary.com\/wp-content\/uploads\/2022\/03\/ecommerce-business-300x183.png 300w\" sizes=\"(max-width: 510px) 100vw, 510px\" \/>        <\/div>\n        <div class=\"qode-workflow-text\">\n            <span class=\"circle\" style=\"border-color:#000000;background-color:#dd9933;\"><\/span>\n                                                    <p class=\"text\">AZ E-KERESKEDELMI V\u00c1LLALKOZ\u00c1S\u00c1BAN \u00d6N PARTNER VEL\u00dcNK<\/p>\n                    <\/div>\n    <\/div>\n<\/div><div class=\"qode-workflow-item\">\n    <span class=\"line\" style=\"\"><\/span>\n    <div class=\"qode-workflow-item-inner reverse\">\n        <div class=\"qode-workflow-image left\">\n            <img width=\"533\" height=\"310\" src=\"https:\/\/fulfillmenthubhungary.com\/wp-content\/uploads\/2022\/03\/FHH_how-it-work_img.png\" class=\"attachment-full size-full\" alt=\"how-it-work\" loading=\"lazy\" srcset=\"https:\/\/fulfillmenthubhungary.com\/wp-content\/uploads\/2022\/03\/FHH_how-it-work_img.png 533w, https:\/\/fulfillmenthubhungary.com\/wp-content\/uploads\/2022\/03\/FHH_how-it-work_img-300x174.png 300w\" sizes=\"(max-width: 533px) 100vw, 533px\" \/>        <\/div>\n        <div class=\"qode-workflow-text\">\n            <span class=\"circle\" style=\"\"><\/span>\n                                                    <p class=\"text\">TERM\u00c9KEINEK SZ\u00c1LL\u00cdT\u00c1SA RAKT\u00c1RAINKBA<\/p>\n                    <\/div>\n    <\/div>\n<\/div><div class=\"qode-workflow-item\">\n    <span class=\"line\" style=\"\"><\/span>\n    <div class=\"qode-workflow-item-inner\">\n        <div class=\"qode-workflow-image left\">\n            <img width=\"510\" height=\"341\" src=\"https:\/\/fulfillmenthubhungary.com\/wp-content\/uploads\/2022\/04\/how-it-works.png\" class=\"attachment-full size-full\" alt=\"how-it-works-icon-3\" loading=\"lazy\" srcset=\"https:\/\/fulfillmenthubhungary.com\/wp-content\/uploads\/2022\/04\/how-it-works.png 510w, https:\/\/fulfillmenthubhungary.com\/wp-content\/uploads\/2022\/04\/how-it-works-300x201.png 300w, https:\/\/fulfillmenthubhungary.com\/wp-content\/uploads\/2022\/04\/how-it-works-18x12.png 18w\" sizes=\"(max-width: 510px) 100vw, 510px\" \/>        <\/div>\n        <div class=\"qode-workflow-text\">\n            <span class=\"circle\" style=\"\"><\/span>\n                                                    <p class=\"text\">INTEGR\u00c1LJUK  AZ \u00d6N\u00d6K RENDSZER\u00c9T A MI RENDSZER\u00dcNKKEL<\/p>\n                    <\/div>\n    <\/div>\n<\/div><div class=\"qode-workflow-item\">\n    <span class=\"line\" style=\"\"><\/span>\n    <div class=\"qode-workflow-item-inner reverse\">\n        <div class=\"qode-workflow-image left\">\n            <img width=\"510\" height=\"307\" src=\"https:\/\/fulfillmenthubhungary.com\/wp-content\/uploads\/2022\/04\/HOW_IT_WORKS_WORKFLOW_IMAGE.png\" class=\"attachment-full size-full\" alt=\"\" loading=\"lazy\" srcset=\"https:\/\/fulfillmenthubhungary.com\/wp-content\/uploads\/2022\/04\/HOW_IT_WORKS_WORKFLOW_IMAGE.png 510w, https:\/\/fulfillmenthubhungary.com\/wp-content\/uploads\/2022\/04\/HOW_IT_WORKS_WORKFLOW_IMAGE-300x181.png 300w, https:\/\/fulfillmenthubhungary.com\/wp-content\/uploads\/2022\/04\/HOW_IT_WORKS_WORKFLOW_IMAGE-18x12.png 18w\" sizes=\"(max-width: 510px) 100vw, 510px\" \/>        <\/div>\n        <div class=\"qode-workflow-text\">\n            <span class=\"circle\" style=\"\"><\/span>\n                                                    <p class=\"text\">A RENDEL\u00c9SEK ELKEZDENEK \u00c9RKEZNI AZ \u00d6N RAKT\u00c1R\u00c1B\u00d3L HOZZ\u00c1NK.<\/p>\n                    <\/div>\n    <\/div>\n<\/div><div class=\"qode-workflow-item\">\n    <span class=\"line\" style=\"\"><\/span>\n    <div class=\"qode-workflow-item-inner\">\n        <div class=\"qode-workflow-image left\">\n            <img width=\"510\" height=\"326\" src=\"https:\/\/fulfillmenthubhungary.com\/wp-content\/uploads\/2022\/03\/FHH_how-it-work_img_5.png\" class=\"attachment-full size-full\" alt=\"how-it-work\" loading=\"lazy\" srcset=\"https:\/\/fulfillmenthubhungary.com\/wp-content\/uploads\/2022\/03\/FHH_how-it-work_img_5.png 510w, https:\/\/fulfillmenthubhungary.com\/wp-content\/uploads\/2022\/03\/FHH_how-it-work_img_5-300x192.png 300w\" sizes=\"(max-width: 510px) 100vw, 510px\" \/>        <\/div>\n        <div class=\"qode-workflow-text\">\n            <span class=\"circle\" style=\"\"><\/span>\n                                                    <p class=\"text\">A MEGRENDEL\u00c9SEKET AZ \u00d6N EGYEDI IG\u00c9NYEI SZERINT CSOMAGOLJUK<\/p>\n                    <\/div>\n    <\/div>\n<\/div><div class=\"qode-workflow-item\">\n    <span class=\"line\" style=\"\"><\/span>\n    <div class=\"qode-workflow-item-inner reverse\">\n        <div class=\"qode-workflow-image left\">\n            <img width=\"510\" height=\"331\" src=\"https:\/\/fulfillmenthubhungary.com\/wp-content\/uploads\/2022\/03\/FHH_how-it-work_img_6.png\" class=\"attachment-full size-full\" alt=\"how-it-work\" loading=\"lazy\" srcset=\"https:\/\/fulfillmenthubhungary.com\/wp-content\/uploads\/2022\/03\/FHH_how-it-work_img_6.png 510w, https:\/\/fulfillmenthubhungary.com\/wp-content\/uploads\/2022\/03\/FHH_how-it-work_img_6-300x195.png 300w, https:\/\/fulfillmenthubhungary.com\/wp-content\/uploads\/2022\/03\/FHH_how-it-work_img_6-400x260.png 400w\" sizes=\"(max-width: 510px) 100vw, 510px\" \/>        <\/div>\n        <div class=\"qode-workflow-text\">\n            <span class=\"circle\" style=\"\"><\/span>\n                                                    <p class=\"text\">A SZOFTVER ALGORITMUSA A LEGJOBB SZ\u00c1LL\u00cdT\u00c1SI M\u00d3DOT JAVASOLJA, A NAGYON KEDVEZM\u00c9NYES \u00c1RAINK HASZN\u00c1LAT\u00c1VAL EGY\u00dcTT.<\/p>\n                    <\/div>\n    <\/div>\n<\/div><div class=\"qode-workflow-item\">\n    <span class=\"line\" style=\"\"><\/span>\n    <div class=\"qode-workflow-item-inner\">\n        <div class=\"qode-workflow-image left\">\n            <img width=\"524\" height=\"323\" src=\"https:\/\/fulfillmenthubhungary.com\/wp-content\/uploads\/2022\/03\/FHH_how-it-work_img_7.png\" class=\"attachment-full size-full\" alt=\"how-it-work\" loading=\"lazy\" srcset=\"https:\/\/fulfillmenthubhungary.com\/wp-content\/uploads\/2022\/03\/FHH_how-it-work_img_7.png 524w, https:\/\/fulfillmenthubhungary.com\/wp-content\/uploads\/2022\/03\/FHH_how-it-work_img_7-300x185.png 300w\" sizes=\"(max-width: 524px) 100vw, 524px\" \/>        <\/div>\n        <div class=\"qode-workflow-text\">\n            <span class=\"circle\" style=\"\"><\/span>\n                                                    <p class=\"text\">EK\u00d6ZBEN NYOMON K\u00d6VEHET\u0150 A K\u00c9SZLET \u00c9S ELLEN\u0150RIZHET\u0150 A RENDEL\u00c9S \u00c1LLAPOTA. A KISZ\u00c1LL\u00cdTOTT RENDEL\u00c9SHEZ \u00d6N  MEGKAPJA A K\u00d6VET\u00c9SI SZ\u00c1MOT.<\/p>\n                    <\/div>\n    <\/div>\n<\/div><div class=\"qode-workflow-item\">\n    <span class=\"line\" style=\"\"><\/span>\n    <div class=\"qode-workflow-item-inner reverse\">\n        <div class=\"qode-workflow-image left\">\n            <img width=\"521\" height=\"326\" src=\"https:\/\/fulfillmenthubhungary.com\/wp-content\/uploads\/2022\/03\/FHH_how-it-work_img_8.png\" class=\"attachment-full size-full\" alt=\"how-it-work\" loading=\"lazy\" srcset=\"https:\/\/fulfillmenthubhungary.com\/wp-content\/uploads\/2022\/03\/FHH_how-it-work_img_8.png 521w, https:\/\/fulfillmenthubhungary.com\/wp-content\/uploads\/2022\/03\/FHH_how-it-work_img_8-300x188.png 300w\" sizes=\"(max-width: 521px) 100vw, 521px\" \/>        <\/div>\n        <div class=\"qode-workflow-text\">\n            <span class=\"circle\" style=\"\"><\/span>\n                                                    <p class=\"text\">AZ \u00dcGYF\u00c9L MEGKAPJA A TERM\u00c9KET, ETT\u0150L \u00d6N, AZ \u00dcGYFELE   \u00c9S A FULLMENT HUB MAGYARORSZ\u00c1GI CSAPATA IS EL\u00c9GEDETT LESZ \u2013 SIKER EZ MINDENKINEK.<\/p>\n                    <\/div>\n    <\/div>\n<\/div><\/div>\n\t<div class=\"wpb_raw_code wpb_content_element wpb_raw_html vc_custom_1647862383326\" >\n\t\t<div class=\"wpb_wrapper\">\n\t\t\t<div class=\"htw_btns_section\">\n   <a class=\"button_orange\" href=\"https:\/\/fulfillmenthubhungary.com\/hu\/contact-us\/\">FUVAROZZON MOST<\/a>\n   <a class=\"button_orange\" href=\"https:\/\/fulfillmenthubhungary.com\/hu\/pricing\/\">N\u00c9ZZE MEG AZ \u00c1RAKAT<\/a>\n<\/div>\n\n\t\t<\/div>\n\t<\/div>\n<\/div><\/div><\/div><\/div><\/div><\/div><div      class=\"vc_row wpb_row section vc_row-fluid  swap-on-mobile vc_custom_1651125906681 grid_section\" style=' text-align:left;'><div class=\"section_inner clearfix\"><div class='section_inner_margin clearfix'><div class=\"wpb_column vc_column_container vc_col-sm-6\"><div class=\"vc_column-inner\"><div class=\"wpb_wrapper\">\n\t<div class=\"wpb_text_column wpb_content_element\">\n\t\t<div class=\"wpb_wrapper\">\n\t\t\t<h2 class=\"bottom_CTA_title\">Foglalja le fuvarj\u00e1t m\u00e9g ma!<\/h2>\n\n\t\t<\/div> \n\t<\/div> <div class=\"separator  normal\" style=\"margin-top: 15px;margin-bottom: 15px;background-color: #c4c4c4;height: 2px;\"><\/div>\n\n\t<div class=\"wpb_text_column wpb_content_element\">\n\t\t<div class=\"wpb_wrapper\">\n\t\t\t<p class=\"sub_service_txt\">Sz\u00edvesen seg\u00edt\u00fcnk a v\u00e1llalkoz\u00e1soknak abban, hogy \u00e1tl\u00e1that\u00f3 \u00e1rakkal az orsz\u00e1g legjobb logisztikai t\u00e1mogat\u00e1s\u00e1t kapj\u00e1k. \u00dcgyfeleink glob\u00e1lisak, \u00e9s az \u0151 bizalmuk az, ami miatt t\u00f6bbre t\u00f6reksz\u00fcnk. Kiv\u00e1laszthat egy alap\u00e1rat \u00e9s \u00e9p\u00edthet r\u00e1, vagy vegye fel vel\u00fcnk a  kapcsolatot, hogy egyedi \u00e1raj\u00e1nlatot k\u00e9rjen.<\/p>\n\n\t\t<\/div> \n\t<\/div> <a  itemprop=\"url\" href=\"https:\/\/fulfillmenthubhungary.com\/hu\/pricing\/\" target=\"_self\"  class=\"qbutton  center default button_orange\" style=\"margin: 10px 0px 20px 0px; \">TUDJON MEG T\u00d6BBET<\/a><\/div><\/div><\/div><div class=\"wpb_column vc_column_container vc_col-sm-6\"><div class=\"vc_column-inner\"><div class=\"wpb_wrapper\">\n\t<div class=\"wpb_single_image wpb_content_element vc_align_center\">\n\t\t<div class=\"wpb_wrapper\">\n\t\t\t\n\t\t\t<div class=\"vc_single_image-wrapper   vc_box_border_grey\"><img width=\"664\" height=\"377\" src=\"https:\/\/fulfillmenthubhungary.com\/wp-content\/uploads\/2022\/03\/plans.png\" class=\"vc_single_image-img attachment-large\" alt=\"plans and prices\" loading=\"lazy\" srcset=\"https:\/\/fulfillmenthubhungary.com\/wp-content\/uploads\/2022\/03\/plans.png 664w, https:\/\/fulfillmenthubhungary.com\/wp-content\/uploads\/2022\/03\/plans-300x170.png 300w\" sizes=\"(max-width: 664px) 100vw, 664px\" \/><\/div>\n\t\t<\/div>\n\t<\/div>\n<\/div><\/div><\/div><\/div><\/div><\/div>","protected":false},"excerpt":{"rendered":"Wondering about our process? Let\u2019s find out! &nbsp; When you sign up with us, you transfer your worries about the order-fulfillment process to us. Our advanced technology, effective services, and dedicated team can help you scale your business. &nbsp; Opting for a 3PL can be...","protected":false},"author":3,"featured_media":0,"parent":0,"menu_order":0,"comment_status":"closed","ping_status":"closed","template":"full_width.php","meta":[],"yoast_head":"<!-- This site is optimized with the Yoast SEO plugin v19.10 - https:\/\/yoast.com\/wordpress\/plugins\/seo\/ -->\n<title>How Fulfillment Hub Hungary Works | Fulfillment Hub Hungary\u00a0<\/title>\n<meta name=\"description\" content=\"Using Fulfillment Hub Hungary services is easy and simple. Here is a step-by-step guide on how orders are fulfilled.\u00a0\" \/>\n<meta name=\"robots\" content=\"index, follow, max-snippet:-1, max-image-preview:large, max-video-preview:-1\" \/>\n<link rel=\"canonical\" href=\"https:\/\/fulfillmenthubhungary.com\/hu\/how-it-works\/\" \/>\n<meta property=\"og:locale\" content=\"hu_HU\" \/>\n<meta property=\"og:type\" content=\"article\" \/>\n<meta property=\"og:title\" content=\"How Fulfillment Hub Hungary Works | Fulfillment Hub Hungary\u00a0\" \/>\n<meta property=\"og:description\" content=\"Using Fulfillment Hub Hungary services is easy and simple. Here is a step-by-step guide on how orders are fulfilled.\u00a0\" \/>\n<meta property=\"og:url\" content=\"https:\/\/fulfillmenthubhungary.com\/hu\/how-it-works\/\" \/>\n<meta property=\"og:site_name\" content=\"Affordable Fulfillment Center in Europe\" \/>\n<meta property=\"article:modified_time\" content=\"2022-11-30T09:00:59+00:00\" \/>\n<meta name=\"twitter:card\" content=\"summary_large_image\" \/>\n<meta name=\"twitter:label1\" content=\"Becs\u00fclt olvas\u00e1si id\u0151\" \/>\n\t<meta name=\"twitter:data1\" content=\"2 perc\" \/>\n<script type=\"application\/ld+json\" class=\"yoast-schema-graph\">{\"@context\":\"https:\/\/schema.org\",\"@graph\":[{\"@type\":\"WebPage\",\"@id\":\"https:\/\/fulfillmenthubhungary.com\/how-it-works\/\",\"url\":\"https:\/\/fulfillmenthubhungary.com\/how-it-works\/\",\"name\":\"How Fulfillment Hub Hungary Works | Fulfillment Hub Hungary\u00a0\",\"isPartOf\":{\"@id\":\"https:\/\/fulfillmenthubhungary.com\/#website\"},\"datePublished\":\"2022-03-19T12:24:05+00:00\",\"dateModified\":\"2022-11-30T09:00:59+00:00\",\"description\":\"Using Fulfillment Hub Hungary services is easy and simple. Here is a step-by-step guide on how orders are fulfilled.\u00a0\",\"breadcrumb\":{\"@id\":\"https:\/\/fulfillmenthubhungary.com\/how-it-works\/#breadcrumb\"},\"inLanguage\":\"hu\",\"potentialAction\":[{\"@type\":\"ReadAction\",\"target\":[\"https:\/\/fulfillmenthubhungary.com\/how-it-works\/\"]}]},{\"@type\":\"BreadcrumbList\",\"@id\":\"https:\/\/fulfillmenthubhungary.com\/how-it-works\/#breadcrumb\",\"itemListElement\":[{\"@type\":\"ListItem\",\"position\":1,\"name\":\"Home\",\"item\":\"https:\/\/fulfillmenthubhungary.com\/\"},{\"@type\":\"ListItem\",\"position\":2,\"name\":\"How it works\"}]},{\"@type\":\"WebSite\",\"@id\":\"https:\/\/fulfillmenthubhungary.com\/#website\",\"url\":\"https:\/\/fulfillmenthubhungary.com\/\",\"name\":\"Affordable Fulfillment Center in Europe\",\"description\":\"Your eCommerce Fulfillment Partner for scalable and consistent growth\",\"publisher\":{\"@id\":\"https:\/\/fulfillmenthubhungary.com\/#organization\"},\"potentialAction\":[{\"@type\":\"SearchAction\",\"target\":{\"@type\":\"EntryPoint\",\"urlTemplate\":\"https:\/\/fulfillmenthubhungary.com\/?s={search_term_string}\"},\"query-input\":\"required name=search_term_string\"}],\"inLanguage\":\"hu\"},{\"@type\":\"Organization\",\"@id\":\"https:\/\/fulfillmenthubhungary.com\/#organization\",\"name\":\"Fulfillment Hub Hungary\",\"url\":\"https:\/\/fulfillmenthubhungary.com\/\",\"logo\":{\"@type\":\"ImageObject\",\"inLanguage\":\"hu\",\"@id\":\"https:\/\/fulfillmenthubhungary.com\/#\/schema\/logo\/image\/\",\"url\":\"https:\/\/fulfillmenthubhungary.com\/wp-content\/uploads\/2022\/03\/LOGO_FFH.png\",\"contentUrl\":\"https:\/\/fulfillmenthubhungary.com\/wp-content\/uploads\/2022\/03\/LOGO_FFH.png\",\"width\":124,\"height\":52,\"caption\":\"Fulfillment Hub Hungary\"},\"image\":{\"@id\":\"https:\/\/fulfillmenthubhungary.com\/#\/schema\/logo\/image\/\"}}]}<\/script>\n<!-- \/ Yoast SEO plugin. -->","yoast_head_json":{"title":"How Fulfillment Hub Hungary Works | Fulfillment Hub Hungary\u00a0","description":"Using Fulfillment Hub Hungary services is easy and simple. Here is a step-by-step guide on how orders are fulfilled.\u00a0","robots":{"index":"index","follow":"follow","max-snippet":"max-snippet:-1","max-image-preview":"max-image-preview:large","max-video-preview":"max-video-preview:-1"},"canonical":"https:\/\/fulfillmenthubhungary.com\/hu\/how-it-works\/","og_locale":"hu_HU","og_type":"article","og_title":"How Fulfillment Hub Hungary Works | Fulfillment Hub Hungary\u00a0","og_description":"Using Fulfillment Hub Hungary services is easy and simple. Here is a step-by-step guide on how orders are fulfilled.\u00a0","og_url":"https:\/\/fulfillmenthubhungary.com\/hu\/how-it-works\/","og_site_name":"Affordable Fulfillment Center in Europe","article_modified_time":"2022-11-30T09:00:59+00:00","twitter_card":"summary_large_image","twitter_misc":{"Becs\u00fclt olvas\u00e1si id\u0151":"2 perc"},"schema":{"@context":"https:\/\/schema.org","@graph":[{"@type":"WebPage","@id":"https:\/\/fulfillmenthubhungary.com\/how-it-works\/","url":"https:\/\/fulfillmenthubhungary.com\/how-it-works\/","name":"How Fulfillment Hub Hungary Works | Fulfillment Hub Hungary\u00a0","isPartOf":{"@id":"https:\/\/fulfillmenthubhungary.com\/#website"},"datePublished":"2022-03-19T12:24:05+00:00","dateModified":"2022-11-30T09:00:59+00:00","description":"Using Fulfillment Hub Hungary services is easy and simple. Here is a step-by-step guide on how orders are fulfilled.\u00a0","breadcrumb":{"@id":"https:\/\/fulfillmenthubhungary.com\/how-it-works\/#breadcrumb"},"inLanguage":"hu","potentialAction":[{"@type":"ReadAction","target":["https:\/\/fulfillmenthubhungary.com\/how-it-works\/"]}]},{"@type":"BreadcrumbList","@id":"https:\/\/fulfillmenthubhungary.com\/how-it-works\/#breadcrumb","itemListElement":[{"@type":"ListItem","position":1,"name":"Home","item":"https:\/\/fulfillmenthubhungary.com\/"},{"@type":"ListItem","position":2,"name":"How it works"}]},{"@type":"WebSite","@id":"https:\/\/fulfillmenthubhungary.com\/#website","url":"https:\/\/fulfillmenthubhungary.com\/","name":"Affordable Fulfillment Center in Europe","description":"Your eCommerce Fulfillment Partner for scalable and consistent growth","publisher":{"@id":"https:\/\/fulfillmenthubhungary.com\/#organization"},"potentialAction":[{"@type":"SearchAction","target":{"@type":"EntryPoint","urlTemplate":"https:\/\/fulfillmenthubhungary.com\/?s={search_term_string}"},"query-input":"required name=search_term_string"}],"inLanguage":"hu"},{"@type":"Organization","@id":"https:\/\/fulfillmenthubhungary.com\/#organization","name":"Fulfillment Hub Hungary","url":"https:\/\/fulfillmenthubhungary.com\/","logo":{"@type":"ImageObject","inLanguage":"hu","@id":"https:\/\/fulfillmenthubhungary.com\/#\/schema\/logo\/image\/","url":"https:\/\/fulfillmenthubhungary.com\/wp-content\/uploads\/2022\/03\/LOGO_FFH.png","contentUrl":"https:\/\/fulfillmenthubhungary.com\/wp-content\/uploads\/2022\/03\/LOGO_FFH.png","width":124,"height":52,"caption":"Fulfillment Hub Hungary"},"image":{"@id":"https:\/\/fulfillmenthubhungary.com\/#\/schema\/logo\/image\/"}}]}},"_links":{"self":[{"href":"https:\/\/fulfillmenthubhungary.com\/hu\/wp-json\/wp\/v2\/pages\/811"}],"collection":[{"href":"https:\/\/fulfillmenthubhungary.com\/hu\/wp-json\/wp\/v2\/pages"}],"about":[{"href":"https:\/\/fulfillmenthubhungary.com\/hu\/wp-json\/wp\/v2\/types\/page"}],"author":[{"embeddable":true,"href":"https:\/\/fulfillmenthubhungary.com\/hu\/wp-json\/wp\/v2\/users\/3"}],"replies":[{"embeddable":true,"href":"https:\/\/fulfillmenthubhungary.com\/hu\/wp-json\/wp\/v2\/comments?post=811"}],"version-history":[{"count":37,"href":"https:\/\/fulfillmenthubhungary.com\/hu\/wp-json\/wp\/v2\/pages\/811\/revisions"}],"predecessor-version":[{"id":2309,"href":"https:\/\/fulfillmenthubhungary.com\/hu\/wp-json\/wp\/v2\/pages\/811\/revisions\/2309"}],"wp:attachment":[{"href":"https:\/\/fulfillmenthubhungary.com\/hu\/wp-json\/wp\/v2\/media?parent=811"}],"curies":[{"name":"wp","href":"https:\/\/api.w.org\/{rel}","templated":true}]}}