{"id":597,"date":"2022-03-18T11:24:04","date_gmt":"2022-03-18T11:24:04","guid":{"rendered":"http:\/\/18.119.163.208\/?page_id=597"},"modified":"2022-04-05T07:41:49","modified_gmt":"2022-04-05T07:41:49","slug":"privacy-policy","status":"publish","type":"page","link":"https:\/\/fulfillmenthubhungary.com\/hu\/privacy-policy\/","title":{"rendered":"Adatv\u00e9delmi ir\u00e1nyelvek"},"content":{"rendered":"<div      class=\"vc_row wpb_row section vc_row-fluid\" style=' text-align:left;'><div class=\"full_section_inner clearfix\"><div class=\"wpb_column vc_column_container vc_col-sm-12\"><div class=\"vc_column-inner\"><div class=\"wpb_wrapper\">\n\t<div class=\"wpb_text_column wpb_content_element  vc_custom_1647603085368\">\n\t\t<div class=\"wpb_wrapper\">\n\t\t\t<h2 style=\"text-align: center;\">Adatv\u00e9delmi ir\u00e1nyelvek<\/h2>\n\n\t\t<\/div> \n\t<\/div> <\/div><\/div><\/div><\/div><\/div><div      class=\"vc_row wpb_row section vc_row-fluid\" style=' text-align:left;'><div class=\"full_section_inner clearfix\"><div class=\"wpb_column vc_column_container vc_col-sm-12\"><div class=\"vc_column-inner\"><div class=\"wpb_wrapper\">\n\t<div class=\"wpb_text_column wpb_content_element\">\n\t\t<div class=\"wpb_wrapper\">\n\t\t\t<p>A https:\/\/fulfillmenthubhungary.com\/ oldalr\u00f3l el\u00e9rhet\u0151 Fulfillment Hub Hungary-n\u00e9l az egyik f\u0151 priorit\u00e1sunk a l\u00e1togat\u00f3k szem\u00e9lyis\u00e9g v\u00e9delme. Ez az Adatv\u00e9delmi nyilatkozat a Fulfillment Hub Hungary \u00e1ltal gy\u0171jt\u00f6tt \u00e9s r\u00f6gz\u00edtett inform\u00e1ci\u00f3k t\u00edpusait, valamint azok felhaszn\u00e1l\u00e1si m\u00f3dj\u00e1t tartalmazza.<\/p>\n<p>&nbsp;<\/p>\n<p>Ha tov\u00e1bbi k\u00e9rd\u00e9sei vannak vagy tov\u00e1bbi inform\u00e1ci\u00f3ra van sz\u00fcks\u00e9ge adatv\u00e9delmi szab\u00e1lyzatunkkal kapcsolatban, <a href=\"#\">ne habozzon kapcsolatba l\u00e9pni vel\u00fcnk.<\/a>.<\/p>\n<p>&nbsp;<\/p>\n<p>Jelen Adatv\u00e9delmi szab\u00e1lyzat csak online tev\u00e9kenys\u00e9geinkre \u00e9s a weboldalunk l\u00e1togat\u00f3ira vonatkozik azon inform\u00e1ci\u00f3k tekintet\u00e9ben, amelyeket a Fulfillment Hub Hungary-ban megosztottak \u00e9s\/vagy gy\u0171jt\u00f6ttek. Ez a szab\u00e1lyzat nem vonatkozik az offline vagy a webhelyen k\u00edv\u00fcli csatorn\u00e1kon kereszt\u00fcl gy\u0171jt\u00f6tt inform\u00e1ci\u00f3kra.<\/p>\n<p>&nbsp;<\/p>\n<h3>BELEEGYEZ\u00c9S<\/h3>\n<p>&nbsp;<\/p>\n<p>Weboldalunk haszn\u00e1lat\u00e1val \u00d6n ezennel elfogadja Adatv\u00e9delmi szab\u00e1lyzatunkat, \u00e9s elfogadja annak felt\u00e9teleit.<\/p>\n<p>&nbsp;<\/p>\n<h3>\u00c1LTALUNK GY\u0170JT\u00d6TT INFORM\u00c1CI\u00d3K.<\/h3>\n<p>&nbsp;<\/p>\n<p>Azon szem\u00e9lyes adatok, amelyek megad\u00e1s\u00e1ra k\u00e9rj\u00fck  \u00e9s azon indokok, amelyben ennek megad\u00e1s\u00e1ra k\u00e9rj\u00fck, egy\u00e9rtelm\u0171v\u00e9 v\u00e1lnak az \u00d6n sz\u00e1m\u00e1ra akkor, amikor k\u00e9rj\u00fck szem\u00e9lyes adatainak megad\u00e1s\u00e1t.<\/p>\n<p>&nbsp;<\/p>\n<p>Ha k\u00f6zvetlen\u00fcl felveszi vel\u00fcnk a kapcsolatot, tov\u00e1bbi inform\u00e1ci\u00f3kat kaphatunk \u00d6nr\u0151l, p\u00e9ld\u00e1ul nev\u00e9t, e-mail c\u00edm\u00e9t, telefonsz\u00e1m\u00e1t, az \u00fczenet \u00e9s\/vagy mell\u00e9kletek tartalm\u00e1t, amelyeket elk\u00fcldhet nek\u00fcnk, \u00e9s b\u00e1rmilyen egy\u00e9b inform\u00e1ci\u00f3t, amelyet megadhat.<\/p>\n<p>&nbsp;<\/p>\n<p>Amikor regisztr\u00e1l egy Fi\u00f3kra, elk\u00e9rhetj\u00fck kapcsolatfelv\u00e9teli adatait, p\u00e9ld\u00e1ul n\u00e9v, c\u00e9gn\u00e9v, c\u00edm, e-mail c\u00edm \u00e9s telefonsz\u00e1m.<\/p>\n<p>&nbsp;<\/p>\n<h3>HOGYAN HASZN\u00c1LJUK AZ \u00d6N INFORM\u00c1CI\u00d3IT<\/h3>\n<p>&nbsp;<\/p>\n<p>Az \u00e1ltalunk gy\u0171jt\u00f6tt inform\u00e1ci\u00f3kat k\u00fcl\u00f6nf\u00e9le m\u00f3dokon haszn\u00e1ljuk fel, t\u00f6bbek k\u00f6z\u00f6tt:<\/p>\n<p>&nbsp;<\/p>\n<ul>\n<li>Weboldalunk biztos\u00edt\u00e1sa, \u00fczemeltet\u00e9se \u00e9s karbantart\u00e1sa<\/li>\n<li>Weboldalunk fejleszt\u00e9se, szem\u00e9lyre szab\u00e1sa \u00e9s b\u0151v\u00edt\u00e9se<\/li>\n<li>\u00c9rtse \u00e9s elemezze, hogyan haszn\u00e1lja weboldalunkat<\/li>\n<li>\u00daj term\u00e9kek, szolg\u00e1ltat\u00e1sok, funkci\u00f3k \u00e9s funkci\u00f3k fejleszt\u00e9se<\/li>\n<li>K\u00f6zvetlen\u00fcl vagy valamelyik partner\u00fcnk\u00f6n kereszt\u00fcl kommunik\u00e1lhatunk \u00d6nnel, bele\u00e9rtve az \u00fcgyf\u00e9lszolg\u00e1latot is, hogy friss\u00edt\u00e9seket \u00e9s egy\u00e9b inform\u00e1ci\u00f3kat biztos\u00edtsunk a weboldallal kapcsolatban, valamint marketing \u00e9s prom\u00f3ci\u00f3s c\u00e9lokra<\/li>\n<li>K\u00fcldj\u00f6n emaileket<\/li>\n<li>Tal\u00e1lja meg \u00e9s el\u0151zze meg a csal\u00e1st<\/li>\n<\/ul>\n<p>&nbsp;<\/p>\n<h3>NAPL\u00d3F\u00c1JLOK<\/h3>\n<p>&nbsp;<\/p>\n<p>A Fulfillment Hub Hungary a napl\u00f3f\u00e1jlok haszn\u00e1lat\u00e1nak szabv\u00e1nyos elj\u00e1r\u00e1s\u00e1t k\u00f6veti. Ezek a f\u00e1jlok napl\u00f3zz\u00e1k a l\u00e1togat\u00f3kat, amikor webhelyeket l\u00e1togatnak meg. Minden hosting c\u00e9g ezt teszi, \u00e9s a t\u00e1rhelyszolg\u00e1ltat\u00e1sok elemz\u00e9s\u00e9nek egy r\u00e9sz\u00e9t. A napl\u00f3f\u00e1jlok \u00e1ltal gy\u0171jt\u00f6tt inform\u00e1ci\u00f3k magukban foglalj\u00e1k az IP-c\u00edmeket, a b\u00f6ng\u00e9sz\u0151 t\u00edpus\u00e1t, az Internet-szolg\u00e1ltat\u00f3t (ISP), a d\u00e1tum- \u00e9s id\u0151b\u00e9lyegz\u0151t, a hivatkoz\u00f3\/kil\u00e9p\u00e9si oldalakat \u00e9s esetleg a kattint\u00e1sok sz\u00e1m\u00e1t. Ezek nem kapcsol\u00f3dnak semmilyen szem\u00e9lyes azonos\u00edt\u00e1sra alkalmas inform\u00e1ci\u00f3hoz. Az inform\u00e1ci\u00f3k c\u00e9lja a trendek elemz\u00e9se, az oldal adminisztr\u00e1l\u00e1sa, a felhaszn\u00e1l\u00f3k mozg\u00e1s\u00e1nak nyomon k\u00f6vet\u00e9se a webhelyen, valamint demogr\u00e1fiai inform\u00e1ci\u00f3k gy\u0171jt\u00e9se.<\/p>\n<p>&nbsp;<\/p>\n<h3>COOKIE-K \u00c9S WEBBE\u00c1LL\u00cdT\u00d3K<\/h3>\n<p>&nbsp;<\/p>\n<p>Mint minden m\u00e1s weboldal, a Fulfillment Hub Hungary is \u201es\u00fctiket\u201d haszn\u00e1l. Ezeket a s\u00fctiket olyan inform\u00e1ci\u00f3k t\u00e1rol\u00e1s\u00e1ra haszn\u00e1lj\u00e1k, mint a l\u00e1togat\u00f3k preferenci\u00e1i, valamint a webhely azon oldalai, amelyeket a l\u00e1togat\u00f3 megl\u00e1togatott vagy megl\u00e1togatott. Az inform\u00e1ci\u00f3kat arra haszn\u00e1ljuk, hogy optimaliz\u00e1ljuk a felhaszn\u00e1l\u00f3i \u00e9lm\u00e9nyt az\u00e1ltal, hogy weboldalunk tartalm\u00e1t a l\u00e1togat\u00f3 b\u00f6ng\u00e9sz\u0151t\u00edpusa \u00e9s\/vagy egy\u00e9b inform\u00e1ci\u00f3i alapj\u00e1n testre szabjuk.<\/p>\n<p>&nbsp;<\/p>\n<h3>A HIRDET\u00c9SI PARTNEREK ADATV\u00c9DELMI IR\u00c1NYELVEI<\/h3>\n<p>&nbsp;<\/p>\n<p>Ezen a list\u00e1n megtekintheti a Fulfillment Hub Hungary hirdet\u00e9si partnereinek adatv\u00e9delmi szab\u00e1lyzat\u00e1t.<\/p>\n<p>&nbsp;<\/p>\n<p>A harmadik f\u00e9lt\u0151l sz\u00e1rmaz\u00f3 hirdet\u00e9sszerverek vagy hirdet\u00e9si h\u00e1l\u00f3zatok olyan technol\u00f3gi\u00e1kat haszn\u00e1lnak, mint a cookie-k, a JavaScript vagy a Web Beacon, amelyeket a megfelel\u0151 hirdet\u00e9seikben \u00e9s a Fulfillment Hub Hungary-n megjelen\u0151 linkekben haszn\u00e1lnak, amelyeket k\u00f6zvetlen\u00fcl a felhaszn\u00e1l\u00f3k b\u00f6ng\u00e9sz\u0151j\u00e9be k\u00fcldenek. Amikor ez megt\u00f6rt\u00e9nik, automatikusan megkapj\u00e1k az \u00d6n IP-c\u00edm\u00e9t. Ezeket a technol\u00f3gi\u00e1kat hirdet\u00e9si kamp\u00e1nyaik hat\u00e9konys\u00e1g\u00e1nak m\u00e9r\u00e9s\u00e9re \u00e9s\/vagy a felkeresett webhelyeken l\u00e1that\u00f3 hirdet\u00e9si tartalom szem\u00e9lyre szab\u00e1s\u00e1ra haszn\u00e1lj\u00e1k.<\/p>\n<p>&nbsp;<\/p>\n<p>Felh\u00edvjuk figyelm\u00e9t, hogy a Fulfillment Hub Magyarorsz\u00e1g nem f\u00e9r hozz\u00e1 ezekhez a cookie-khoz, amelyeket harmadik f\u00e9l hirdet\u0151k haszn\u00e1lnak, \u00e9s nem tud ellen\u0151rizni azokat.<\/p>\n<p>&nbsp;<\/p>\n<h3>HARMADIK F\u00c9L ADATV\u00c9DELMI IR\u00c1NYELVEI<\/h3>\n<p>&nbsp;<\/p>\n<p>A Fulfillment Hub Hungary adatv\u00e9delmi szab\u00e1lyzata nem vonatkozik m\u00e1s hirdet\u0151kre vagy webhelyekre. Ez\u00e9rt azt tan\u00e1csoljuk, hogy r\u00e9szletesebb inform\u00e1ci\u00f3k\u00e9rt tekintse \u00e1t e harmadik f\u00e9l hirdet\u00e9sszervereinek megfelel\u0151 adatv\u00e9delmi szab\u00e1lyzat\u00e1t. Tartalmazhatja gyakorlataikat \u00e9s \u00fatmutat\u00e1st arr\u00f3l, hogyan lehet leiratkozni bizonyos lehet\u0151s\u00e9gekr\u0151l.<\/p>\n<p>&nbsp;<\/p>\n<p>D\u00f6nthet \u00fagy, hogy letiltja a cookie-kat az egy\u00e9ni b\u00f6ng\u00e9sz\u0151be\u00e1ll\u00edt\u00e1sokon kereszt\u00fcl. Ha r\u00e9szletesebb inform\u00e1ci\u00f3kat szeretne megtudni az egyes webb\u00f6ng\u00e9sz\u0151k cookie-kezel\u00e9s\u00e9r\u0151l, akkor ezeket a b\u00f6ng\u00e9sz\u0151k megfelel\u0151 webhelyein tal\u00e1lja.<\/p>\n<p>&nbsp;<\/p>\n<h3>CCPA ADATV\u00c9DELMI JOGOK (SZEM\u00c9LYES ADATAIMAT NEM ADHATJA EL)<\/h3>\n<p>&nbsp;<\/p>\n<p>A CCPA \u00e9rtelm\u00e9ben t\u00f6bbek k\u00f6z\u00f6tt a fogyaszt\u00f3knak joguk van:<\/p>\n<p>&nbsp;<\/p>\n<p>K\u00e9rje, hogy a fogyaszt\u00f3 szem\u00e9lyes adatait gy\u0171jt\u0151 v\u00e1llalkoz\u00e1s tegye k\u00f6zz\u00e9 azon szem\u00e9lyes adatok kateg\u00f3ri\u00e1it \u00e9s konkr\u00e9t r\u00e9szleteit, amelyeket a v\u00e1llalkoz\u00e1s gy\u0171jt\u00f6tt a fogyaszt\u00f3kr\u00f3l.<\/p>\n<p>&nbsp;<\/p>\n<p>K\u00e9rje meg a v\u00e1llalkoz\u00e1st, hogy t\u00f6r\u00f6lj\u00f6n minden olyan szem\u00e9lyes adatot a fogyaszt\u00f3r\u00f3l, amelyet a v\u00e1llalkoz\u00e1s gy\u0171jt\u00f6tt.<\/p>\n<p>&nbsp;<\/p>\n<p>K\u00e9rje, hogy a fogyaszt\u00f3 szem\u00e9lyes adatait \u00e9rt\u00e9kes\u00edt\u0151 v\u00e1llalkoz\u00e1s ne adhassa el a fogyaszt\u00f3 szem\u00e9lyes datait.<\/p>\n<p>&nbsp;<\/p>\n<p>Ha k\u00e9relmet ny\u00fajt be, egy h\u00f3nap \u00e1ll rendelkez\u00e9s\u00fcnkre, hogy v\u00e1laszoljunk \u00d6nnek. Ha \u00e9lni szeretne ezen jogok b\u00e1rmelyik\u00e9vel, k\u00e9rj\u00fck, <a href=\"https:\/\/fulfillmenthubhungary.com\/hu\/contact-us\/\">ne habozzon kapcsolatba l\u00e9pni vel\u00fcnk.<\/a>.<\/p>\n<p>&nbsp;<\/p>\n<h3>GDPR ADATV\u00c9DELMI JOGOK<\/h3>\n<p>&nbsp;<\/p>\n<p>Szeretn\u00e9nk megbizonyosodni arr\u00f3l, hogy teljes m\u00e9rt\u00e9kben tiszt\u00e1ban van az \u00f6sszes adatv\u00e9delmi jog\u00e1val. Minden felhaszn\u00e1l\u00f3 jogosult a k\u00f6vetkez\u0151kre:<\/p>\n<p>&nbsp;<\/p>\n<p>Hozz\u00e1f\u00e9r\u00e9si jog \u2013 \u00d6nnek joga van m\u00e1solatot k\u00e9rni szem\u00e9lyes adatair\u00f3l. Kisebb d\u00edjat sz\u00e1m\u00edthatunk fel ez\u00e9rt a szolg\u00e1ltat\u00e1s\u00e9rt.<\/p>\n<p>&nbsp;<\/p>\n<p>A helyesb\u00edt\u00e9shez val\u00f3 jog \u2013 \u00d6nnek jog\u00e1ban \u00e1ll k\u00e9rni, hogy jav\u00edtsunk ki minden, \u00d6n szerint pontatlan inform\u00e1ci\u00f3t. \u00d6nnek joga van arra is, hogy k\u00e9rje az \u00d6n \u00e1ltal hi\u00e1nyosnak v\u00e9lt inform\u00e1ci\u00f3k kieg\u00e9sz\u00edt\u00e9s\u00e9t.<\/p>\n<p>&nbsp;<\/p>\n<p>A t\u00f6rl\u00e9shez val\u00f3 jog \u2013 \u00d6nnek jog\u00e1ban \u00e1ll k\u00e9rni, hogy bizonyos felt\u00e9telek mellett t\u00f6r\u00f6lj\u00fck szem\u00e9lyes adatait.<\/p>\n<p>&nbsp;<\/p>\n<p>Az adatkezel\u00e9s korl\u00e1toz\u00e1s\u00e1hoz val\u00f3 jog \u2013 \u00d6nnek jog\u00e1ban \u00e1ll k\u00e9rni, hogy bizonyos felt\u00e9telek mellett korl\u00e1tozzuk szem\u00e9lyes adatai kezel\u00e9s\u00e9t.<\/p>\n<p>&nbsp;<\/p>\n<p>Az adatkezel\u00e9s elleni tiltakoz\u00e1s joga \u2013 \u00d6nnek jog\u00e1ban \u00e1ll tiltakozni szem\u00e9lyes adatainak \u00e1ltalunk v\u00e9gzett kezel\u00e9se ellen, bizonyos felt\u00e9telek mellett.<\/p>\n<p>&nbsp;<\/p>\n<p>Az adathordozhat\u00f3s\u00e1ghoz val\u00f3 jog \u2013 \u00d6nnek jog\u00e1ban \u00e1ll k\u00e9rni, hogy az \u00e1ltalunk gy\u0171jt\u00f6tt adatokat bizonyos felt\u00e9telek mellett egy m\u00e1sik szervezetnek vagy k\u00f6zvetlen\u00fcl \u00d6nnek tov\u00e1bb\u00edtsuk.<\/p>\n<p>Ha k\u00e9relmet ny\u00fajt be, egy h\u00f3nap \u00e1ll rendelkez\u00e9s\u00fcnkre, hogy v\u00e1laszoljunk \u00d6nnek. Ha \u00e9lni szeretne ezen jogok b\u00e1rmelyik\u00e9vel, k\u00e9rj\u00fck, <a href=\"https:\/\/fulfillmenthubhungary.com\/hu\/contact-us\/\">ne habozzon kapcsolatba l\u00e9pni vel\u00fcnk.<\/a>.<\/p>\n<p>&nbsp;<\/p>\n<h3>GYERMEKEKKEL KAPCSOLATOS INFORM\u00c1CI\u00d3K<\/h3>\n<p>&nbsp;<\/p>\n<p>Kiemelt feladatunk m\u00e1sik r\u00e9sze a gyermekek internethaszn\u00e1lata k\u00f6zbeni v\u00e9delme. Arra b\u00e1tor\u00edtjuk a sz\u00fcl\u0151ket \u00e9s a gy\u00e1mokat, hogy figyelj\u00e9k online tev\u00e9kenys\u00e9geiket, vegyenek r\u00e9szt azokban \u00e9s\/vagy k\u00f6vess\u00e9k figyelemmel \u00e9s ir\u00e1ny\u00edts\u00e1k.<\/p>\n<p>&nbsp;<\/p>\n<p>A Fulfillment Hub Hungary tudatosan nem gy\u0171jt semmilyen szem\u00e9lyazonos\u00edt\u00e1sra alkalmas adatot 13 \u00e9ven aluli gyermekekt\u0151l. Ha \u00fagy gondolja, hogy gyermeke ilyen jelleg\u0171 inform\u00e1ci\u00f3kat k\u00f6z\u00f6lt weboldalunkon, nyomat\u00e9kosan javasoljuk, hogy azonnal l\u00e9pjen kapcsolatba vel\u00fcnk, \u00e9s mindent megtesz\u00fcnk annak \u00e9rdek\u00e9ben, hogy halad\u00e9ktalanul t\u00f6r\u00f6lje az ilyen inform\u00e1ci\u00f3kat nyilv\u00e1ntart\u00e1sunkb\u00f3l.<\/p>\n\n\t\t<\/div> \n\t<\/div> \t<div class=\"vc_empty_space\"  style=\"height: 52px\" ><span\n\t\t\tclass=\"vc_empty_space_inner\">\n\t\t\t<span class=\"empty_space_image\"  ><\/span>\n\t\t<\/span><\/div>\n\n<\/div><\/div><\/div><\/div><\/div>","protected":false},"excerpt":{"rendered":"PRIVACY POLICY At Fulfillment Hub Hungary, accessible from https:\/\/fulfillmenthubhungary.com\/, one of our main priorities is the privacy of our visitors. This Privacy Policy document contains types of information that is collected and recorded by Fulfillment Hub Hungary and how we use it. &nbsp; If you...","protected":false},"author":3,"featured_media":0,"parent":0,"menu_order":0,"comment_status":"closed","ping_status":"closed","template":"","meta":[],"yoast_head":"<!-- This site is optimized with the Yoast SEO plugin v19.10 - https:\/\/yoast.com\/wordpress\/plugins\/seo\/ -->\n<title>Privacy Policy | Affordable Fulfillment Center in Europe<\/title>\n<meta name=\"robots\" content=\"index, follow, max-snippet:-1, max-image-preview:large, max-video-preview:-1\" \/>\n<link rel=\"canonical\" href=\"https:\/\/fulfillmenthubhungary.com\/hu\/privacy-policy\/\" \/>\n<meta property=\"og:locale\" content=\"hu_HU\" \/>\n<meta property=\"og:type\" content=\"article\" \/>\n<meta property=\"og:title\" content=\"Privacy Policy | Affordable Fulfillment Center in Europe\" \/>\n<meta property=\"og:url\" content=\"https:\/\/fulfillmenthubhungary.com\/hu\/privacy-policy\/\" \/>\n<meta property=\"og:site_name\" content=\"Affordable Fulfillment Center in Europe\" \/>\n<meta property=\"article:modified_time\" content=\"2022-04-05T07:41:49+00:00\" \/>\n<meta name=\"twitter:card\" content=\"summary_large_image\" \/>\n<meta name=\"twitter:label1\" content=\"Becs\u00fclt olvas\u00e1si id\u0151\" \/>\n\t<meta name=\"twitter:data1\" content=\"1 perc\" \/>\n<script type=\"application\/ld+json\" class=\"yoast-schema-graph\">{\"@context\":\"https:\/\/schema.org\",\"@graph\":[{\"@type\":\"WebPage\",\"@id\":\"https:\/\/fulfillmenthubhungary.com\/privacy-policy\/\",\"url\":\"https:\/\/fulfillmenthubhungary.com\/privacy-policy\/\",\"name\":\"Privacy Policy | Affordable Fulfillment Center in Europe\",\"isPartOf\":{\"@id\":\"https:\/\/fulfillmenthubhungary.com\/#website\"},\"datePublished\":\"2022-03-18T11:24:04+00:00\",\"dateModified\":\"2022-04-05T07:41:49+00:00\",\"breadcrumb\":{\"@id\":\"https:\/\/fulfillmenthubhungary.com\/privacy-policy\/#breadcrumb\"},\"inLanguage\":\"hu\",\"potentialAction\":[{\"@type\":\"ReadAction\",\"target\":[\"https:\/\/fulfillmenthubhungary.com\/privacy-policy\/\"]}]},{\"@type\":\"BreadcrumbList\",\"@id\":\"https:\/\/fulfillmenthubhungary.com\/privacy-policy\/#breadcrumb\",\"itemListElement\":[{\"@type\":\"ListItem\",\"position\":1,\"name\":\"Home\",\"item\":\"https:\/\/fulfillmenthubhungary.com\/\"},{\"@type\":\"ListItem\",\"position\":2,\"name\":\"Privacy Policy\"}]},{\"@type\":\"WebSite\",\"@id\":\"https:\/\/fulfillmenthubhungary.com\/#website\",\"url\":\"https:\/\/fulfillmenthubhungary.com\/\",\"name\":\"Affordable Fulfillment Center in Europe\",\"description\":\"Your eCommerce Fulfillment Partner for scalable and consistent growth\",\"publisher\":{\"@id\":\"https:\/\/fulfillmenthubhungary.com\/#organization\"},\"potentialAction\":[{\"@type\":\"SearchAction\",\"target\":{\"@type\":\"EntryPoint\",\"urlTemplate\":\"https:\/\/fulfillmenthubhungary.com\/?s={search_term_string}\"},\"query-input\":\"required name=search_term_string\"}],\"inLanguage\":\"hu\"},{\"@type\":\"Organization\",\"@id\":\"https:\/\/fulfillmenthubhungary.com\/#organization\",\"name\":\"Fulfillment Hub Hungary\",\"url\":\"https:\/\/fulfillmenthubhungary.com\/\",\"logo\":{\"@type\":\"ImageObject\",\"inLanguage\":\"hu\",\"@id\":\"https:\/\/fulfillmenthubhungary.com\/#\/schema\/logo\/image\/\",\"url\":\"https:\/\/fulfillmenthubhungary.com\/wp-content\/uploads\/2022\/03\/LOGO_FFH.png\",\"contentUrl\":\"https:\/\/fulfillmenthubhungary.com\/wp-content\/uploads\/2022\/03\/LOGO_FFH.png\",\"width\":124,\"height\":52,\"caption\":\"Fulfillment Hub Hungary\"},\"image\":{\"@id\":\"https:\/\/fulfillmenthubhungary.com\/#\/schema\/logo\/image\/\"}}]}<\/script>\n<!-- \/ Yoast SEO plugin. -->","yoast_head_json":{"title":"Privacy Policy | Affordable Fulfillment Center in Europe","robots":{"index":"index","follow":"follow","max-snippet":"max-snippet:-1","max-image-preview":"max-image-preview:large","max-video-preview":"max-video-preview:-1"},"canonical":"https:\/\/fulfillmenthubhungary.com\/hu\/privacy-policy\/","og_locale":"hu_HU","og_type":"article","og_title":"Privacy Policy | Affordable Fulfillment Center in Europe","og_url":"https:\/\/fulfillmenthubhungary.com\/hu\/privacy-policy\/","og_site_name":"Affordable Fulfillment Center in Europe","article_modified_time":"2022-04-05T07:41:49+00:00","twitter_card":"summary_large_image","twitter_misc":{"Becs\u00fclt olvas\u00e1si id\u0151":"1 perc"},"schema":{"@context":"https:\/\/schema.org","@graph":[{"@type":"WebPage","@id":"https:\/\/fulfillmenthubhungary.com\/privacy-policy\/","url":"https:\/\/fulfillmenthubhungary.com\/privacy-policy\/","name":"Privacy Policy | Affordable Fulfillment Center in Europe","isPartOf":{"@id":"https:\/\/fulfillmenthubhungary.com\/#website"},"datePublished":"2022-03-18T11:24:04+00:00","dateModified":"2022-04-05T07:41:49+00:00","breadcrumb":{"@id":"https:\/\/fulfillmenthubhungary.com\/privacy-policy\/#breadcrumb"},"inLanguage":"hu","potentialAction":[{"@type":"ReadAction","target":["https:\/\/fulfillmenthubhungary.com\/privacy-policy\/"]}]},{"@type":"BreadcrumbList","@id":"https:\/\/fulfillmenthubhungary.com\/privacy-policy\/#breadcrumb","itemListElement":[{"@type":"ListItem","position":1,"name":"Home","item":"https:\/\/fulfillmenthubhungary.com\/"},{"@type":"ListItem","position":2,"name":"Privacy Policy"}]},{"@type":"WebSite","@id":"https:\/\/fulfillmenthubhungary.com\/#website","url":"https:\/\/fulfillmenthubhungary.com\/","name":"Affordable Fulfillment Center in Europe","description":"Your eCommerce Fulfillment Partner for scalable and consistent growth","publisher":{"@id":"https:\/\/fulfillmenthubhungary.com\/#organization"},"potentialAction":[{"@type":"SearchAction","target":{"@type":"EntryPoint","urlTemplate":"https:\/\/fulfillmenthubhungary.com\/?s={search_term_string}"},"query-input":"required name=search_term_string"}],"inLanguage":"hu"},{"@type":"Organization","@id":"https:\/\/fulfillmenthubhungary.com\/#organization","name":"Fulfillment Hub Hungary","url":"https:\/\/fulfillmenthubhungary.com\/","logo":{"@type":"ImageObject","inLanguage":"hu","@id":"https:\/\/fulfillmenthubhungary.com\/#\/schema\/logo\/image\/","url":"https:\/\/fulfillmenthubhungary.com\/wp-content\/uploads\/2022\/03\/LOGO_FFH.png","contentUrl":"https:\/\/fulfillmenthubhungary.com\/wp-content\/uploads\/2022\/03\/LOGO_FFH.png","width":124,"height":52,"caption":"Fulfillment Hub Hungary"},"image":{"@id":"https:\/\/fulfillmenthubhungary.com\/#\/schema\/logo\/image\/"}}]}},"_links":{"self":[{"href":"https:\/\/fulfillmenthubhungary.com\/hu\/wp-json\/wp\/v2\/pages\/597"}],"collection":[{"href":"https:\/\/fulfillmenthubhungary.com\/hu\/wp-json\/wp\/v2\/pages"}],"about":[{"href":"https:\/\/fulfillmenthubhungary.com\/hu\/wp-json\/wp\/v2\/types\/page"}],"author":[{"embeddable":true,"href":"https:\/\/fulfillmenthubhungary.com\/hu\/wp-json\/wp\/v2\/users\/3"}],"replies":[{"embeddable":true,"href":"https:\/\/fulfillmenthubhungary.com\/hu\/wp-json\/wp\/v2\/comments?post=597"}],"version-history":[{"count":16,"href":"https:\/\/fulfillmenthubhungary.com\/hu\/wp-json\/wp\/v2\/pages\/597\/revisions"}],"predecessor-version":[{"id":1418,"href":"https:\/\/fulfillmenthubhungary.com\/hu\/wp-json\/wp\/v2\/pages\/597\/revisions\/1418"}],"wp:attachment":[{"href":"https:\/\/fulfillmenthubhungary.com\/hu\/wp-json\/wp\/v2\/media?parent=597"}],"curies":[{"name":"wp","href":"https:\/\/api.w.org\/{rel}","templated":true}]}}