{"id":582,"date":"2022-03-18T10:59:47","date_gmt":"2022-03-18T10:59:47","guid":{"rendered":"http:\/\/18.119.163.208\/?page_id=582"},"modified":"2023-02-13T11:04:24","modified_gmt":"2023-02-13T11:04:24","slug":"contact-us","status":"publish","type":"page","link":"https:\/\/fulfillmenthubhungary.com\/hu\/contact-us\/","title":{"rendered":"Contact-Us"},"content":{"rendered":"<div      class=\"vc_row wpb_row section vc_row-fluid  swap-on-mobile banner-sec vc_custom_1669799167047\" style=' text-align:left;'><div class=\"full_section_inner clearfix\"><div class=\"wpb_column vc_column_container vc_col-sm-4\"><div class=\"vc_column-inner vc_custom_1647603629386\"><div class=\"wpb_wrapper\">\n\t<div class=\"wpb_text_column wpb_content_element  vc_custom_1649771663358\">\n\t\t<div class=\"wpb_wrapper\">\n\t\t\t<h2 class=\"heading_txt\">L\u00e9pjen \u00e9s kezdje el<\/h2>\n<h2 class=\"heading_txt\">kipr\u00f3b\u00e1lni fulfillment szolg\u00e1ltat\u00e1sunkat m\u00e9g ma.<\/h2>\n<p>&nbsp;<\/p>\n<p class=\"hero_discription_txt\">Kezdje utaz\u00e1s\u00e1t az \u0171rlap kit\u00f6lt\u00e9s\u00e9vel, hogy jobban seg\u00edthess\u00fcnk.<\/p>\n\n\t\t<\/div> \n\t<\/div> <\/div><\/div><\/div><div class=\"wpb_column vc_column_container vc_col-sm-8\"><div class=\"vc_column-inner\"><div class=\"wpb_wrapper\">\n\t<div class=\"wpb_single_image wpb_content_element vc_align_center\">\n\t\t<div class=\"wpb_wrapper\">\n\t\t\t\n\t\t\t<div class=\"vc_single_image-wrapper   vc_box_border_grey\"><img width=\"1124\" height=\"530\" src=\"https:\/\/fulfillmenthubhungary.com\/wp-content\/uploads\/2022\/03\/contact-us-hero-image.png\" class=\"vc_single_image-img attachment-full\" alt=\"contact Us\" loading=\"lazy\" srcset=\"https:\/\/fulfillmenthubhungary.com\/wp-content\/uploads\/2022\/03\/contact-us-hero-image.png 1124w, https:\/\/fulfillmenthubhungary.com\/wp-content\/uploads\/2022\/03\/contact-us-hero-image-300x141.png 300w, https:\/\/fulfillmenthubhungary.com\/wp-content\/uploads\/2022\/03\/contact-us-hero-image-1024x483.png 1024w, https:\/\/fulfillmenthubhungary.com\/wp-content\/uploads\/2022\/03\/contact-us-hero-image-768x362.png 768w, https:\/\/fulfillmenthubhungary.com\/wp-content\/uploads\/2022\/03\/contact-us-hero-image-700x330.png 700w\" sizes=\"(max-width: 1124px) 100vw, 1124px\" \/><\/div>\n\t\t<\/div>\n\t<\/div>\n<\/div><\/div><\/div><\/div><\/div><div      class=\"vc_row wpb_row section vc_row-fluid  vc_custom_1651144474416\" style=' text-align:left;'><div class=\"full_section_inner clearfix\"><div class=\"wpb_column vc_column_container vc_col-sm-3\/5\"><div class=\"vc_column-inner vc_custom_1647605803839\"><div class=\"wpb_wrapper\"><div      class=\"vc_row wpb_row section vc_row-fluid vc_inner\" style=' text-align:left;'><div class=\"full_section_inner clearfix\"><div class=\"wpb_column vc_column_container vc_col-sm-8\"><div class=\"vc_column-inner\"><div class=\"wpb_wrapper\">\n\t<div class=\"wpb_text_column wpb_content_element  contact_heading vc_custom_1647672647255\">\n\t\t<div class=\"wpb_wrapper\">\n\t\t\t<h2 class=\"contact_heading\" style=\"text-align: left;\">VEGYE FEL A KAPCSOLATOT<\/h2>\n\n\t\t<\/div> \n\t<\/div> <\/div><\/div><\/div><div class=\"wpb_column vc_column_container vc_col-sm-4\"><div class=\"vc_column-inner vc_custom_1649772680708\"><div class=\"wpb_wrapper\">\n\n\t<a href=\"https:\/\/calendly.com\/fulfillmenthubusa\" target=\"_self\"  class=\"qode-btn qode-btn-medium qode-btn-solid qode-btn-icon button_orange schedule_call_btn qode-btn-default-hover\"  >\n\t    <span class=\"qode-btn-text\">H\u00edv\u00e1s \u00fctemez\u00e9se<\/span><span class=\"qode-button-v2-icon-holder\"  ><i class=\"qode_icon_font_awesome fa fa-phone qode-button-v2-icon-holder-inner\" ><\/i><\/span>\t<\/a>\n\n<\/div><\/div><\/div><\/div><\/div>\n\t<div class=\"wpb_raw_code wpb_content_element wpb_raw_html vc_custom_1647675578120 contact-us-form-css\" >\n\t\t<div class=\"wpb_wrapper\">\n\t\t\t<div><div class=\"frm_forms  with_frm_style frm_style_formidable-style\" id=\"frm_form_2_container\" data-token=\"406175fcf1913170df40a26699b1d406\">\n<form enctype=\"multipart\/form-data\" method=\"post\" class=\"frm-show-form  frm_js_validate\" id=\"form_contactus\"  data-token=\"406175fcf1913170df40a26699b1d406\" action=\"\">\n<div class=\"frm_form_fields\">\n<fieldset>\n<legend class=\"frm_screen_reader\">L\u00e9pjen kapcsolatba vel\u00fcnk<\/legend>\r\n\r\n<div class=\"frm_fields_container\">\n<input type=\"hidden\" name=\"frm_action\" value=\"create\" \/>\n<input type=\"hidden\" name=\"form_id\" value=\"2\" \/>\n<input type=\"hidden\" name=\"frm_hide_fields_2\" id=\"frm_hide_fields_2\" value=\"\" \/>\n<input type=\"hidden\" name=\"form_key\" value=\"contactus\" \/>\n<input type=\"hidden\" name=\"item_meta[0]\" value=\"\" \/>\n<input type=\"hidden\" id=\"frm_submit_entry_2\" name=\"frm_submit_entry_2\" value=\"a0175ec054\" \/><input type=\"hidden\" name=\"_wp_http_referer\" value=\"\/hu\/wp-json\/wp\/v2\/pages\/582\" \/><div id=\"frm_field_6_container\" class=\"frm_form_field form-field  frm_required_field frm_top_container frm6 frm_first\">\r\n    <label for=\"field_15amh\" id=\"field_15amh_label\" class=\"frm_primary_label\">N\u00e9v\r\n        <span class=\"frm_required\" aria-hidden=\"true\">*<\/span>\r\n    <\/label>\r\n    <input type=\"text\" id=\"field_15amh\" name=\"item_meta[6]\" value=\"\"  data-reqmsg=\"This field cannot be blank.\" aria-required=\"true\" data-invmsg=\"Text is invalid\" aria-invalid=\"false\" pattern=\"[A-Za-z\\s]{1,}[\\.]{0,1}[A-Za-z\\s]{0,}$\"  \/>\r\n    \r\n    \r\n<\/div>\n<div id=\"frm_field_18_container\" class=\"frm_form_field form-field  frm_required_field frm_top_container frm6\">\r\n    <label for=\"field_64fzz\" id=\"field_64fzz_label\" class=\"frm_primary_label\">Havi forgalom\r\n        <span class=\"frm_required\" aria-hidden=\"true\">*<\/span>\r\n    <\/label>\r\n    \t\t<select name=\"item_meta[18]\" id=\"field_64fzz\"  data-frmval=\"Select\" data-frmplaceholder=\"Select\" placeholder=\"Select\" data-reqmsg=\"This field cannot be blank.\" aria-required=\"true\" data-invmsg=\"Monthly Outbound Volume is invalid\" aria-invalid=\"false\"  >\n\t\t\t\t\t<option value=\"\">\n\t\t\t\tSelect\t\t\t<\/option>\n\t\t\t\t\t<option  value=\"Up to 500\">\n\t\t\tUp to 500\t\t<\/option>\n\t\t\t\t<option  value=\"Up to 1000\">\n\t\t\tUp to 1000\t\t<\/option>\n\t\t\t\t<option  value=\"Up to 5000\">\n\t\t\tUp to 5000\t\t<\/option>\n\t\t\t\t<option  value=\"Up to 10000\">\n\t\t\tUp to 10000\t\t<\/option>\n\t\t\t\t<option  value=\"More than 10000\">\n\t\t\tMore than 10000\t\t<\/option>\n\t\t\t\t<option  value=\"Do not know\">\n\t\t\tDo not know\t\t<\/option>\n\t\t\t<\/select>\n\t\r\n    \r\n    \r\n<\/div>\n<div id=\"frm_field_8_container\" class=\"frm_form_field form-field  frm_required_field frm_top_container frm6 frm_first\">\r\n    <label for=\"field_p5kvd\" id=\"field_p5kvd_label\" class=\"frm_primary_label\">C\u00e9g neve\r\n        <span class=\"frm_required\" aria-hidden=\"true\">*<\/span>\r\n    <\/label>\r\n    <input type=\"text\" id=\"field_p5kvd\" name=\"item_meta[8]\" value=\"\"  data-reqmsg=\"This field cannot be blank.\" aria-required=\"true\" data-invmsg=\"Text is invalid\" aria-invalid=\"false\"  \/>\r\n    \r\n    \r\n<\/div>\n<div id=\"frm_field_10_container\" class=\"frm_form_field form-field  frm_top_container frm6\">\r\n    <label for=\"field_wnemn\" id=\"field_wnemn_label\" class=\"frm_primary_label\"># of SKU\u2019s\r\n        <span class=\"frm_required\" aria-hidden=\"true\"><\/span>\r\n    <\/label>\r\n    <input type=\"number\" id=\"field_wnemn\" name=\"item_meta[10]\" value=\"\"  data-invmsg=\"Number is invalid\" aria-invalid=\"false\"   min=\"0\" max=\"9999999\" step=\"any\"\/>\r\n    \r\n    \r\n<\/div>\n<div id=\"frm_field_11_container\" class=\"frm_form_field form-field  frm_required_field frm_top_container frm6 frm_first\">\r\n    <label for=\"field_ccflf\" id=\"field_ccflf_label\" class=\"frm_primary_label\">Emailcim\r\n        <span class=\"frm_required\" aria-hidden=\"true\">*<\/span>\r\n    <\/label>\r\n    <input type=\"email\" id=\"field_ccflf\" name=\"item_meta[11]\" value=\"\"  data-reqmsg=\"This field cannot be blank.\" aria-required=\"true\" data-invmsg=\"Email is invalid\" aria-invalid=\"false\"  \/>\r\n    \r\n    \r\n<\/div>\n<div id=\"frm_field_12_container\" class=\"frm_form_field form-field  frm_required_field frm_top_container frm6\">\r\n    <label for=\"field_1sb2g\" id=\"field_1sb2g_label\" class=\"frm_primary_label\">Telefon\r\n        <span class=\"frm_required\" aria-hidden=\"true\">*<\/span>\r\n    <\/label>\r\n    <input type=\"tel\" id=\"field_1sb2g\" name=\"item_meta[12]\" value=\"\"  data-reqmsg=\"This field cannot be blank.\" aria-required=\"true\" data-invmsg=\"Phone is invalid\" aria-invalid=\"false\" pattern=\"((\\+\\d{1,3}(-|.| )?\\(?\\d\\)?(-| |.)?\\d{1,5})|(\\(?\\d{2,6}\\)?))(-|.| )?(\\d{3,4})(-|.| )?(\\d{4})(( x| ext)\\d{1,5}){0,1}$\"  \/>\r\n    \r\n    \r\n<\/div>\n<div id=\"frm_field_9_container\" class=\"frm_form_field form-field  frm_required_field frm_top_container frm6 frm_first\">\r\n    <label for=\"field_zyyzf\" id=\"field_zyyzf_label\" class=\"frm_primary_label\">A term\u00e9k \u00e1tlagos s\u00falya kg-ban\r\n        <span class=\"frm_required\" aria-hidden=\"true\">*<\/span>\r\n    <\/label>\r\n    <input type=\"number\" id=\"field_zyyzf\" name=\"item_meta[9]\" value=\"\"  data-reqmsg=\"This field cannot be blank.\" aria-required=\"true\" data-invmsg=\"Text is invalid\" aria-invalid=\"false\"   min=\"1\" max=\"9999999\" step=\"1\"\/>\r\n    \r\n    \r\n<\/div>\n<div id=\"frm_field_13_container\" class=\"frm_form_field form-field  frm_required_field frm_top_container frm6\">\r\n    <label for=\"field_20xsi\" id=\"field_20xsi_label\" class=\"frm_primary_label\">A term\u00e9k \u00e1tlagos m\u00e9rete cm-ben\r\n        <span class=\"frm_required\" aria-hidden=\"true\">*<\/span>\r\n    <\/label>\r\n    <input type=\"number\" id=\"field_20xsi\" name=\"item_meta[13]\" value=\"\"  data-reqmsg=\"This field cannot be blank.\" aria-required=\"true\" data-invmsg=\"Text is invalid\" aria-invalid=\"false\"   min=\"1\" max=\"9999999\" step=\"1\"\/>\r\n    \r\n    \r\n<\/div>\n<div id=\"frm_field_14_container\" class=\"frm_form_field form-field  frm_required_field frm_top_container frm6 frm_first\">\r\n    <label for=\"field_5d9dy\" id=\"field_5d9dy_label\" class=\"frm_primary_label\">Jelenlegi e-kereskedelmi platform\r\n        <span class=\"frm_required\" aria-hidden=\"true\">*<\/span>\r\n    <\/label>\r\n    <input type=\"text\" id=\"field_5d9dy\" name=\"item_meta[14]\" value=\"\"  data-reqmsg=\"This field cannot be blank.(Numbers are not allowed)\" aria-required=\"true\" data-invmsg=\"Text is invalid\" aria-invalid=\"false\"  \/>\r\n    \r\n    \r\n<\/div>\n<div id=\"frm_field_35_container\" class=\"frm_form_field form-field  frm_top_container frm6\">\r\n    <label for=\"field_7kq6i\" id=\"field_7kq6i_label\" class=\"frm_primary_label\">Van hivatkoz\u00e1si k\u00f3dja?\r\n        <span class=\"frm_required\" aria-hidden=\"true\"><\/span>\r\n    <\/label>\r\n    <input type=\"text\" id=\"field_7kq6i\" name=\"item_meta[35]\" value=\"\"  data-invmsg=\"Text is invalid\" aria-invalid=\"false\"  \/>\r\n    \r\n    \r\n<\/div>\n<div id=\"frm_field_15_container\" class=\"frm_form_field form-field  frm_required_field frm_top_container\">\r\n    <label for=\"field_vnsx\" id=\"field_vnsx_label\" class=\"frm_primary_label\">Honnan hallott r\u00f3lunk?\r\n        <span class=\"frm_required\" aria-hidden=\"true\">*<\/span>\r\n    <\/label>\r\n    <input type=\"text\" id=\"field_vnsx\" name=\"item_meta[15]\" value=\"\"  data-reqmsg=\"This field cannot be blank.\" aria-required=\"true\" data-invmsg=\"Numbers are not allowed\" aria-invalid=\"false\" pattern=\"[A-Za-z\\s]{1,}[\\.]{0,1}[A-Za-z\\s]{0,}$\"  \/>\r\n    \r\n    \r\n<\/div>\n<div id=\"frm_field_16_container\" class=\"frm_form_field form-field  frm_top_container frm12\">\r\n    <label for=\"field_jh0ph\" id=\"field_jh0ph_label\" class=\"frm_primary_label\">Jelenleg hogyan teljes\u00edti a megrendel\u00e9seket?\r\n        <span class=\"frm_required\" aria-hidden=\"true\"><\/span>\r\n    <\/label>\r\n    <input type=\"text\" id=\"field_jh0ph\" name=\"item_meta[16]\" value=\"\"  data-invmsg=\"Text is invalid\" aria-invalid=\"false\" pattern=\"[A-Za-z\\s]{1,}[\\.]{0,1}[A-Za-z\\s]{0,}$\"  \/>\r\n    \r\n    \r\n<\/div>\n<div id=\"frm_field_17_container\" class=\"frm_form_field form-field  frm_top_container frm12\">\r\n    <label for=\"field_89xki\" id=\"field_89xki_label\" class=\"frm_primary_label\">Tov\u00e1bbi inform\u00e1ci\u00f3\r\n        <span class=\"frm_required\" aria-hidden=\"true\"><\/span>\r\n    <\/label>\r\n    <input type=\"text\" id=\"field_89xki\" name=\"item_meta[17]\" value=\"\"  data-invmsg=\"Text is invalid\" aria-invalid=\"false\"  \/>\r\n    \r\n    \r\n<\/div>\n\t<input type=\"hidden\" name=\"item_key\" value=\"\" \/>\n\t\t\t\t<div class=\"frm_verify\" aria-hidden=\"true\">\n\t\t\t\t<label for=\"frm_email_2\">\n\t\t\t\t\tIf you are human, leave this field blank.\t\t\t\t<\/label>\n\t\t\t\t<input type=\"text\" class=\"frm_verify\" id=\"frm_email_2\" name=\"frm_verify\" value=\"\"  \/>\n\t\t\t<\/div>\n\t\t<div class=\"frm_submit\">\r\n\r\n<button class=\"frm_button_submit button_orange\" type=\"submit\"  >K\u00fcld\u00e9s<\/button>\r\n<a href=\"#\" onclick=\"document.getElementById('form_contactus').reset();\"><\/a>\r\n<\/div>\n<\/fieldset>\n<\/div>\n<input type=\"hidden\" name=\"trp-form-language\" value=\"hu\"\/><\/form>\n<\/div>\n<\/div>\n\t\t<\/div>\n\t<\/div>\n\t<div class=\"vc_empty_space\"  style=\"height: 40px\" ><span\n\t\t\tclass=\"vc_empty_space_inner\">\n\t\t\t<span class=\"empty_space_image\"  ><\/span>\n\t\t<\/span><\/div>\n\n\n\t<div class=\"wpb_text_column wpb_content_element\">\n\t\t<div class=\"wpb_wrapper\">\n\t\t\t<h2 class=\"contact_heading1\" style=\"text-align: left;\">K\u00c9SZEN \u00c1LL  ARRA, HOGY EGY KIV\u00c1L\u00d3 FULFILLMENT  \u00c9LM\u00c9NYT kapjon? T\u00d6LTSE KI  AZ ONLINE  \u0170RLAPOT, HOGY GYORSAN ELINDULHASSON A FULFILLMENT HUB HUNGARYVAL VAL\u00d3 EGY\u00dcTTM\u0170K\u00d6D\u00c9S.<\/h2>\n\n\t\t<\/div> \n\t<\/div> <a  itemprop=\"url\" href=\"https:\/\/fulfillmenthubusa.com\/instant-on-boarding\/\" target=\"_self\"  class=\"qbutton  default button_orange\" style=\"margin: 10px 0px 20px 0px; \">Azonnali online bel\u00e9p\u00e9s<\/a><\/div><\/div><\/div><div class=\"wpb_column vc_column_container vc_col-sm-2\/5\"><div class=\"vc_column-inner\"><div class=\"wpb_wrapper\">\n\t<div class=\"wpb_text_column wpb_content_element  contact_heading vc_custom_1647672816991\">\n\t\t<div class=\"wpb_wrapper\">\n\t\t\t<h2 class=\"contact_heading\" style=\"text-align: left;\">L\u00e9pjen kapcsolatba vel\u00fcnk<\/h2>\n\n\t\t<\/div> \n\t<\/div> \n\t<div class=\"wpb_raw_code wpb_content_element wpb_raw_html\" >\n\t\t<div class=\"wpb_wrapper\">\n\t\t\t<ul>\n \t<li class=\"links_li_center\"><a href=\"tel:+1 786 622 1102\"> <img src=\"https:\/\/fulfillmenthubhungary.com\/wp-content\/uploads\/2022\/03\/phone.png\" alt=\"call icon\" width=\"22px\" height=\"22px\" \/> (English) +1 (786) 622-1102<\/a><\/li>\n<li class=\"links_li_center\"><a href=\"tel:+36 70 368 4664\"> <img src=\"https:\/\/fulfillmenthubhungary.com\/wp-content\/uploads\/2022\/03\/phone.png\" alt=\"call icon\" width=\"22px\" height=\"22px\" \/> (Hungarian) +36 70 368 4664<\/a><\/li>\n \t<li class=\"links_li_center\"><img src=\"https:\/\/fulfillmenthubhungary.com\/wp-content\/uploads\/2022\/03\/email.png\" alt=\"email icon\" width=\"22px\" height=\"22px\" \/><a style=\"text-transform: lowercase;\" href=\"mailto:info@fulfillmenthubhungary.com\"> info@fulfillmenthubhungary.com<\/a><\/li>\n \t<li class=\"links_li_center\"><img src=\"https:\/\/fulfillmenthubhungary.com\/wp-content\/uploads\/2022\/03\/pin_location.png\" alt=\"icon for address of Fulfillment hub Hungary\" width=\"22px\" height=\"22px\" \/><span>Oroszl\u00e1ny, D\u00f3zsa Gy\u00f6rgy u. 29, 2840 Hungary<\/span><\/li>\n<\/ul>\n\t\t<\/div>\n\t<\/div>\n<div class=\"wpb_gmaps_widget wpb_content_element contact_us_map wpb_animate_when_almost_visible wpb_zoomIn zoomIn\" >\n\t\t<div class=\"wpb_wrapper\">\n\t\t<div class=\"wpb_map_wraper\">\n\t\t\t<iframe src=\"https:\/\/www.google.com\/maps\/embed?pb=!1m14!1m8!1m3!1d5382.829335297635!2d18.366777!3d47.579176!3m2!1i1024!2i768!4f13.1!3m3!1m2!1s0x0%3A0x5dd41206e5fd6002!2sFulfillment%20Hub%20Hungary!5e0!3m2!1sen!2sin!4v1651143557350!5m2!1sen!2sin\" width=\"800\" height=\"600\" style=\"border:0;\" allowfullscreen=\"\" loading=\"lazy\" referrerpolicy=\"no-referrer-when-downgrade\"><\/iframe>\t\t<\/div>\n\t<\/div>\n<\/div>\n\n\t<div class=\"wpb_text_column wpb_content_element  vc_custom_1647675196843\">\n\t\t<div class=\"wpb_wrapper\">\n\t\t\t<h2 class=\"contact_heading\" style=\"text-align: left;\">K\u00f6vess minket<\/h2>\n\n\t\t<\/div> \n\t<\/div> <span class='q_social_icon_holder circle_social' data-color=\"#28425b\" data-hover-background-color=\"#fdbc68\" data-hover-color=\"#ffffff\"><a itemprop='url' href='https:\/\/www.linkedin.com\/company\/fulfillment-hub-hungary' target='_blank'><span class='fa-stack fa-2x' style='background-color: #fdbc68;border-width: 1pxpx;margin: 5px;'><i class=\"qode_icon_font_awesome fa fa-linkedin\" style=\"color: #28425b;\" ><\/i><\/span><\/a><\/span><span class='q_social_icon_holder circle_social' data-color=\"#28425b\" data-hover-background-color=\"#fdbc68\" data-hover-color=\"#ffffff\"><a itemprop='url' href='https:\/\/www.facebook.com\/fulfillmenthubhungary\/' target='_blank'><span class='fa-stack fa-2x' style='background-color: #fdbc68;border-width: 1pxpx;margin: 5px;'><i class=\"qode_icon_font_awesome fa fa-facebook\" style=\"color: #28425b;\" ><\/i><\/span><\/a><\/span><span class='q_social_icon_holder circle_social' data-color=\"#28425b\" data-hover-background-color=\"#fdbc68\" data-hover-color=\"#ffffff\"><a itemprop='url' href='https:\/\/twitter.com\/Fulfillment_Hub' target='_blank'><span class='fa-stack fa-2x' style='background-color: #fdbc68;border-width: 1pxpx;margin: 5px;'><i class=\"qode_icon_font_awesome fa fa-twitter\" style=\"color: #28425b;\" ><\/i><\/span><\/a><\/span><\/div><\/div><\/div><\/div><\/div>","protected":false},"excerpt":{"rendered":"Let\u2019s begin your extraordinary fulfillment experience today! &nbsp; Start your journey by filling out the form, so we can assist you better. Get in Touch SCHEDULE A CALL Contact us Name * Monthly Outbound Volume * Select Up to 500 Up to 1000 Up to...","protected":false},"author":3,"featured_media":0,"parent":0,"menu_order":0,"comment_status":"closed","ping_status":"closed","template":"full_width.php","meta":[],"yoast_head":"<!-- This site is optimized with the Yoast SEO plugin v19.10 - https:\/\/yoast.com\/wordpress\/plugins\/seo\/ -->\n<title>Contact Us for Support | Fulfillment Hub Hungary\u00a0<\/title>\n<meta name=\"description\" content=\"We are here to assist you! Contact our experts if you have any questions, queries, or concerns, and you will receive a FREE quote.\u00a0\" \/>\n<meta name=\"robots\" content=\"index, follow, max-snippet:-1, max-image-preview:large, max-video-preview:-1\" \/>\n<link rel=\"canonical\" href=\"https:\/\/fulfillmenthubhungary.com\/hu\/contact-us\/\" \/>\n<meta property=\"og:locale\" content=\"hu_HU\" \/>\n<meta property=\"og:type\" content=\"article\" \/>\n<meta property=\"og:title\" content=\"Contact Us for Support | Fulfillment Hub Hungary\u00a0\" \/>\n<meta property=\"og:description\" content=\"We are here to assist you! Contact our experts if you have any questions, queries, or concerns, and you will receive a FREE quote.\u00a0\" \/>\n<meta property=\"og:url\" content=\"https:\/\/fulfillmenthubhungary.com\/hu\/contact-us\/\" \/>\n<meta property=\"og:site_name\" content=\"Affordable Fulfillment Center in Europe\" \/>\n<meta property=\"article:modified_time\" content=\"2023-02-13T11:04:24+00:00\" \/>\n<meta name=\"twitter:card\" content=\"summary_large_image\" \/>\n<meta name=\"twitter:label1\" content=\"Becs\u00fclt olvas\u00e1si id\u0151\" \/>\n\t<meta name=\"twitter:data1\" content=\"1 perc\" \/>\n<script type=\"application\/ld+json\" class=\"yoast-schema-graph\">{\"@context\":\"https:\/\/schema.org\",\"@graph\":[{\"@type\":\"WebPage\",\"@id\":\"https:\/\/fulfillmenthubhungary.com\/contact-us\/\",\"url\":\"https:\/\/fulfillmenthubhungary.com\/contact-us\/\",\"name\":\"Contact Us for Support | Fulfillment Hub Hungary\u00a0\",\"isPartOf\":{\"@id\":\"https:\/\/fulfillmenthubhungary.com\/#website\"},\"datePublished\":\"2022-03-18T10:59:47+00:00\",\"dateModified\":\"2023-02-13T11:04:24+00:00\",\"description\":\"We are here to assist you! Contact our experts if you have any questions, queries, or concerns, and you will receive a FREE quote.\u00a0\",\"breadcrumb\":{\"@id\":\"https:\/\/fulfillmenthubhungary.com\/contact-us\/#breadcrumb\"},\"inLanguage\":\"hu\",\"potentialAction\":[{\"@type\":\"ReadAction\",\"target\":[\"https:\/\/fulfillmenthubhungary.com\/contact-us\/\"]}]},{\"@type\":\"BreadcrumbList\",\"@id\":\"https:\/\/fulfillmenthubhungary.com\/contact-us\/#breadcrumb\",\"itemListElement\":[{\"@type\":\"ListItem\",\"position\":1,\"name\":\"Home\",\"item\":\"https:\/\/fulfillmenthubhungary.com\/\"},{\"@type\":\"ListItem\",\"position\":2,\"name\":\"Contact-Us\"}]},{\"@type\":\"WebSite\",\"@id\":\"https:\/\/fulfillmenthubhungary.com\/#website\",\"url\":\"https:\/\/fulfillmenthubhungary.com\/\",\"name\":\"Affordable Fulfillment Center in Europe\",\"description\":\"Your eCommerce Fulfillment Partner for scalable and consistent growth\",\"publisher\":{\"@id\":\"https:\/\/fulfillmenthubhungary.com\/#organization\"},\"potentialAction\":[{\"@type\":\"SearchAction\",\"target\":{\"@type\":\"EntryPoint\",\"urlTemplate\":\"https:\/\/fulfillmenthubhungary.com\/?s={search_term_string}\"},\"query-input\":\"required name=search_term_string\"}],\"inLanguage\":\"hu\"},{\"@type\":\"Organization\",\"@id\":\"https:\/\/fulfillmenthubhungary.com\/#organization\",\"name\":\"Fulfillment Hub Hungary\",\"url\":\"https:\/\/fulfillmenthubhungary.com\/\",\"logo\":{\"@type\":\"ImageObject\",\"inLanguage\":\"hu\",\"@id\":\"https:\/\/fulfillmenthubhungary.com\/#\/schema\/logo\/image\/\",\"url\":\"https:\/\/fulfillmenthubhungary.com\/wp-content\/uploads\/2022\/03\/LOGO_FFH.png\",\"contentUrl\":\"https:\/\/fulfillmenthubhungary.com\/wp-content\/uploads\/2022\/03\/LOGO_FFH.png\",\"width\":124,\"height\":52,\"caption\":\"Fulfillment Hub Hungary\"},\"image\":{\"@id\":\"https:\/\/fulfillmenthubhungary.com\/#\/schema\/logo\/image\/\"}}]}<\/script>\n<!-- \/ Yoast SEO plugin. -->","yoast_head_json":{"title":"Contact Us for Support | Fulfillment Hub Hungary\u00a0","description":"We are here to assist you! Contact our experts if you have any questions, queries, or concerns, and you will receive a FREE quote.\u00a0","robots":{"index":"index","follow":"follow","max-snippet":"max-snippet:-1","max-image-preview":"max-image-preview:large","max-video-preview":"max-video-preview:-1"},"canonical":"https:\/\/fulfillmenthubhungary.com\/hu\/contact-us\/","og_locale":"hu_HU","og_type":"article","og_title":"Contact Us for Support | Fulfillment Hub Hungary\u00a0","og_description":"We are here to assist you! Contact our experts if you have any questions, queries, or concerns, and you will receive a FREE quote.\u00a0","og_url":"https:\/\/fulfillmenthubhungary.com\/hu\/contact-us\/","og_site_name":"Affordable Fulfillment Center in Europe","article_modified_time":"2023-02-13T11:04:24+00:00","twitter_card":"summary_large_image","twitter_misc":{"Becs\u00fclt olvas\u00e1si id\u0151":"1 perc"},"schema":{"@context":"https:\/\/schema.org","@graph":[{"@type":"WebPage","@id":"https:\/\/fulfillmenthubhungary.com\/contact-us\/","url":"https:\/\/fulfillmenthubhungary.com\/contact-us\/","name":"Contact Us for Support | Fulfillment Hub Hungary\u00a0","isPartOf":{"@id":"https:\/\/fulfillmenthubhungary.com\/#website"},"datePublished":"2022-03-18T10:59:47+00:00","dateModified":"2023-02-13T11:04:24+00:00","description":"We are here to assist you! Contact our experts if you have any questions, queries, or concerns, and you will receive a FREE quote.\u00a0","breadcrumb":{"@id":"https:\/\/fulfillmenthubhungary.com\/contact-us\/#breadcrumb"},"inLanguage":"hu","potentialAction":[{"@type":"ReadAction","target":["https:\/\/fulfillmenthubhungary.com\/contact-us\/"]}]},{"@type":"BreadcrumbList","@id":"https:\/\/fulfillmenthubhungary.com\/contact-us\/#breadcrumb","itemListElement":[{"@type":"ListItem","position":1,"name":"Home","item":"https:\/\/fulfillmenthubhungary.com\/"},{"@type":"ListItem","position":2,"name":"Contact-Us"}]},{"@type":"WebSite","@id":"https:\/\/fulfillmenthubhungary.com\/#website","url":"https:\/\/fulfillmenthubhungary.com\/","name":"Affordable Fulfillment Center in Europe","description":"Your eCommerce Fulfillment Partner for scalable and consistent growth","publisher":{"@id":"https:\/\/fulfillmenthubhungary.com\/#organization"},"potentialAction":[{"@type":"SearchAction","target":{"@type":"EntryPoint","urlTemplate":"https:\/\/fulfillmenthubhungary.com\/?s={search_term_string}"},"query-input":"required name=search_term_string"}],"inLanguage":"hu"},{"@type":"Organization","@id":"https:\/\/fulfillmenthubhungary.com\/#organization","name":"Fulfillment Hub Hungary","url":"https:\/\/fulfillmenthubhungary.com\/","logo":{"@type":"ImageObject","inLanguage":"hu","@id":"https:\/\/fulfillmenthubhungary.com\/#\/schema\/logo\/image\/","url":"https:\/\/fulfillmenthubhungary.com\/wp-content\/uploads\/2022\/03\/LOGO_FFH.png","contentUrl":"https:\/\/fulfillmenthubhungary.com\/wp-content\/uploads\/2022\/03\/LOGO_FFH.png","width":124,"height":52,"caption":"Fulfillment Hub Hungary"},"image":{"@id":"https:\/\/fulfillmenthubhungary.com\/#\/schema\/logo\/image\/"}}]}},"_links":{"self":[{"href":"https:\/\/fulfillmenthubhungary.com\/hu\/wp-json\/wp\/v2\/pages\/582"}],"collection":[{"href":"https:\/\/fulfillmenthubhungary.com\/hu\/wp-json\/wp\/v2\/pages"}],"about":[{"href":"https:\/\/fulfillmenthubhungary.com\/hu\/wp-json\/wp\/v2\/types\/page"}],"author":[{"embeddable":true,"href":"https:\/\/fulfillmenthubhungary.com\/hu\/wp-json\/wp\/v2\/users\/3"}],"replies":[{"embeddable":true,"href":"https:\/\/fulfillmenthubhungary.com\/hu\/wp-json\/wp\/v2\/comments?post=582"}],"version-history":[{"count":70,"href":"https:\/\/fulfillmenthubhungary.com\/hu\/wp-json\/wp\/v2\/pages\/582\/revisions"}],"predecessor-version":[{"id":2387,"href":"https:\/\/fulfillmenthubhungary.com\/hu\/wp-json\/wp\/v2\/pages\/582\/revisions\/2387"}],"wp:attachment":[{"href":"https:\/\/fulfillmenthubhungary.com\/hu\/wp-json\/wp\/v2\/media?parent=582"}],"curies":[{"name":"wp","href":"https:\/\/api.w.org\/{rel}","templated":true}]}}