{"id":578,"date":"2022-03-18T10:29:37","date_gmt":"2022-03-18T10:29:37","guid":{"rendered":"http:\/\/18.119.163.208\/?page_id=578"},"modified":"2022-11-30T07:59:55","modified_gmt":"2022-11-30T07:59:55","slug":"freight","status":"publish","type":"page","link":"https:\/\/fulfillmenthubhungary.com\/hu\/freight\/","title":{"rendered":"Tehersz\u00e1ll\u00edt\u00e1s"},"content":{"rendered":"<div      class=\"vc_row wpb_row section vc_row-fluid  banner_section vc_custom_1647867356991\" style=' text-align:left;'><div class=\"full_section_inner clearfix\"><div class=\"wpb_column vc_column_container vc_col-sm-12\"><div class=\"vc_column-inner\"><div class=\"wpb_wrapper\">\n\t<div class=\"wpb_text_column wpb_content_element\">\n\t\t<div class=\"wpb_wrapper\">\n\t\t\t<h1 class=\"banner_title\" style=\"text-align: center;\">Tehersz\u00e1ll\u00edt\u00e1si szolg\u00e1ltat\u00e1sok<\/h1>\n<div class=\"divider_line\"><\/div>\n<p class=\"banner_txt\" style=\"text-align: center;\">Belf\u00f6ldi vagy nemzetk\u00f6zi\u2026 minden sz\u00e1ll\u00edt\u00e1si ig\u00e9ny\u00e9t r\u00e1nk b\u00edzhatja<\/p>\n\n\t\t<\/div> \n\t<\/div> <\/div><\/div><\/div><\/div><\/div><div      class=\"vc_row wpb_row section vc_row-fluid  m-mt-0 vc_custom_1669795193091 grid_section\" style=' text-align:left;'><div class=\"section_inner clearfix\"><div class='section_inner_margin clearfix'><div class=\"wpb_column vc_column_container vc_col-sm-6\"><div class=\"vc_column-inner\"><div class=\"wpb_wrapper\">\n\t<div class=\"wpb_single_image wpb_content_element vc_align_center\">\n\t\t<div class=\"wpb_wrapper\">\n\t\t\t\n\t\t\t<div class=\"vc_single_image-wrapper   vc_box_border_grey\"><img width=\"1024\" height=\"636\" src=\"https:\/\/fulfillmenthubhungary.com\/wp-content\/uploads\/2022\/03\/inner_freight_services_img_1-1024x636.png\" class=\"vc_single_image-img attachment-large\" alt=\"freight_services\" loading=\"lazy\" srcset=\"https:\/\/fulfillmenthubhungary.com\/wp-content\/uploads\/2022\/03\/inner_freight_services_img_1-1024x636.png 1024w, https:\/\/fulfillmenthubhungary.com\/wp-content\/uploads\/2022\/03\/inner_freight_services_img_1-300x186.png 300w, https:\/\/fulfillmenthubhungary.com\/wp-content\/uploads\/2022\/03\/inner_freight_services_img_1-768x477.png 768w, https:\/\/fulfillmenthubhungary.com\/wp-content\/uploads\/2022\/03\/inner_freight_services_img_1-1536x955.png 1536w, https:\/\/fulfillmenthubhungary.com\/wp-content\/uploads\/2022\/03\/inner_freight_services_img_1-2048x1273.png 2048w, https:\/\/fulfillmenthubhungary.com\/wp-content\/uploads\/2022\/03\/inner_freight_services_img_1-700x435.png 700w\" sizes=\"(max-width: 1024px) 100vw, 1024px\" \/><\/div>\n\t\t<\/div>\n\t<\/div>\n<\/div><\/div><\/div><div class=\"wpb_column vc_column_container vc_col-sm-6\"><div class=\"vc_column-inner\"><div class=\"wpb_wrapper\">\n\t<div class=\"wpb_text_column wpb_content_element  vc_custom_1647603390196\">\n\t\t<div class=\"wpb_wrapper\">\n\t\t\t<h3 class=\"sub_service_title\">Fuvarozzon a  F\u00f6ld k\u00f6r\u00fcl<\/h3>\n<p>&nbsp;<\/p>\n<p class=\"sub_service_txt\">Tehersz\u00e1ll\u00edt\u00e1si szolg\u00e1ltat\u00e1saink glob\u00e1lisak. Ez egyszer\u0171en azt jelenti, hogy nem kell agg\u00f3dnia a c\u00e9lhelysz\u00edn miatt. Tov\u00e1bb\u00e1, amikor term\u00e9keit vel\u00fcnk sz\u00e1ll\u00edtja, h\u00e1zhoz sz\u00e1ll\u00edt\u00e1st biztos\u00edtunk \u00fcgyfeleinek, jav\u00edtva ezzel a c\u00e9g\u00fck im\u00e1zs\u00e1t.<\/p>\n\n\t\t<\/div> \n\t<\/div> <\/div><\/div><\/div><\/div><\/div><\/div><div      class=\"vc_row wpb_row section vc_row-fluid  grid_section\" style=' text-align:left;'><div class=\"section_inner clearfix\"><div class='section_inner_margin clearfix'><div class=\"wpb_column vc_column_container vc_col-sm-12\"><div class=\"vc_column-inner\"><div class=\"wpb_wrapper\"><div class=\"separator m-m-0 normal\" style=\"margin-top: 30px;margin-bottom: 30px;background-color: #c4c4c4;height: 1px;\"><\/div>\n<\/div><\/div><\/div><\/div><\/div><\/div><div      class=\"vc_row wpb_row section vc_row-fluid  swap-on-mobile m-mt-0 vc_custom_1669795187803 grid_section\" style=' text-align:left;'><div class=\"section_inner clearfix\"><div class='section_inner_margin clearfix'><div class=\"wpb_column vc_column_container vc_col-sm-6\"><div class=\"vc_column-inner\"><div class=\"wpb_wrapper\">\n\t<div class=\"wpb_text_column wpb_content_element  vc_custom_1647603494172\">\n\t\t<div class=\"wpb_wrapper\">\n\t\t\t<h3 class=\"sub_service_title\">Fuvaroz\u00e1s l\u00e9gi, tengeri \u00e9s sz\u00e1razf\u00f6ldi \u00faton<\/h3>\n<p>&nbsp;<\/p>\n<p class=\"sub_service_txt\">Legyen sz\u00f3 l\u00e9gi, tengeri vagy sz\u00e1razf\u00f6ldi \u00e1rusz\u00e1ll\u00edt\u00e1sr\u00f3l, el\u00e9rhet\u0151 \u00e1rakkal \u00e9s pontos sz\u00e1ll\u00edt\u00e1ssal \u00e1llunk rendelkez\u00e9s\u00e9re. Ha k\u00f6lts\u00e9ghat\u00e9konyan szeretne sz\u00e1ll\u00edtani, a tengeri fuvaroz\u00e1s a megfelel\u0151 m\u00f3d az \u00d6n sz\u00e1m\u00e1ra. A l\u00e9gi sz\u00e1ll\u00edt\u00e1s t\u00f6k\u00e9letes az alacsony eltarthat\u00f3s\u00e1gi idej\u0171 term\u00e9keihez vagy a s\u00fcrg\u0151ss\u00e9gi esetekben. Ha azonban hat\u00e9kony \u00e1rufuvaroz\u00e1si m\u00f3dot keres, a vas\u00fati rakom\u00e1ny az ide\u00e1lis megold\u00e1s.<\/p>\n\n\t\t<\/div> \n\t<\/div> <\/div><\/div><\/div><div class=\"wpb_column vc_column_container vc_col-sm-6\"><div class=\"vc_column-inner\"><div class=\"wpb_wrapper\">\n\t<div class=\"wpb_single_image wpb_content_element vc_align_center\">\n\t\t<div class=\"wpb_wrapper\">\n\t\t\t\n\t\t\t<div class=\"vc_single_image-wrapper   vc_box_border_grey\"><img width=\"557\" height=\"347\" src=\"https:\/\/fulfillmenthubhungary.com\/wp-content\/uploads\/2022\/03\/inner_freight_services_img_2.png\" class=\"vc_single_image-img attachment-large\" alt=\"freight_services\" loading=\"lazy\" srcset=\"https:\/\/fulfillmenthubhungary.com\/wp-content\/uploads\/2022\/03\/inner_freight_services_img_2.png 557w, https:\/\/fulfillmenthubhungary.com\/wp-content\/uploads\/2022\/03\/inner_freight_services_img_2-300x187.png 300w\" sizes=\"(max-width: 557px) 100vw, 557px\" \/><\/div>\n\t\t<\/div>\n\t<\/div>\n<\/div><\/div><\/div><\/div><\/div><\/div><div      class=\"vc_row wpb_row section vc_row-fluid  grid_section\" style=' text-align:left;'><div class=\"section_inner clearfix\"><div class='section_inner_margin clearfix'><div class=\"wpb_column vc_column_container vc_col-sm-12\"><div class=\"vc_column-inner\"><div class=\"wpb_wrapper\"><div class=\"separator m-m-0 normal\" style=\"margin-top: 30px;margin-bottom: 30px;background-color: #c4c4c4;height: 1px;\"><\/div>\n<\/div><\/div><\/div><\/div><\/div><\/div><div      class=\"vc_row wpb_row section vc_row-fluid  m-mt-0 vc_custom_1669795182724 grid_section\" style=' text-align:left;'><div class=\"section_inner clearfix\"><div class='section_inner_margin clearfix'><div class=\"wpb_column vc_column_container vc_col-sm-6\"><div class=\"vc_column-inner\"><div class=\"wpb_wrapper\">\n\t<div class=\"wpb_single_image wpb_content_element vc_align_center\">\n\t\t<div class=\"wpb_wrapper\">\n\t\t\t\n\t\t\t<div class=\"vc_single_image-wrapper   vc_box_border_grey\"><img width=\"557\" height=\"348\" src=\"https:\/\/fulfillmenthubhungary.com\/wp-content\/uploads\/2022\/03\/inner_freight_services_img_3.png\" class=\"vc_single_image-img attachment-large\" alt=\"freight_services\" loading=\"lazy\" srcset=\"https:\/\/fulfillmenthubhungary.com\/wp-content\/uploads\/2022\/03\/inner_freight_services_img_3.png 557w, https:\/\/fulfillmenthubhungary.com\/wp-content\/uploads\/2022\/03\/inner_freight_services_img_3-300x187.png 300w\" sizes=\"(max-width: 557px) 100vw, 557px\" \/><\/div>\n\t\t<\/div>\n\t<\/div>\n<\/div><\/div><\/div><div class=\"wpb_column vc_column_container vc_col-sm-6\"><div class=\"vc_column-inner\"><div class=\"wpb_wrapper\">\n\t<div class=\"wpb_text_column wpb_content_element  vc_custom_1647603593611\">\n\t\t<div class=\"wpb_wrapper\">\n\t\t\t<h3 class=\"sub_service_title\">K\u00f6nny\u0171 vagy neh\u00e9z term\u00e9kek\u2026 Mindet sz\u00e1ll\u00edtjuk<\/h3>\n<p>&nbsp;<\/p>\n<p class=\"sub_service_txt\">Mi t\u00f6bbfajta term\u00e9ket sz\u00e1ll\u00edtunk s\u00falyt\u00f3l \u00e9s m\u00e9rett\u0151l teljesen f\u00fcggetlen\u00fcl.\nHa \u00d6n vegyipari term\u00e9keket vagy nyersanyagot szeretne sz\u00e1ll\u00edtani, g\u00e1zt, foly\u00e9kony sz\u00e1ll\u00edtm\u00e1nyt vagy nagy\u00e9rt\u00e9k\u0171 \u00e1rut, mi mindet elsz\u00e1ll\u00edtjuk.\nEzenk\u00edv\u00fal, h\u0151m\u00e9rs\u00e9kletre \u00e9rz\u00e9keny \u00e1rukat is sz\u00e1ll\u00edtunk megengedhet\u0151 \u00e1rakon.<\/p>\n\n\t\t<\/div> \n\t<\/div> <\/div><\/div><\/div><\/div><\/div><\/div><div      class=\"vc_row wpb_row section vc_row-fluid  grid_section\" style=' text-align:left;'><div class=\"section_inner clearfix\"><div class='section_inner_margin clearfix'><div class=\"wpb_column vc_column_container vc_col-sm-12\"><div class=\"vc_column-inner\"><div class=\"wpb_wrapper\"><div class=\"separator m-m-0 normal\" style=\"margin-top: 30px;margin-bottom: 30px;background-color: #c4c4c4;height: 1px;\"><\/div>\n<\/div><\/div><\/div><\/div><\/div><\/div><div      class=\"vc_row wpb_row section vc_row-fluid  swap-on-mobile m-mt-0 vc_custom_1669795177756 grid_section\" style=' text-align:left;'><div class=\"section_inner clearfix\"><div class='section_inner_margin clearfix'><div class=\"wpb_column vc_column_container vc_col-sm-6\"><div class=\"vc_column-inner\"><div class=\"wpb_wrapper\">\n\t<div class=\"wpb_text_column wpb_content_element  vc_custom_1647603743444\">\n\t\t<div class=\"wpb_wrapper\">\n\t\t\t<h3 class=\"sub_service_title\">Biztos\u00edtsa \u00e1ruj\u00e1t fuvaroz\u00e1s el\u0151tt<\/h3>\n<p>&nbsp;<\/p>\n<p class=\"sub_service_txt\">Ha eddig f\u00e9lt a sz\u00e1ll\u00edtm\u00e1nya biztons\u00e1ga miatt, ne agg\u00f3djon t\u00f6bb\u00e9. Garant\u00e1ljuk \u00d6nnek sz\u00e1ll\u00edt\u00e1s k\u00f6zben \u00e1ruinak teljes biztons\u00e1g\u00e1t. Ha tov\u00e1bbi nagyobb biztons\u00e1got szeretne csomagjainak, v\u00e1laszthat sokr\u00e9t\u0171 \u00e9s t\u00f6bbf\u00e9le biztos\u00edt\u00e1si csomagunk k\u00f6z\u00fcl. Csapatunk a k\u00e1rrendez\u00e9sben is seg\u00edt \u00d6nnek.<\/p>\n\n\t\t<\/div> \n\t<\/div> <\/div><\/div><\/div><div class=\"wpb_column vc_column_container vc_col-sm-6\"><div class=\"vc_column-inner\"><div class=\"wpb_wrapper\">\n\t<div class=\"wpb_single_image wpb_content_element vc_align_center\">\n\t\t<div class=\"wpb_wrapper\">\n\t\t\t\n\t\t\t<div class=\"vc_single_image-wrapper   vc_box_border_grey\"><img width=\"557\" height=\"348\" src=\"https:\/\/fulfillmenthubhungary.com\/wp-content\/uploads\/2022\/03\/inner_freight_services_img_4.png\" class=\"vc_single_image-img attachment-large\" alt=\"freight_services\" loading=\"lazy\" srcset=\"https:\/\/fulfillmenthubhungary.com\/wp-content\/uploads\/2022\/03\/inner_freight_services_img_4.png 557w, https:\/\/fulfillmenthubhungary.com\/wp-content\/uploads\/2022\/03\/inner_freight_services_img_4-300x187.png 300w\" sizes=\"(max-width: 557px) 100vw, 557px\" \/><\/div>\n\t\t<\/div>\n\t<\/div>\n<\/div><\/div><\/div><\/div><\/div><\/div><div      class=\"vc_row wpb_row section vc_row-fluid  grid_section\" style=' text-align:left;'><div class=\"section_inner clearfix\"><div class='section_inner_margin clearfix'><div class=\"wpb_column vc_column_container vc_col-sm-12\"><div class=\"vc_column-inner\"><div class=\"wpb_wrapper\"><div class=\"separator m-m-0 normal\" style=\"margin-top: 30px;margin-bottom: 30px;background-color: #c4c4c4;height: 1px;\"><\/div>\n<\/div><\/div><\/div><\/div><\/div><\/div><div      class=\"vc_row wpb_row section vc_row-fluid  m-mt-0 vc_custom_1669795171668 grid_section\" style=' text-align:left;'><div class=\"section_inner clearfix\"><div class='section_inner_margin clearfix'><div class=\"wpb_column vc_column_container vc_col-sm-6\"><div class=\"vc_column-inner\"><div class=\"wpb_wrapper\">\n\t<div class=\"wpb_single_image wpb_content_element vc_align_center\">\n\t\t<div class=\"wpb_wrapper\">\n\t\t\t\n\t\t\t<div class=\"vc_single_image-wrapper   vc_box_border_grey\"><img width=\"1024\" height=\"483\" src=\"https:\/\/fulfillmenthubhungary.com\/wp-content\/uploads\/2022\/03\/contact-us-hero-image-1024x483.png\" class=\"vc_single_image-img attachment-large\" alt=\"contact Us\" loading=\"lazy\" srcset=\"https:\/\/fulfillmenthubhungary.com\/wp-content\/uploads\/2022\/03\/contact-us-hero-image-1024x483.png 1024w, https:\/\/fulfillmenthubhungary.com\/wp-content\/uploads\/2022\/03\/contact-us-hero-image-300x141.png 300w, https:\/\/fulfillmenthubhungary.com\/wp-content\/uploads\/2022\/03\/contact-us-hero-image-768x362.png 768w, https:\/\/fulfillmenthubhungary.com\/wp-content\/uploads\/2022\/03\/contact-us-hero-image-700x330.png 700w, https:\/\/fulfillmenthubhungary.com\/wp-content\/uploads\/2022\/03\/contact-us-hero-image.png 1124w\" sizes=\"(max-width: 1024px) 100vw, 1024px\" \/><\/div>\n\t\t<\/div>\n\t<\/div>\n<\/div><\/div><\/div><div class=\"wpb_column vc_column_container vc_col-sm-6\"><div class=\"vc_column-inner\"><div class=\"wpb_wrapper\">\n\t<div class=\"wpb_text_column wpb_content_element  vc_custom_1647606604706\">\n\t\t<div class=\"wpb_wrapper\">\n\t\t\t<h2 class=\"bottom_CTA_title\">Foglalja le fuvarj\u00e1t m\u00e9g ma!<\/h2>\n\n\t\t<\/div> \n\t<\/div> <a  itemprop=\"url\" href=\"https:\/\/fulfillmenthubhungary.com\/hu\/contact-us\/\" target=\"_self\"  class=\"qbutton  center default button_orange\" style=\"margin: 10px 0px 20px 0px; \">L\u00e9pjen kapcsolatba vel\u00fcnk<\/a><\/div><\/div><\/div><\/div><\/div><\/div><div      class=\"vc_row wpb_row section vc_row-fluid  grid_section\" style=' text-align:left;'><div class=\"section_inner clearfix\"><div class='section_inner_margin clearfix'><div class=\"wpb_column vc_column_container vc_col-sm-12\"><div class=\"vc_column-inner\"><div class=\"wpb_wrapper\"><div class=\"separator m-m-0 normal\" style=\"margin-top: 30px;margin-bottom: 30px;background-color: #c4c4c4;height: 1px;\"><\/div>\n<\/div><\/div><\/div><\/div><\/div><\/div><div      class=\"vc_row wpb_row section vc_row-fluid  swap-on-mobile m-mt-0 vc_custom_1669795165300 grid_section\" style=' text-align:left;'><div class=\"section_inner clearfix\"><div class='section_inner_margin clearfix'><div class=\"wpb_column vc_column_container vc_col-sm-6\"><div class=\"vc_column-inner\"><div class=\"wpb_wrapper\">\n\t<div class=\"wpb_text_column wpb_content_element  vc_custom_1656416305588\">\n\t\t<div class=\"wpb_wrapper\">\n\t\t\t<h2 class=\"bottom_CTA_title\">Tekintse meg \u00e1tl\u00e1that\u00f3 terveinket  \u00e9s \u00e1rainkat<\/h2>\n\n\t\t<\/div> \n\t<\/div> <div class=\"separator  normal\" style=\"margin-top: 15pxpx;margin-bottom: 15pxpx;background-color: #c4c4c4;height: 1px;\"><\/div>\n\n\t<div class=\"wpb_text_column wpb_content_element\">\n\t\t<div class=\"wpb_wrapper\">\n\t\t\t<p class=\"sub_service_txt\">Sz\u00edvesen seg\u00edt\u00fcnk a v\u00e1llalkoz\u00e1soknak abban, hogy \u00e1tl\u00e1that\u00f3 \u00e1rakkal az orsz\u00e1g legjobb logisztikai t\u00e1mogat\u00e1s\u00e1t kapj\u00e1k. \u00dcgyfeleink glob\u00e1lisak, \u00e9s az \u0151 bizalmuk az, ami miatt t\u00f6bbre t\u00f6reksz\u00fcnk. Kiv\u00e1laszthat egy alap\u00e1rat \u00e9s \u00e9p\u00edthet r\u00e1, vagy vegye fel vel\u00fcnk a  kapcsolatot, hogy egyedi \u00e1raj\u00e1nlatot k\u00e9rjen.<\/p>\n\n\t\t<\/div> \n\t<\/div> <a  itemprop=\"url\" href=\"https:\/\/fulfillmenthubhungary.com\/hu\/pricing\/\" target=\"_self\"  class=\"qbutton  center default button_orange\" style=\"margin: 10px 0px 20px 0px; \">TUDJON MEG T\u00d6BBET<\/a><\/div><\/div><\/div><div class=\"wpb_column vc_column_container vc_col-sm-6\"><div class=\"vc_column-inner\"><div class=\"wpb_wrapper\">\n\t<div class=\"wpb_single_image wpb_content_element vc_align_center\">\n\t\t<div class=\"wpb_wrapper\">\n\t\t\t\n\t\t\t<div class=\"vc_single_image-wrapper   vc_box_border_grey\"><img width=\"664\" height=\"377\" src=\"https:\/\/fulfillmenthubhungary.com\/wp-content\/uploads\/2022\/03\/plans.png\" class=\"vc_single_image-img attachment-large\" alt=\"plans and prices\" loading=\"lazy\" srcset=\"https:\/\/fulfillmenthubhungary.com\/wp-content\/uploads\/2022\/03\/plans.png 664w, https:\/\/fulfillmenthubhungary.com\/wp-content\/uploads\/2022\/03\/plans-300x170.png 300w\" sizes=\"(max-width: 664px) 100vw, 664px\" \/><\/div>\n\t\t<\/div>\n\t<\/div>\n<\/div><\/div><\/div><\/div><\/div><\/div>","protected":false},"excerpt":{"rendered":"Freight Services Domestic or International... you can rely on us for all your shipping needs Ship Around the Globe &nbsp; Our freight shipping services are global. It simply means you do not have to worry about the destination location. Furthermore, when you ship your products...","protected":false},"author":3,"featured_media":0,"parent":0,"menu_order":0,"comment_status":"closed","ping_status":"closed","template":"full_width.php","meta":[],"yoast_head":"<!-- This site is optimized with the Yoast SEO plugin v19.10 - https:\/\/yoast.com\/wordpress\/plugins\/seo\/ -->\n<title>Freight Services| International &amp; Domestic Shipping | Fulfillment Hub Hungary\u00a0<\/title>\n<meta name=\"description\" content=\"We provide domestic and international freight shipping as part of our freight services. We provide low-cost freight services by air, land, and sea.\u00a0\" \/>\n<meta name=\"robots\" content=\"index, follow, max-snippet:-1, max-image-preview:large, max-video-preview:-1\" \/>\n<link rel=\"canonical\" href=\"https:\/\/fulfillmenthubhungary.com\/hu\/freight\/\" \/>\n<meta property=\"og:locale\" content=\"hu_HU\" \/>\n<meta property=\"og:type\" content=\"article\" \/>\n<meta property=\"og:title\" content=\"Freight Services| International &amp; Domestic Shipping | Fulfillment Hub Hungary\u00a0\" \/>\n<meta property=\"og:description\" content=\"We provide domestic and international freight shipping as part of our freight services. We provide low-cost freight services by air, land, and sea.\u00a0\" \/>\n<meta property=\"og:url\" content=\"https:\/\/fulfillmenthubhungary.com\/hu\/freight\/\" \/>\n<meta property=\"og:site_name\" content=\"Affordable Fulfillment Center in Europe\" \/>\n<meta property=\"article:modified_time\" content=\"2022-11-30T07:59:55+00:00\" \/>\n<meta name=\"twitter:card\" content=\"summary_large_image\" \/>\n<meta name=\"twitter:label1\" content=\"Becs\u00fclt olvas\u00e1si id\u0151\" \/>\n\t<meta name=\"twitter:data1\" content=\"3 perc\" \/>\n<script type=\"application\/ld+json\" class=\"yoast-schema-graph\">{\"@context\":\"https:\/\/schema.org\",\"@graph\":[{\"@type\":\"WebPage\",\"@id\":\"https:\/\/fulfillmenthubhungary.com\/freight\/\",\"url\":\"https:\/\/fulfillmenthubhungary.com\/freight\/\",\"name\":\"Freight Services| International & Domestic Shipping | Fulfillment Hub Hungary\u00a0\",\"isPartOf\":{\"@id\":\"https:\/\/fulfillmenthubhungary.com\/#website\"},\"datePublished\":\"2022-03-18T10:29:37+00:00\",\"dateModified\":\"2022-11-30T07:59:55+00:00\",\"description\":\"We provide domestic and international freight shipping as part of our freight services. We provide low-cost freight services by air, land, and sea.\u00a0\",\"breadcrumb\":{\"@id\":\"https:\/\/fulfillmenthubhungary.com\/freight\/#breadcrumb\"},\"inLanguage\":\"hu\",\"potentialAction\":[{\"@type\":\"ReadAction\",\"target\":[\"https:\/\/fulfillmenthubhungary.com\/freight\/\"]}]},{\"@type\":\"BreadcrumbList\",\"@id\":\"https:\/\/fulfillmenthubhungary.com\/freight\/#breadcrumb\",\"itemListElement\":[{\"@type\":\"ListItem\",\"position\":1,\"name\":\"Home\",\"item\":\"https:\/\/fulfillmenthubhungary.com\/\"},{\"@type\":\"ListItem\",\"position\":2,\"name\":\"Freight\"}]},{\"@type\":\"WebSite\",\"@id\":\"https:\/\/fulfillmenthubhungary.com\/#website\",\"url\":\"https:\/\/fulfillmenthubhungary.com\/\",\"name\":\"Affordable Fulfillment Center in Europe\",\"description\":\"Your eCommerce Fulfillment Partner for scalable and consistent growth\",\"publisher\":{\"@id\":\"https:\/\/fulfillmenthubhungary.com\/#organization\"},\"potentialAction\":[{\"@type\":\"SearchAction\",\"target\":{\"@type\":\"EntryPoint\",\"urlTemplate\":\"https:\/\/fulfillmenthubhungary.com\/?s={search_term_string}\"},\"query-input\":\"required name=search_term_string\"}],\"inLanguage\":\"hu\"},{\"@type\":\"Organization\",\"@id\":\"https:\/\/fulfillmenthubhungary.com\/#organization\",\"name\":\"Fulfillment Hub Hungary\",\"url\":\"https:\/\/fulfillmenthubhungary.com\/\",\"logo\":{\"@type\":\"ImageObject\",\"inLanguage\":\"hu\",\"@id\":\"https:\/\/fulfillmenthubhungary.com\/#\/schema\/logo\/image\/\",\"url\":\"https:\/\/fulfillmenthubhungary.com\/wp-content\/uploads\/2022\/03\/LOGO_FFH.png\",\"contentUrl\":\"https:\/\/fulfillmenthubhungary.com\/wp-content\/uploads\/2022\/03\/LOGO_FFH.png\",\"width\":124,\"height\":52,\"caption\":\"Fulfillment Hub Hungary\"},\"image\":{\"@id\":\"https:\/\/fulfillmenthubhungary.com\/#\/schema\/logo\/image\/\"}}]}<\/script>\n<!-- \/ Yoast SEO plugin. -->","yoast_head_json":{"title":"Freight Services| International & Domestic Shipping | Fulfillment Hub Hungary\u00a0","description":"We provide domestic and international freight shipping as part of our freight services. We provide low-cost freight services by air, land, and sea.\u00a0","robots":{"index":"index","follow":"follow","max-snippet":"max-snippet:-1","max-image-preview":"max-image-preview:large","max-video-preview":"max-video-preview:-1"},"canonical":"https:\/\/fulfillmenthubhungary.com\/hu\/freight\/","og_locale":"hu_HU","og_type":"article","og_title":"Freight Services| International & Domestic Shipping | Fulfillment Hub Hungary\u00a0","og_description":"We provide domestic and international freight shipping as part of our freight services. We provide low-cost freight services by air, land, and sea.\u00a0","og_url":"https:\/\/fulfillmenthubhungary.com\/hu\/freight\/","og_site_name":"Affordable Fulfillment Center in Europe","article_modified_time":"2022-11-30T07:59:55+00:00","twitter_card":"summary_large_image","twitter_misc":{"Becs\u00fclt olvas\u00e1si id\u0151":"3 perc"},"schema":{"@context":"https:\/\/schema.org","@graph":[{"@type":"WebPage","@id":"https:\/\/fulfillmenthubhungary.com\/freight\/","url":"https:\/\/fulfillmenthubhungary.com\/freight\/","name":"Freight Services| International & Domestic Shipping | Fulfillment Hub Hungary\u00a0","isPartOf":{"@id":"https:\/\/fulfillmenthubhungary.com\/#website"},"datePublished":"2022-03-18T10:29:37+00:00","dateModified":"2022-11-30T07:59:55+00:00","description":"We provide domestic and international freight shipping as part of our freight services. We provide low-cost freight services by air, land, and sea.\u00a0","breadcrumb":{"@id":"https:\/\/fulfillmenthubhungary.com\/freight\/#breadcrumb"},"inLanguage":"hu","potentialAction":[{"@type":"ReadAction","target":["https:\/\/fulfillmenthubhungary.com\/freight\/"]}]},{"@type":"BreadcrumbList","@id":"https:\/\/fulfillmenthubhungary.com\/freight\/#breadcrumb","itemListElement":[{"@type":"ListItem","position":1,"name":"Home","item":"https:\/\/fulfillmenthubhungary.com\/"},{"@type":"ListItem","position":2,"name":"Freight"}]},{"@type":"WebSite","@id":"https:\/\/fulfillmenthubhungary.com\/#website","url":"https:\/\/fulfillmenthubhungary.com\/","name":"Affordable Fulfillment Center in Europe","description":"Your eCommerce Fulfillment Partner for scalable and consistent growth","publisher":{"@id":"https:\/\/fulfillmenthubhungary.com\/#organization"},"potentialAction":[{"@type":"SearchAction","target":{"@type":"EntryPoint","urlTemplate":"https:\/\/fulfillmenthubhungary.com\/?s={search_term_string}"},"query-input":"required name=search_term_string"}],"inLanguage":"hu"},{"@type":"Organization","@id":"https:\/\/fulfillmenthubhungary.com\/#organization","name":"Fulfillment Hub Hungary","url":"https:\/\/fulfillmenthubhungary.com\/","logo":{"@type":"ImageObject","inLanguage":"hu","@id":"https:\/\/fulfillmenthubhungary.com\/#\/schema\/logo\/image\/","url":"https:\/\/fulfillmenthubhungary.com\/wp-content\/uploads\/2022\/03\/LOGO_FFH.png","contentUrl":"https:\/\/fulfillmenthubhungary.com\/wp-content\/uploads\/2022\/03\/LOGO_FFH.png","width":124,"height":52,"caption":"Fulfillment Hub Hungary"},"image":{"@id":"https:\/\/fulfillmenthubhungary.com\/#\/schema\/logo\/image\/"}}]}},"_links":{"self":[{"href":"https:\/\/fulfillmenthubhungary.com\/hu\/wp-json\/wp\/v2\/pages\/578"}],"collection":[{"href":"https:\/\/fulfillmenthubhungary.com\/hu\/wp-json\/wp\/v2\/pages"}],"about":[{"href":"https:\/\/fulfillmenthubhungary.com\/hu\/wp-json\/wp\/v2\/types\/page"}],"author":[{"embeddable":true,"href":"https:\/\/fulfillmenthubhungary.com\/hu\/wp-json\/wp\/v2\/users\/3"}],"replies":[{"embeddable":true,"href":"https:\/\/fulfillmenthubhungary.com\/hu\/wp-json\/wp\/v2\/comments?post=578"}],"version-history":[{"count":28,"href":"https:\/\/fulfillmenthubhungary.com\/hu\/wp-json\/wp\/v2\/pages\/578\/revisions"}],"predecessor-version":[{"id":2283,"href":"https:\/\/fulfillmenthubhungary.com\/hu\/wp-json\/wp\/v2\/pages\/578\/revisions\/2283"}],"wp:attachment":[{"href":"https:\/\/fulfillmenthubhungary.com\/hu\/wp-json\/wp\/v2\/media?parent=578"}],"curies":[{"name":"wp","href":"https:\/\/api.w.org\/{rel}","templated":true}]}}