{"id":576,"date":"2022-03-18T11:00:34","date_gmt":"2022-03-18T11:00:34","guid":{"rendered":"http:\/\/18.119.163.208\/?page_id=576"},"modified":"2022-04-05T07:45:00","modified_gmt":"2022-04-05T07:45:00","slug":"terms-conditions","status":"publish","type":"page","link":"https:\/\/fulfillmenthubhungary.com\/hu\/terms-conditions\/","title":{"rendered":"Felhaszn\u00e1l\u00e1si felt\u00e9telek"},"content":{"rendered":"<div      class=\"vc_row wpb_row section vc_row-fluid  vc_custom_1647601925173 grid_section\" style=' text-align:left;'><div class=\"section_inner clearfix\"><div class='section_inner_margin clearfix'><div class=\"wpb_column vc_column_container vc_col-sm-12\"><div class=\"vc_column-inner\"><div class=\"wpb_wrapper\">\n\t<div class=\"wpb_text_column wpb_content_element\">\n\t\t<div class=\"wpb_wrapper\">\n\t\t\t<h2 style=\"text-align: center;\">Felhaszn\u00e1l\u00e1si felt\u00e9telek<\/h2>\n\n\t\t<\/div> \n\t<\/div> <\/div><\/div><\/div><\/div><\/div><\/div><div      class=\"vc_row wpb_row section vc_row-fluid\" style=' text-align:left;'><div class=\"full_section_inner clearfix\"><div class=\"wpb_column vc_column_container vc_col-sm-12\"><div class=\"vc_column-inner\"><div class=\"wpb_wrapper\">\n\t<div class=\"wpb_text_column wpb_content_element\">\n\t\t<div class=\"wpb_wrapper\">\n\t\t\t<h4>\u00dcdv\u00f6z\u00f6lj\u00fck a Fulfillment Hub Hungary oldal\u00e1n!<\/h4>\n<p>&nbsp;<\/p>\n<p>Ezek a felt\u00e9telek k\u00f6rvonalazz\u00e1k a Fulfillment Hub USA LLC https:\/\/fulfillmenthubhungary.com\/ webhely\u00e9nek haszn\u00e1lat\u00e1ra vonatkoz\u00f3 szab\u00e1lyokat \u00e9s el\u0151\u00edr\u00e1sokat.<\/p>\n<p>A weboldal megnyit\u00e1s\u00e1val felt\u00e9telezz\u00fck, hogy elfogadja ezeket a felt\u00e9teleket. Ne haszn\u00e1lja tov\u00e1bb a Fulfillment Hub Magyarorsz\u00e1got, ha nem fogadja el az ezen az oldalon szerepl\u0151 felt\u00e9teleket.<\/p>\n<p>A k\u00f6vetkez\u0151 terminol\u00f3gia vonatkozik a jelen \u00c1ltal\u00e1nos Szerz\u0151d\u00e9si Felt\u00e9telekre, Adatv\u00e9delmi Nyilatkozatra \u00e9s Felel\u0151ss\u00e9gi Nyilatkozatra, valamint minden Szerz\u0151d\u00e9sre: \u201e\u00dcgyf\u00e9l\u201d, \u201e\u00d6n\u201d \u00e9s \u201e\u00d6n\u201d az \u00d6nre vonatkozik, a szem\u00e9ly bejelentkezik ezen a weboldalon, \u00e9s megfelel a V\u00e1llalat felt\u00e9teleinek. . A \u201eV\u00e1llalat\u201d, \u201eMagunk\u201d, \u201eMi\u201d, \u201eMi\u201d \u00e9s \u201eMi\u201d kifejez\u00e9s a V\u00e1llalatunkra utal. A \u201eF\u00e9l\u201d, \u201eFelek\u201d vagy \u201eMi\u201d az \u00dcgyf\u00e9lre \u00e9s magunkra egyar\u00e1nt vonatkozik. Valamennyi kifejez\u00e9s az \u00dcgyf\u00e9lnek ny\u00fajtott seg\u00edts\u00e9gny\u00fajt\u00e1s folyamat\u00e1nak legmegfelel\u0151bb m\u00f3don t\u00f6rt\u00e9n\u0151 lebonyol\u00edt\u00e1s\u00e1hoz sz\u00fcks\u00e9ges felaj\u00e1nl\u00e1sra, elfogad\u00e1sra \u00e9s a fizet\u00e9s ellen\u00e9rt\u00e9k\u00e9re vonatkozik, kifejezetten abb\u00f3l a c\u00e9lb\u00f3l, hogy az \u00dcgyf\u00e9lnek a T\u00e1rsas\u00e1g \u00e1ltal meghat\u00e1rozott szolg\u00e1ltat\u00e1sok ny\u00fajt\u00e1s\u00e1val kapcsolatos ig\u00e9nyeit kiel\u00e9g\u00edts\u00fck. Magyarorsz\u00e1g mindenkori jogszab\u00e1ly\u00e1nak megfelel\u0151en \u00e9s azokra figyelemmel. A fenti terminol\u00f3gia vagy m\u00e1s szavak egyes sz\u00e1mban, t\u00f6bbes sz\u00e1mban, nagybet\u0171s \u00e9s\/vagy \u0151\/\u0151 szavak haszn\u00e1lata felcser\u00e9lhet\u0151nek min\u0151s\u00fcl, \u00e9s ez\u00e9rt ugyanarra utal.<\/p>\n<p>&nbsp;<\/p>\n<h3><strong>S\u00dcTIK<\/strong><\/h3>\n<p>&nbsp;<\/p>\n<p>Cookie-k haszn\u00e1lat\u00e1t alkalmazzuk. A Fulfillment Hub Magyarorsz\u00e1g megnyit\u00e1s\u00e1val \u00d6n beleegyezett a cookie-k haszn\u00e1lat\u00e1ba a Fulfillment Hub USA LLC adatv\u00e9delmi szab\u00e1lyzat\u00e1val \u00f6sszhangban.<\/p>\n<p>&nbsp;<\/p>\n<p>A legt\u00f6bb interakt\u00edv webhely cookie-kat haszn\u00e1l, hogy lehet\u0151v\u00e9 tegye sz\u00e1munkra, hogy minden egyes l\u00e1togat\u00e1shoz lek\u00e9rj\u00fck a felhaszn\u00e1l\u00f3 adatait. Weboldalunk cookie-kat haszn\u00e1l bizonyos ter\u00fcletek m\u0171k\u00f6d\u00e9s\u00e9nek lehet\u0151v\u00e9 t\u00e9tel\u00e9re, hogy megk\u00f6nny\u00edtse a weboldalunk l\u00e1togat\u00f3i sz\u00e1m\u00e1ra. Egyes le\u00e1nyv\u00e1llalataink\/hirdet\u0151partnereink cookie-kat is haszn\u00e1lhatnak.<\/p>\n<p>&nbsp;<\/p>\n<h3><strong>ENGED\u00c9LY<\/strong><\/h3>\n<p>&nbsp;<\/p>\n<p>Elt\u00e9r\u0151 rendelkez\u00e9s hi\u00e1ny\u00e1ban a Fulfillment Hub USA LLC \u00e9s\/vagy licencad\u00f3i birtokolj\u00e1k a Fulfillment Hub Hungary-n tal\u00e1lhat\u00f3 \u00f6sszes anyag szellemi tulajdonjog\u00e1t. Minden szellemi tulajdonjog fenntartva. Ezt a Fulfillment Hub Magyarorsz\u00e1gr\u00f3l saj\u00e1t szem\u00e9lyes haszn\u00e1latra \u00e9rheti el, a jelen felt\u00e9telekben meghat\u00e1rozott korl\u00e1toz\u00e1sai mellett.<\/p>\n<p>&nbsp;<\/p>\n<p><strong>Tilos<\/strong><\/p>\n<p>&nbsp;<\/p>\n<ul>\n<li>\u00dajra k\u00f6zz\u00e9 tenni  a Fulfillment Hub Magyarorsz\u00e1g anyag\u00e1t<\/li>\n<li>A  Fulfillment Hub Hungary anyagait \u00e9rt\u00e9kes\u00edteni, b\u00e9rbeadni vagy tov\u00e1bbenged\u00e9lyezni.<\/li>\n<li>A Fulfillment Hub Hungary anyagainak reproduk\u00e1l\u00e1sa, sokszoros\u00edt\u00e1sa vagy m\u00e1sol\u00e1sa<\/li>\n<li>A Fulfillment Hub Hungary tartalmainak \u00fajraterjeszt\u00e9se<\/li>\n<\/ul>\n<p>A webhely egyes r\u00e9szei lehet\u0151s\u00e9get k\u00edn\u00e1lnak a felhaszn\u00e1l\u00f3k sz\u00e1m\u00e1ra, hogy a webhely bizonyos ter\u00fcletein k\u00f6zz\u00e9tegyenek, v\u00e9lem\u00e9nyt \u00e9s inform\u00e1ci\u00f3kat cser\u00e9ljenek. A Fulfillment Hub USA LLC nem sz\u0171ri, szerkeszti, publik\u00e1lja vagy fel\u00fclvizsg\u00e1lja a megjegyz\u00e9seket, miel\u0151tt azok megjelenn\u00e9nek a webhelyen. A megjegyz\u00e9sek nem t\u00fckr\u00f6zik a Fulfillment Hub USA LLC, \u00fcgyn\u00f6kei \u00e9s\/vagy le\u00e1nyv\u00e1llalatai n\u00e9zeteit \u00e9s v\u00e9lem\u00e9ny\u00e9t. A megjegyz\u00e9sek a n\u00e9zeteiket \u00e9s v\u00e9lem\u00e9ny\u00fcket k\u00f6zz\u00e9tev\u0151 szem\u00e9ly n\u00e9zeteit \u00e9s v\u00e9lem\u00e9ny\u00e9t t\u00fckr\u00f6zik. A vonatkoz\u00f3 t\u00f6rv\u00e9nyek \u00e1ltal megengedett m\u00e9rt\u00e9kig a Fulfillment Hub USA LLC nem v\u00e1llal felel\u0151ss\u00e9get a Megjegyz\u00e9sek\u00e9rt, illetve semmilyen felel\u0151ss\u00e9g\u00e9rt, k\u00e1rok\u00e9rt vagy kiad\u00e1sok\u00e9rt, amelyeket a weboldal haszn\u00e1lata \u00e9s\/vagy k\u00f6zz\u00e9t\u00e9tele \u00e9s\/vagy megjelen\u00e9se okozott \u00e9s\/vagy elszenvedett. a megjegyz\u00e9seket ezen a weboldalon.<\/p>\n<p>&nbsp;<\/p>\n<p>A Fulfillment Hub USA LLC fenntartja a jogot, hogy figyelemmel k\u00eds\u00e9rje az \u00f6sszes megjegyz\u00e9st  \u00e9s elt\u00e1vol\u00edtson minden olyan megjegyz\u00e9st, amely nem megfelel\u0151nek, s\u00e9rt\u0151nek tekinthet\u0151 vagy a jelen Felt\u00e9telek megs\u00e9rt\u00e9s\u00e9t okozza.<\/p>\n<p>&nbsp;<\/p>\n<p><strong>\u00d6n szavatolja \u00e9s kijelenti, hogy:<\/strong><\/p>\n<p>&nbsp;<\/p>\n<ul>\n<li>\u00d6n jogosult a Megjegyz\u00e9sek k\u00f6zz\u00e9t\u00e9tel\u00e9re a weboldalunkon, \u00e9s rendelkezik minden sz\u00fcks\u00e9ges enged\u00e9llyel \u00e9s hozz\u00e1j\u00e1rul\u00e1ssal ehhez;<\/li>\n<li>A megjegyz\u00e9sek nem s\u00e9rtenek semmilyen szellemi tulajdonjogot, bele\u00e9rtve a korl\u00e1toz\u00e1s n\u00e9lk\u00fcl b\u00e1rmely harmadik f\u00e9l szerz\u0151i jog\u00e1t, szabadalm\u00e1t vagy v\u00e9djegy\u00e9t;<\/li>\n<li>A megjegyz\u00e9sek nem tartalmaznak semmilyen r\u00e1galmaz\u00f3, s\u00e9rt\u0151, illetlen vagy m\u00e1s m\u00f3don jogellenes anyagot, amely s\u00e9rti a szem\u00e9lyis\u00e9get<\/li>\n<li>A megjegyz\u00e9sek nem haszn\u00e1lhat\u00f3k fel \u00fczleti vagy szenved\u00e9lyek \u00f6szt\u00f6nz\u00e9s\u00e9re vagy n\u00e9pszer\u0171s\u00edt\u00e9s\u00e9re, vagy kereskedelmi tev\u00e9kenys\u00e9gek vagy jogellenes tev\u00e9kenys\u00e9g bemutat\u00e1s\u00e1ra.<\/li>\n<\/ul>\n<p>&nbsp;<\/p>\n<p>\u00d6n ezennel nem kiz\u00e1r\u00f3lagos enged\u00e9lyt ad a Fulfillment Hub USA LLC-nek arra, hogy felhaszn\u00e1lja, reproduk\u00e1lja, szerkessze, \u00e9s felhatalmazzon m\u00e1sokat az \u00d6n Hozz\u00e1sz\u00f3l\u00e1sai b\u00e1rmilyen form\u00e1ban, form\u00e1tumban vagy m\u00e9di\u00e1ban t\u00f6rt\u00e9n\u0151 felhaszn\u00e1l\u00e1s\u00e1ra, reproduk\u00e1l\u00e1s\u00e1ra \u00e9s szerkeszt\u00e9s\u00e9re.<\/p>\n<p>&nbsp;<\/p>\n<h3><strong>HIPERHIVATKOZ\u00c1S TARTALMUNKHOZ<\/strong><\/h3>\n<p>&nbsp;<\/p>\n<p><strong>A k\u00f6vetkez\u0151 szervezetek el\u0151zetes \u00edr\u00e1sbeli enged\u00e9ly n\u00e9lk\u00fcl hivatkozhatnak weboldalunkra:<\/strong><\/p>\n<p>&nbsp;<\/p>\n<ul>\n<li>Korm\u00e1nyzati szervek;<\/li>\n<li>Keres\u0151 oldalak;<\/li>\n<li>H\u00edrszervezetek;<\/li>\n<li>Az online c\u00edmjegyz\u00e9k-terjeszt\u0151k ugyan\u00fagy hivatkozhatnak Webhely\u00fcnkre, mint m\u00e1s list\u00e1n szerepl\u0151 v\u00e1llalkoz\u00e1sok webhelyeire mutat\u00f3 hivatkoz\u00e1sokat;<\/li>\n<li>Az eg\u00e9sz rendszerre kiterjed\u0151 akkredit\u00e1lt v\u00e1llalkoz\u00e1sok, kiv\u00e9ve a non-profit szervezetek, j\u00f3t\u00e9konys\u00e1gi bev\u00e1s\u00e1rl\u00f3k\u00f6zpontok \u00e9s j\u00f3t\u00e9konys\u00e1gi adom\u00e1nygy\u0171jt\u0151 csoportok megkeres\u00e9s\u00e9t, amelyek nem hivatkozhatnak webhely\u00fcnkre.<\/li>\n<\/ul>\n<p>&nbsp;<\/p>\n<p>Ezek a szervezetek hivatkozhatnak honlapunkra, kiadv\u00e1nyokra vagy a Weboldal egy\u00e9b inform\u00e1ci\u00f3ira, amennyiben a hivatkoz\u00e1s: (a) semmilyen m\u00f3don nem megt\u00e9veszt\u0151; (b) nem utal hamisan az \u00f6sszek\u00f6t\u0151 f\u00e9l \u00e9s term\u00e9kei \u00e9s\/vagy szolg\u00e1ltat\u00e1sai szponzor\u00e1l\u00e1s\u00e1ra, t\u00e1mogat\u00e1s\u00e1ra vagy j\u00f3v\u00e1hagy\u00e1s\u00e1ra; \u00e9s (c) illeszkedik az \u00f6sszek\u00f6t\u0151 f\u00e9l webhely\u00e9nek kontextus\u00e1ba.<\/p>\n<p>&nbsp;<\/p>\n<p><strong>A k\u00f6vetkez\u0151 t\u00edpus\u00fa szervezetekt\u0151l sz\u00e1rmaz\u00f3 egy\u00e9b \u00f6sszekapcsol\u00e1si k\u00e9relmeket m\u00e9rlegelhetj\u00fck \u00e9s j\u00f3v\u00e1hagyhatjuk:<\/strong><\/p>\n<p>&nbsp;<\/p>\n<ul>\n<li>\u00e1ltal\u00e1nosan ismert fogyaszt\u00f3i \u00e9s\/vagy \u00fczleti inform\u00e1ci\u00f3forr\u00e1sok;<\/li>\n<li>dot.com k\u00f6z\u00f6ss\u00e9gi oldalak;<\/li>\n<li>j\u00f3t\u00e9konys\u00e1gi szervezeteket k\u00e9pvisel\u0151 egyes\u00fcletek vagy egy\u00e9b csoportok;<\/li>\n<li>online c\u00edmjegyz\u00e9k-terjeszt\u0151k;<\/li>\n<li>internetes port\u00e1lok;<\/li>\n<li>sz\u00e1mviteli, jogi \u00e9s tan\u00e1csad\u00f3 c\u00e9gek; \u00e9s<\/li>\n<li>oktat\u00e1si int\u00e9zm\u00e9nyek \u00e9s szakmai sz\u00f6vets\u00e9gek.<\/li>\n<\/ul>\n<p>&nbsp;<\/p>\n<p>J\u00f3v\u00e1hagyjuk az ezekt\u0151l a szervezetekt\u0151l \u00e9rkezett linkel\u00e9si k\u00e9relmeket, ha \u00fagy d\u00f6nt\u00fcnk, hogy: (a) a link nem kelt minket kedvez\u0151tlen\u00fcl \u00f6nmagunk vagy akkredit\u00e1lt v\u00e1llalkoz\u00e1saink sz\u00e1m\u00e1ra; (b) a szervezetnek nincs negat\u00edv nyilv\u00e1ntart\u00e1sa n\u00e1lunk; (c) a hiperhivatkoz\u00e1s l\u00e1that\u00f3s\u00e1g\u00e1b\u00f3l sz\u00e1rmaz\u00f3 el\u0151ny sz\u00e1munkra kompenz\u00e1lja a Fulfillment Hub USA LLC hi\u00e1ny\u00e1t, \u00e9s (d) a hivatkoz\u00e1s az \u00e1ltal\u00e1nos er\u0151forr\u00e1s-inform\u00e1ci\u00f3k kontextus\u00e1ban van.<\/p>\n<p>Ezek a szervezetek hivatkozhatnak honlapunkra, amennyiben a hivatkoz\u00e1s: (a) semmilyen m\u00f3don nem megt\u00e9veszt\u0151; (b) nem utal hamisan az \u00f6sszek\u00f6t\u0151 f\u00e9l \u00e9s term\u00e9kei vagy szolg\u00e1ltat\u00e1sai szponzor\u00e1l\u00e1s\u00e1ra, t\u00e1mogat\u00e1s\u00e1ra vagy j\u00f3v\u00e1hagy\u00e1s\u00e1ra; \u00e9s (c) illeszkedik az \u00f6sszek\u00f6t\u0151 f\u00e9l webhely\u00e9nek kontextus\u00e1ba.<\/p>\n<p>&nbsp;<\/p>\n<p>Ha \u00d6n a fenti 2. bekezd\u00e9sben felsorolt \u200b\u200bszervezetek egyike \u00e9s \u00e9rdekl\u0151dik a weboldalunkra mutat\u00f3 hivatkoz\u00e1s ir\u00e1nt, \u00e9rtes\u00edtenie kell benn\u00fcnket a Fulfillment Hub USA LLC-nek k\u00fcld\u00f6tt e-mailben. K\u00e9rj\u00fck, adja meg nev\u00e9t, szervezete nev\u00e9t, el\u00e9rhet\u0151s\u00e9gi adatait, valamint webhelye URL-j\u00e9t, azon URL-ek list\u00e1j\u00e1t, amelyekr\u0151l a webhely\u00fcnkre hivatkozni k\u00edv\u00e1n, valamint azon URL-ek list\u00e1j\u00e1t a webhely\u00fcnk\u00f6n, amelyekre szeretne link. V\u00e1rjon 2-3 hetet a v\u00e1laszra.<\/p>\n<p>&nbsp;<\/p>\n<p><strong>A j\u00f3v\u00e1hagyott szervezetek az al\u00e1bbiak szerint hivatkozhatnak webhely\u00fcnkre:<\/strong><\/p>\n<p>&nbsp;<\/p>\n<ul>\n<li>c\u00e9gnev\u00fcnk haszn\u00e1lat\u00e1val; vagy<\/li>\n<li>Az egys\u00e9ges forr\u00e1s-keres\u0151 haszn\u00e1lat\u00e1val, amelyhez kapcsol\u00f3dik; vagy<\/li>\n<li>Ha a Weboldalunkra hivatkozott b\u00e1rmely m\u00e1s le\u00edr\u00e1st haszn\u00e1lunk, annak a linket mutat\u00f3 f\u00e9l webhely\u00e9n tal\u00e1lhat\u00f3 tartalom kontextus\u00e1ban \u00e9s form\u00e1tum\u00e1ban van \u00e9rtelme.<\/li>\n<\/ul>\n<p>V\u00e9djegy licencszerz\u0151d\u00e9s hi\u00e1ny\u00e1ban a Fulfillment Hub USA LLC log\u00f3ja vagy m\u00e1s grafikai alkot\u00e1sok haszn\u00e1lata nem enged\u00e9lyezett.<\/p>\n<p>&nbsp;<\/p>\n<h3><strong>KERETEZ\u00c9S<\/strong><\/h3>\n<p>&nbsp;<\/p>\n<p>El\u0151zetes j\u00f3v\u00e1hagy\u00e1s \u00e9s \u00edr\u00e1sos enged\u00e9ly n\u00e9lk\u00fcl nem hozhat l\u00e9tre olyan kereteket Weboldalaink k\u00f6r\u00fcl, amelyek b\u00e1rmilyen m\u00f3don megv\u00e1ltoztatj\u00e1k Webhely\u00fcnk vizu\u00e1lis megjelen\u00e9s\u00e9t.<\/p>\n<p>&nbsp;<\/p>\n<h3><strong>TARTALMI FELEL\u0150SS\u00c9G<\/strong><\/h3>\n<p>&nbsp;<\/p>\n<p>Nem v\u00e1llalunk felel\u0151ss\u00e9get a webhely\u00e9n megjelen\u0151 tartalom\u00e9rt. \u00d6n beleegyezik abba, hogy megv\u00e9d  minket minden olyan k\u00f6vetel\u00e9ssel szemben, amely a webhely\u00e9n felmer\u00fcl. Egyetlen Weboldalon sem jelenhetnek meg olyan hivatkoz\u00e1sok, amelyek r\u00e1galmaz\u00f3nak, obszc\u00e9nnek vagy b\u0171ncselekm\u00e9nynek tekinthet\u0151k, vagy amelyek s\u00e9rtik, m\u00e1s m\u00f3don s\u00e9rtik vagy t\u00e1mogatj\u00e1k harmadik f\u00e9l b\u00e1rmely jog\u00e1nak megs\u00e9rt\u00e9s\u00e9t.<\/p>\n<p>&nbsp;<\/p>\n<h3><strong>AZ \u00d6N ADATV\u00c9DELME<\/strong><\/h3>\n<p>&nbsp;<\/p>\n<p>K\u00e9rj\u00fck, olvassa el az <a href=\"https:\/\/fulfillmenthubhungary.com\/hu\/privacy-policy\/\" target=\"_blank\" rel=\"noopener\">Adatv\u00e9delmi ir\u00e1nyelvek<\/a><\/p>\n<p>&nbsp;<\/p>\n<h3><strong>JOGOK FENNTART\u00c1SA<\/strong><\/h3>\n<p>&nbsp;<\/p>\n<p>Fenntartjuk a jogot arra, hogy megk\u00e9rj\u00fck, hogy t\u00e1vol\u00edtson el minden hivatkoz\u00e1st vagy b\u00e1rmely konkr\u00e9t hivatkoz\u00e1st a weboldalunkra. \u00d6n beleegyezik, hogy k\u00e9r\u00e9sre halad\u00e9ktalanul elt\u00e1vol\u00edtsa a weboldalunkra mutat\u00f3 linkeket. Fenntartjuk tov\u00e1bb\u00e1 a jogot, hogy ezeket a felt\u00e9teleket \u00e9s a linkekre vonatkoz\u00f3 szab\u00e1lyzatukat b\u00e1rmikor m\u00f3dos\u00edtsuk. A Weboldalunkra mutat\u00f3 folyamatos hivatkoz\u00e1ssal \u00d6n beleegyezik a jelen linkel\u00e9si felt\u00e9telek betart\u00e1s\u00e1ba \u00e9s betartat\u00e1s\u00e1ba.<\/p>\n<p>&nbsp;<\/p>\n<h3><strong>LINKEK ELT\u00c1VOL\u00cdT\u00c1SA WEBOLDALUNKR\u00d3L<\/strong><\/h3>\n<p>&nbsp;<\/p>\n<p>Ha a Weboldalunkon b\u00e1rmilyen okb\u00f3l s\u00e9rt\u0151 hivatkoz\u00e1st tal\u00e1l, b\u00e1rmikor felveheti vel\u00fcnk a kapcsolatot \u00e9s \u00e9rtes\u00edthet minket. Megfontoljuk a linkek elt\u00e1vol\u00edt\u00e1s\u00e1ra ir\u00e1nyul\u00f3 k\u00e9r\u00e9seket, de nem vagyunk k\u00f6telesek erre, vagy arra, hogy k\u00f6zvetlen\u00fcl v\u00e1laszoljunk \u00d6nnek.<\/p>\n<p>&nbsp;<\/p>\n<p>Nem garant\u00e1ljuk a weboldalon tal\u00e1lhat\u00f3 inform\u00e1ci\u00f3k helyess\u00e9g\u00e9t, nem garant\u00e1ljuk azok teljess\u00e9g\u00e9t vagy pontoss\u00e1g\u00e1t; azt sem \u00edg\u00e9rj\u00fck, hogy a weboldal el\u00e9rhet\u0151 maradjon, vagy hogy a weboldalon tal\u00e1lhat\u00f3 anyagok naprak\u00e9szek legyenek.<\/p>\n<p>&nbsp;<\/p>\n<h3><strong>NYILATKOZAT<\/strong><\/h3>\n<p>&nbsp;<\/p>\n<p>A vonatkoz\u00f3 jogszab\u00e1lyok \u00e1ltal megengedett maxim\u00e1lis m\u00e9rt\u00e9kig kiz\u00e1runk minden, a weboldalunkkal \u00e9s a weboldal haszn\u00e1lat\u00e1val kapcsolatos nyilatkozatot, garanci\u00e1t \u00e9s felt\u00e9telt. Ebben a felel\u0151ss\u00e9gkiz\u00e1r\u00e1sban semmi sem:<\/p>\n<p>&nbsp;<\/p>\n<ul>\n<li>korl\u00e1tozza vagy kiz\u00e1rja a mi vagy az \u00d6n felel\u0151ss\u00e9g\u00e9t hal\u00e1l vagy szem\u00e9lyi s\u00e9r\u00fcl\u00e9s eset\u00e9n;<\/li>\n<li>korl\u00e1tozza vagy kiz\u00e1rja a mi vagy az \u00d6n felel\u0151ss\u00e9g\u00e9t csal\u00e1s\u00e9rt vagy csal\u00e1rd f\u00e9lrevezet\u00e9s\u00e9rt;<\/li>\n<li>korl\u00e1tozza vagy kiz\u00e1rja a mi vagy az \u00d6n felel\u0151ss\u00e9g\u00e9t csal\u00e1s\u00e9rt vagy csal\u00e1rd f\u00e9lrevezet\u00e9s\u00e9rt;<\/li>\n<li>kiz\u00e1r minden olyan k\u00f6telezetts\u00e9g\u00fcnket vagy az \u00d6n felel\u0151ss\u00e9g\u00e9t, amely a vonatkoz\u00f3 jogszab\u00e1lyok szerint nem z\u00e1rhat\u00f3 ki.<\/li>\n<\/ul>\n<p>&nbsp;<\/p>\n<p>Az ebben a szakaszban \u00e9s a jelen felel\u0151ss\u00e9gkiz\u00e1r\u00e1s m\u00e1s r\u00e9szein meghat\u00e1rozott felel\u0151ss\u00e9gi korl\u00e1toz\u00e1sok \u00e9s tilalmak: (a) az el\u0151z\u0151 bekezd\u00e9s hat\u00e1lya al\u00e1 tartoznak; \u00e9s (b) szab\u00e1lyozza a felel\u0151ss\u00e9gkiz\u00e1r\u00e1sb\u00f3l ered\u0151 \u00f6sszes k\u00f6telezetts\u00e9get, bele\u00e9rtve a szerz\u0151d\u00e9sb\u0151l, a jogs\u00e9rt\u00e9sb\u0151l \u00e9s a t\u00f6rv\u00e9nyes k\u00f6telezetts\u00e9g megszeg\u00e9s\u00e9b\u0151l ered\u0151 k\u00f6telezetts\u00e9geket.<\/p>\n<p>&nbsp;<\/p>\n<p>Mindaddig, am\u00edg a weboldal \u00e9s a weboldalon tal\u00e1lhat\u00f3 inform\u00e1ci\u00f3k \u00e9s szolg\u00e1ltat\u00e1sok ingyenesek, nem v\u00e1llalunk felel\u0151ss\u00e9get semmilyen jelleg\u0171 vesztes\u00e9g\u00e9rt vagy k\u00e1r\u00e9rt.<\/p>\n<p>&nbsp;<\/p>\n<h3><strong>L\u00e9pjen kapcsolatba vel\u00fcnk<\/strong><\/h3>\n<p>&nbsp;<\/p>\n<p>Ha b\u00e1rmilyen k\u00e9rd\u00e9se van a jelen Felt\u00e9telekkel kapcsolatban, k\u00e9rj\u00fck, <a href=\"https:\/\/fulfillmenthubhungary.com\/hu\/contact-us\/\" target=\"_blank\" rel=\"noopener\">ne habozzon kapcsolatba l\u00e9pni vel\u00fcnk.<\/a>.<\/p>\n\n\t\t<\/div> \n\t<\/div> \t<div class=\"vc_empty_space\"  style=\"height: 52px\" ><span\n\t\t\tclass=\"vc_empty_space_inner\">\n\t\t\t<span class=\"empty_space_image\"  ><\/span>\n\t\t<\/span><\/div>\n\n<\/div><\/div><\/div><\/div><\/div>","protected":false},"excerpt":{"rendered":"TERMS AND CONDITIONS Welcome to Fulfillment Hub Hungary! &nbsp; These terms and conditions outline the rules and regulations for the use of Fulfillment Hub USA LLC's Website, located at https:\/\/fulfillmenthubhungary.com\/. By accessing this website we assume you accept these terms and conditions. Do not continue...","protected":false},"author":3,"featured_media":0,"parent":0,"menu_order":0,"comment_status":"closed","ping_status":"closed","template":"","meta":[],"yoast_head":"<!-- This site is optimized with the Yoast SEO plugin v19.10 - https:\/\/yoast.com\/wordpress\/plugins\/seo\/ -->\n<title>TERMS AND CONDITIONS | Affordable Fulfillment Center in Europe<\/title>\n<meta name=\"robots\" content=\"index, follow, max-snippet:-1, max-image-preview:large, max-video-preview:-1\" \/>\n<link rel=\"canonical\" href=\"https:\/\/fulfillmenthubhungary.com\/hu\/terms-conditions\/\" \/>\n<meta property=\"og:locale\" content=\"hu_HU\" \/>\n<meta property=\"og:type\" content=\"article\" \/>\n<meta property=\"og:title\" content=\"TERMS AND CONDITIONS | Affordable Fulfillment Center in Europe\" \/>\n<meta property=\"og:url\" content=\"https:\/\/fulfillmenthubhungary.com\/hu\/terms-conditions\/\" \/>\n<meta property=\"og:site_name\" content=\"Affordable Fulfillment Center in Europe\" \/>\n<meta property=\"article:modified_time\" content=\"2022-04-05T07:45:00+00:00\" \/>\n<meta name=\"twitter:card\" content=\"summary_large_image\" \/>\n<meta name=\"twitter:label1\" content=\"Becs\u00fclt olvas\u00e1si id\u0151\" \/>\n\t<meta name=\"twitter:data1\" content=\"7 perc\" \/>\n<script type=\"application\/ld+json\" class=\"yoast-schema-graph\">{\"@context\":\"https:\/\/schema.org\",\"@graph\":[{\"@type\":\"WebPage\",\"@id\":\"https:\/\/fulfillmenthubhungary.com\/terms-conditions\/\",\"url\":\"https:\/\/fulfillmenthubhungary.com\/terms-conditions\/\",\"name\":\"TERMS AND CONDITIONS | Affordable Fulfillment Center in Europe\",\"isPartOf\":{\"@id\":\"https:\/\/fulfillmenthubhungary.com\/#website\"},\"datePublished\":\"2022-03-18T11:00:34+00:00\",\"dateModified\":\"2022-04-05T07:45:00+00:00\",\"breadcrumb\":{\"@id\":\"https:\/\/fulfillmenthubhungary.com\/terms-conditions\/#breadcrumb\"},\"inLanguage\":\"hu\",\"potentialAction\":[{\"@type\":\"ReadAction\",\"target\":[\"https:\/\/fulfillmenthubhungary.com\/terms-conditions\/\"]}]},{\"@type\":\"BreadcrumbList\",\"@id\":\"https:\/\/fulfillmenthubhungary.com\/terms-conditions\/#breadcrumb\",\"itemListElement\":[{\"@type\":\"ListItem\",\"position\":1,\"name\":\"Home\",\"item\":\"https:\/\/fulfillmenthubhungary.com\/\"},{\"@type\":\"ListItem\",\"position\":2,\"name\":\"TERMS AND CONDITIONS\"}]},{\"@type\":\"WebSite\",\"@id\":\"https:\/\/fulfillmenthubhungary.com\/#website\",\"url\":\"https:\/\/fulfillmenthubhungary.com\/\",\"name\":\"Affordable Fulfillment Center in Europe\",\"description\":\"Your eCommerce Fulfillment Partner for scalable and consistent growth\",\"publisher\":{\"@id\":\"https:\/\/fulfillmenthubhungary.com\/#organization\"},\"potentialAction\":[{\"@type\":\"SearchAction\",\"target\":{\"@type\":\"EntryPoint\",\"urlTemplate\":\"https:\/\/fulfillmenthubhungary.com\/?s={search_term_string}\"},\"query-input\":\"required name=search_term_string\"}],\"inLanguage\":\"hu\"},{\"@type\":\"Organization\",\"@id\":\"https:\/\/fulfillmenthubhungary.com\/#organization\",\"name\":\"Fulfillment Hub Hungary\",\"url\":\"https:\/\/fulfillmenthubhungary.com\/\",\"logo\":{\"@type\":\"ImageObject\",\"inLanguage\":\"hu\",\"@id\":\"https:\/\/fulfillmenthubhungary.com\/#\/schema\/logo\/image\/\",\"url\":\"https:\/\/fulfillmenthubhungary.com\/wp-content\/uploads\/2022\/03\/LOGO_FFH.png\",\"contentUrl\":\"https:\/\/fulfillmenthubhungary.com\/wp-content\/uploads\/2022\/03\/LOGO_FFH.png\",\"width\":124,\"height\":52,\"caption\":\"Fulfillment Hub Hungary\"},\"image\":{\"@id\":\"https:\/\/fulfillmenthubhungary.com\/#\/schema\/logo\/image\/\"}}]}<\/script>\n<!-- \/ Yoast SEO plugin. -->","yoast_head_json":{"title":"TERMS AND CONDITIONS | Affordable Fulfillment Center in Europe","robots":{"index":"index","follow":"follow","max-snippet":"max-snippet:-1","max-image-preview":"max-image-preview:large","max-video-preview":"max-video-preview:-1"},"canonical":"https:\/\/fulfillmenthubhungary.com\/hu\/terms-conditions\/","og_locale":"hu_HU","og_type":"article","og_title":"TERMS AND CONDITIONS | Affordable Fulfillment Center in Europe","og_url":"https:\/\/fulfillmenthubhungary.com\/hu\/terms-conditions\/","og_site_name":"Affordable Fulfillment Center in Europe","article_modified_time":"2022-04-05T07:45:00+00:00","twitter_card":"summary_large_image","twitter_misc":{"Becs\u00fclt olvas\u00e1si id\u0151":"7 perc"},"schema":{"@context":"https:\/\/schema.org","@graph":[{"@type":"WebPage","@id":"https:\/\/fulfillmenthubhungary.com\/terms-conditions\/","url":"https:\/\/fulfillmenthubhungary.com\/terms-conditions\/","name":"TERMS AND CONDITIONS | Affordable Fulfillment Center in Europe","isPartOf":{"@id":"https:\/\/fulfillmenthubhungary.com\/#website"},"datePublished":"2022-03-18T11:00:34+00:00","dateModified":"2022-04-05T07:45:00+00:00","breadcrumb":{"@id":"https:\/\/fulfillmenthubhungary.com\/terms-conditions\/#breadcrumb"},"inLanguage":"hu","potentialAction":[{"@type":"ReadAction","target":["https:\/\/fulfillmenthubhungary.com\/terms-conditions\/"]}]},{"@type":"BreadcrumbList","@id":"https:\/\/fulfillmenthubhungary.com\/terms-conditions\/#breadcrumb","itemListElement":[{"@type":"ListItem","position":1,"name":"Home","item":"https:\/\/fulfillmenthubhungary.com\/"},{"@type":"ListItem","position":2,"name":"TERMS AND CONDITIONS"}]},{"@type":"WebSite","@id":"https:\/\/fulfillmenthubhungary.com\/#website","url":"https:\/\/fulfillmenthubhungary.com\/","name":"Affordable Fulfillment Center in Europe","description":"Your eCommerce Fulfillment Partner for scalable and consistent growth","publisher":{"@id":"https:\/\/fulfillmenthubhungary.com\/#organization"},"potentialAction":[{"@type":"SearchAction","target":{"@type":"EntryPoint","urlTemplate":"https:\/\/fulfillmenthubhungary.com\/?s={search_term_string}"},"query-input":"required name=search_term_string"}],"inLanguage":"hu"},{"@type":"Organization","@id":"https:\/\/fulfillmenthubhungary.com\/#organization","name":"Fulfillment Hub Hungary","url":"https:\/\/fulfillmenthubhungary.com\/","logo":{"@type":"ImageObject","inLanguage":"hu","@id":"https:\/\/fulfillmenthubhungary.com\/#\/schema\/logo\/image\/","url":"https:\/\/fulfillmenthubhungary.com\/wp-content\/uploads\/2022\/03\/LOGO_FFH.png","contentUrl":"https:\/\/fulfillmenthubhungary.com\/wp-content\/uploads\/2022\/03\/LOGO_FFH.png","width":124,"height":52,"caption":"Fulfillment Hub Hungary"},"image":{"@id":"https:\/\/fulfillmenthubhungary.com\/#\/schema\/logo\/image\/"}}]}},"_links":{"self":[{"href":"https:\/\/fulfillmenthubhungary.com\/hu\/wp-json\/wp\/v2\/pages\/576"}],"collection":[{"href":"https:\/\/fulfillmenthubhungary.com\/hu\/wp-json\/wp\/v2\/pages"}],"about":[{"href":"https:\/\/fulfillmenthubhungary.com\/hu\/wp-json\/wp\/v2\/types\/page"}],"author":[{"embeddable":true,"href":"https:\/\/fulfillmenthubhungary.com\/hu\/wp-json\/wp\/v2\/users\/3"}],"replies":[{"embeddable":true,"href":"https:\/\/fulfillmenthubhungary.com\/hu\/wp-json\/wp\/v2\/comments?post=576"}],"version-history":[{"count":19,"href":"https:\/\/fulfillmenthubhungary.com\/hu\/wp-json\/wp\/v2\/pages\/576\/revisions"}],"predecessor-version":[{"id":1419,"href":"https:\/\/fulfillmenthubhungary.com\/hu\/wp-json\/wp\/v2\/pages\/576\/revisions\/1419"}],"wp:attachment":[{"href":"https:\/\/fulfillmenthubhungary.com\/hu\/wp-json\/wp\/v2\/media?parent=576"}],"curies":[{"name":"wp","href":"https:\/\/api.w.org\/{rel}","templated":true}]}}