{"id":566,"date":"2022-03-18T08:56:01","date_gmt":"2022-03-18T08:56:01","guid":{"rendered":"http:\/\/18.119.163.208\/?page_id=566"},"modified":"2022-04-08T12:58:06","modified_gmt":"2022-04-08T12:58:06","slug":"thank-you","status":"publish","type":"page","link":"https:\/\/fulfillmenthubhungary.com\/hu\/thank-you\/","title":{"rendered":"Thank you"},"content":{"rendered":"<div      class=\"vc_row wpb_row section vc_row-fluid  vc_custom_1647593886898\" style=' text-align:left;'><div class=\"full_section_inner clearfix\"><div class=\"wpb_column vc_column_container vc_col-sm-12\"><div class=\"vc_column-inner\"><div class=\"wpb_wrapper\">\n\t<div class=\"wpb_single_image wpb_content_element vc_align_center  element_from_top\">\n\t\t<div class=\"wpb_wrapper\">\n\t\t\t\n\t\t\t<div class=\"vc_single_image-wrapper   vc_box_border_grey\"><img width=\"1729\" height=\"660\" src=\"https:\/\/fulfillmenthubhungary.com\/wp-content\/uploads\/2022\/05\/thank_you_hungary.png\" class=\"vc_single_image-img attachment-full\" alt=\"Thank You Card\" loading=\"lazy\" srcset=\"https:\/\/fulfillmenthubhungary.com\/wp-content\/uploads\/2022\/05\/thank_you_hungary.png 1300w, https:\/\/fulfillmenthubhungary.com\/wp-content\/uploads\/2022\/05\/thank_you_hungary-300x98.png 300w, https:\/\/fulfillmenthubhungary.com\/wp-content\/uploads\/2022\/05\/thank_you_hungary-1024x336.png 1024w, https:\/\/fulfillmenthubhungary.com\/wp-content\/uploads\/2022\/05\/thank_you_hungary-768x252.png 768w, https:\/\/fulfillmenthubhungary.com\/wp-content\/uploads\/2022\/05\/thank_you_hungary-18x6.png 18w, https:\/\/fulfillmenthubhungary.com\/wp-content\/uploads\/2022\/05\/thank_you_hungary-700x229.png 700w\" sizes=\"(max-width: 1729px) 100vw, 1729px\" \/><\/div>\n\t\t<\/div>\n\t<\/div>\n<\/div><\/div><\/div><\/div><\/div>","protected":false},"excerpt":{"rendered":"","protected":false},"author":3,"featured_media":0,"parent":0,"menu_order":0,"comment_status":"closed","ping_status":"closed","template":"","meta":[],"yoast_head":"<!-- This site is optimized with the Yoast SEO plugin v19.10 - https:\/\/yoast.com\/wordpress\/plugins\/seo\/ -->\n<title>Thank you | Affordable Fulfillment Center in Europe<\/title>\n<meta name=\"robots\" content=\"index, follow, max-snippet:-1, max-image-preview:large, max-video-preview:-1\" \/>\n<link rel=\"canonical\" href=\"https:\/\/fulfillmenthubhungary.com\/hu\/thank-you\/\" \/>\n<meta property=\"og:locale\" content=\"hu_HU\" \/>\n<meta property=\"og:type\" content=\"article\" \/>\n<meta property=\"og:title\" content=\"Thank you | Affordable Fulfillment Center in Europe\" \/>\n<meta property=\"og:url\" content=\"https:\/\/fulfillmenthubhungary.com\/hu\/thank-you\/\" \/>\n<meta property=\"og:site_name\" content=\"Affordable Fulfillment Center in Europe\" \/>\n<meta property=\"article:modified_time\" content=\"2022-04-08T12:58:06+00:00\" \/>\n<meta name=\"twitter:card\" content=\"summary_large_image\" \/>\n<meta name=\"twitter:label1\" content=\"Becs\u00fclt olvas\u00e1si id\u0151\" \/>\n\t<meta name=\"twitter:data1\" content=\"1 perc\" \/>\n<script type=\"application\/ld+json\" class=\"yoast-schema-graph\">{\"@context\":\"https:\/\/schema.org\",\"@graph\":[{\"@type\":\"WebPage\",\"@id\":\"https:\/\/fulfillmenthubhungary.com\/thank-you\/\",\"url\":\"https:\/\/fulfillmenthubhungary.com\/thank-you\/\",\"name\":\"Thank you | Affordable Fulfillment Center in Europe\",\"isPartOf\":{\"@id\":\"https:\/\/fulfillmenthubhungary.com\/#website\"},\"datePublished\":\"2022-03-18T08:56:01+00:00\",\"dateModified\":\"2022-04-08T12:58:06+00:00\",\"breadcrumb\":{\"@id\":\"https:\/\/fulfillmenthubhungary.com\/thank-you\/#breadcrumb\"},\"inLanguage\":\"hu\",\"potentialAction\":[{\"@type\":\"ReadAction\",\"target\":[\"https:\/\/fulfillmenthubhungary.com\/thank-you\/\"]}]},{\"@type\":\"BreadcrumbList\",\"@id\":\"https:\/\/fulfillmenthubhungary.com\/thank-you\/#breadcrumb\",\"itemListElement\":[{\"@type\":\"ListItem\",\"position\":1,\"name\":\"Home\",\"item\":\"https:\/\/fulfillmenthubhungary.com\/\"},{\"@type\":\"ListItem\",\"position\":2,\"name\":\"Thank you\"}]},{\"@type\":\"WebSite\",\"@id\":\"https:\/\/fulfillmenthubhungary.com\/#website\",\"url\":\"https:\/\/fulfillmenthubhungary.com\/\",\"name\":\"Affordable Fulfillment Center in Europe\",\"description\":\"Your eCommerce Fulfillment Partner for scalable and consistent growth\",\"publisher\":{\"@id\":\"https:\/\/fulfillmenthubhungary.com\/#organization\"},\"potentialAction\":[{\"@type\":\"SearchAction\",\"target\":{\"@type\":\"EntryPoint\",\"urlTemplate\":\"https:\/\/fulfillmenthubhungary.com\/?s={search_term_string}\"},\"query-input\":\"required name=search_term_string\"}],\"inLanguage\":\"hu\"},{\"@type\":\"Organization\",\"@id\":\"https:\/\/fulfillmenthubhungary.com\/#organization\",\"name\":\"Fulfillment Hub Hungary\",\"url\":\"https:\/\/fulfillmenthubhungary.com\/\",\"logo\":{\"@type\":\"ImageObject\",\"inLanguage\":\"hu\",\"@id\":\"https:\/\/fulfillmenthubhungary.com\/#\/schema\/logo\/image\/\",\"url\":\"https:\/\/fulfillmenthubhungary.com\/wp-content\/uploads\/2022\/03\/LOGO_FFH.png\",\"contentUrl\":\"https:\/\/fulfillmenthubhungary.com\/wp-content\/uploads\/2022\/03\/LOGO_FFH.png\",\"width\":124,\"height\":52,\"caption\":\"Fulfillment Hub Hungary\"},\"image\":{\"@id\":\"https:\/\/fulfillmenthubhungary.com\/#\/schema\/logo\/image\/\"}}]}<\/script>\n<!-- \/ Yoast SEO plugin. -->","yoast_head_json":{"title":"Thank you | Affordable Fulfillment Center in Europe","robots":{"index":"index","follow":"follow","max-snippet":"max-snippet:-1","max-image-preview":"max-image-preview:large","max-video-preview":"max-video-preview:-1"},"canonical":"https:\/\/fulfillmenthubhungary.com\/hu\/thank-you\/","og_locale":"hu_HU","og_type":"article","og_title":"Thank you | Affordable Fulfillment Center in Europe","og_url":"https:\/\/fulfillmenthubhungary.com\/hu\/thank-you\/","og_site_name":"Affordable Fulfillment Center in Europe","article_modified_time":"2022-04-08T12:58:06+00:00","twitter_card":"summary_large_image","twitter_misc":{"Becs\u00fclt olvas\u00e1si id\u0151":"1 perc"},"schema":{"@context":"https:\/\/schema.org","@graph":[{"@type":"WebPage","@id":"https:\/\/fulfillmenthubhungary.com\/thank-you\/","url":"https:\/\/fulfillmenthubhungary.com\/thank-you\/","name":"Thank you | Affordable Fulfillment Center in Europe","isPartOf":{"@id":"https:\/\/fulfillmenthubhungary.com\/#website"},"datePublished":"2022-03-18T08:56:01+00:00","dateModified":"2022-04-08T12:58:06+00:00","breadcrumb":{"@id":"https:\/\/fulfillmenthubhungary.com\/thank-you\/#breadcrumb"},"inLanguage":"hu","potentialAction":[{"@type":"ReadAction","target":["https:\/\/fulfillmenthubhungary.com\/thank-you\/"]}]},{"@type":"BreadcrumbList","@id":"https:\/\/fulfillmenthubhungary.com\/thank-you\/#breadcrumb","itemListElement":[{"@type":"ListItem","position":1,"name":"Home","item":"https:\/\/fulfillmenthubhungary.com\/"},{"@type":"ListItem","position":2,"name":"Thank you"}]},{"@type":"WebSite","@id":"https:\/\/fulfillmenthubhungary.com\/#website","url":"https:\/\/fulfillmenthubhungary.com\/","name":"Affordable Fulfillment Center in Europe","description":"Your eCommerce Fulfillment Partner for scalable and consistent growth","publisher":{"@id":"https:\/\/fulfillmenthubhungary.com\/#organization"},"potentialAction":[{"@type":"SearchAction","target":{"@type":"EntryPoint","urlTemplate":"https:\/\/fulfillmenthubhungary.com\/?s={search_term_string}"},"query-input":"required name=search_term_string"}],"inLanguage":"hu"},{"@type":"Organization","@id":"https:\/\/fulfillmenthubhungary.com\/#organization","name":"Fulfillment Hub Hungary","url":"https:\/\/fulfillmenthubhungary.com\/","logo":{"@type":"ImageObject","inLanguage":"hu","@id":"https:\/\/fulfillmenthubhungary.com\/#\/schema\/logo\/image\/","url":"https:\/\/fulfillmenthubhungary.com\/wp-content\/uploads\/2022\/03\/LOGO_FFH.png","contentUrl":"https:\/\/fulfillmenthubhungary.com\/wp-content\/uploads\/2022\/03\/LOGO_FFH.png","width":124,"height":52,"caption":"Fulfillment Hub Hungary"},"image":{"@id":"https:\/\/fulfillmenthubhungary.com\/#\/schema\/logo\/image\/"}}]}},"_links":{"self":[{"href":"https:\/\/fulfillmenthubhungary.com\/hu\/wp-json\/wp\/v2\/pages\/566"}],"collection":[{"href":"https:\/\/fulfillmenthubhungary.com\/hu\/wp-json\/wp\/v2\/pages"}],"about":[{"href":"https:\/\/fulfillmenthubhungary.com\/hu\/wp-json\/wp\/v2\/types\/page"}],"author":[{"embeddable":true,"href":"https:\/\/fulfillmenthubhungary.com\/hu\/wp-json\/wp\/v2\/users\/3"}],"replies":[{"embeddable":true,"href":"https:\/\/fulfillmenthubhungary.com\/hu\/wp-json\/wp\/v2\/comments?post=566"}],"version-history":[{"count":13,"href":"https:\/\/fulfillmenthubhungary.com\/hu\/wp-json\/wp\/v2\/pages\/566\/revisions"}],"predecessor-version":[{"id":569,"href":"https:\/\/fulfillmenthubhungary.com\/hu\/wp-json\/wp\/v2\/pages\/566\/revisions\/569"}],"wp:attachment":[{"href":"https:\/\/fulfillmenthubhungary.com\/hu\/wp-json\/wp\/v2\/media?parent=566"}],"curies":[{"name":"wp","href":"https:\/\/api.w.org\/{rel}","templated":true}]}}