{"id":1258,"date":"2022-03-23T13:52:30","date_gmt":"2022-03-23T13:52:30","guid":{"rendered":"https:\/\/fulfillmenthubhungary.com\/?page_id=1258"},"modified":"2022-06-08T13:19:37","modified_gmt":"2022-06-08T13:19:37","slug":"jersey-city","status":"publish","type":"page","link":"https:\/\/fulfillmenthubhungary.com\/hu\/locations\/jersey-city\/","title":{"rendered":"Jersey City"},"content":{"rendered":"<div id=\"hero_section_location\"     class=\"vc_row wpb_row section vc_row-fluid  vc_custom_1649338806621\" style=' text-align:left;'><div class=\"full_section_inner clearfix\"><div class=\"wpb_column vc_column_container vc_col-sm-2\"><div class=\"vc_column-inner vc_custom_1648035396065\"><div class=\"wpb_wrapper\">\n\t<div class=\"wpb_text_column wpb_content_element  heading_txt vc_custom_1651646787958\">\n\t\t<div class=\"wpb_wrapper\">\n\t\t\t<h2 class=\"elementor-heading-title elementor-size-default\">Jersey City<\/h2>\n\n\t\t<\/div> \n\t<\/div> <a  itemprop=\"url\" href=\"https:\/\/goo.gl\/maps\/F89qukSxX3re4QYS9\" target=\"_self\"  class=\"qbutton  default button_yellow\" style=\"\">\u00datvonaltervez\u00e9s<\/a><\/div><\/div><\/div><div class=\"wpb_column vc_column_container vc_col-sm-10\"><div class=\"vc_column-inner\"><div class=\"wpb_wrapper\">\n\t<div class=\"wpb_single_image wpb_content_element vc_align_center\">\n\t\t<div class=\"wpb_wrapper\">\n\t\t\t\n\t\t\t<div class=\"vc_single_image-wrapper   vc_box_border_grey\"><img width=\"954\" height=\"292\" src=\"https:\/\/fulfillmenthubhungary.com\/wp-content\/uploads\/2022\/03\/location_location_bg.png\" class=\"vc_single_image-img attachment-full\" alt=\"location\" loading=\"lazy\" srcset=\"https:\/\/fulfillmenthubhungary.com\/wp-content\/uploads\/2022\/03\/location_location_bg.png 954w, https:\/\/fulfillmenthubhungary.com\/wp-content\/uploads\/2022\/03\/location_location_bg-300x92.png 300w, https:\/\/fulfillmenthubhungary.com\/wp-content\/uploads\/2022\/03\/location_location_bg-768x235.png 768w, https:\/\/fulfillmenthubhungary.com\/wp-content\/uploads\/2022\/03\/location_location_bg-700x214.png 700w\" sizes=\"(max-width: 954px) 100vw, 954px\" \/><\/div>\n\t\t<\/div>\n\t<\/div>\n<\/div><\/div><\/div><div class=\"wpb_column vc_column_container vc_col-sm-12\"><div class=\"vc_column-inner\"><div class=\"wpb_wrapper\">\n\t<div class=\"wpb_single_image wpb_content_element vc_align_center\">\n\t\t<div class=\"wpb_wrapper\">\n\t\t\t\n\t\t\t<div class=\"vc_single_image-wrapper   vc_box_border_grey\"><img width=\"1920\" height=\"183\" src=\"https:\/\/fulfillmenthubhungary.com\/wp-content\/uploads\/2022\/03\/location-bg.png\" class=\"vc_single_image-img attachment-full\" alt=\"location\" loading=\"lazy\" srcset=\"https:\/\/fulfillmenthubhungary.com\/wp-content\/uploads\/2022\/03\/location-bg.png 1920w, https:\/\/fulfillmenthubhungary.com\/wp-content\/uploads\/2022\/03\/location-bg-300x29.png 300w, https:\/\/fulfillmenthubhungary.com\/wp-content\/uploads\/2022\/03\/location-bg-1024x98.png 1024w, https:\/\/fulfillmenthubhungary.com\/wp-content\/uploads\/2022\/03\/location-bg-768x73.png 768w, https:\/\/fulfillmenthubhungary.com\/wp-content\/uploads\/2022\/03\/location-bg-1536x146.png 1536w, https:\/\/fulfillmenthubhungary.com\/wp-content\/uploads\/2022\/03\/location-bg-700x67.png 700w\" sizes=\"(max-width: 1920px) 100vw, 1920px\" \/><\/div>\n\t\t<\/div>\n\t<\/div>\n<\/div><\/div><\/div><\/div><\/div><div      class=\"vc_row wpb_row section vc_row-fluid  vc_custom_1648036078413\" style=' text-align:left;'><div class=\"full_section_inner clearfix\"><div class=\"wpb_column vc_column_container vc_col-sm-6\"><div class=\"vc_column-inner\"><div class=\"wpb_wrapper\"><div      class=\"vc_row wpb_row section vc_row-fluid vc_inner\" style=' text-align:left;'><div class=\"full_section_inner clearfix\"><div class=\"wpb_column vc_column_container vc_col-sm-6\"><div class=\"vc_column-inner vc_custom_1648036568956\"><div class=\"wpb_wrapper\">\n\t<div class=\"wpb_text_column wpb_content_element  location_add_num\">\n\t\t<div class=\"wpb_wrapper\">\n\t\t\t<p>20 Linden Ave E, Unit B,<\/p>\n<p>Jersey City, NJ 07305,<\/p>\n<p>USA<\/p>\n<p>+1 786-622-1102<\/p>\n\n\t\t<\/div> \n\t<\/div> <\/div><\/div><\/div><div class=\"wpb_column vc_column_container vc_col-sm-6\"><div class=\"vc_column-inner vc_custom_1648036576508\"><div class=\"wpb_wrapper\">\n\t<div class=\"wpb_text_column wpb_content_element  location_office_hours\">\n\t\t<div class=\"wpb_wrapper\">\n\t\t\t<p><strong>Munkaid\u0151<\/strong><\/p>\n<p>H\u00e9tf\u0151-p\u00e9ntek<br \/>\n9:00d\u00e9lel\u0151tt - 5:00d\u00e9lut\u00e1n ET<\/p>\n\n\t\t<\/div> \n\t<\/div> <\/div><\/div><\/div><\/div><\/div><div      class=\"vc_row wpb_row section vc_row-fluid vc_inner\" style=' text-align:left;'><div class=\"full_section_inner clearfix\"><div class=\"wpb_column vc_column_container vc_col-sm-12\"><div class=\"vc_column-inner vc_custom_1648036584379\"><div class=\"wpb_wrapper\">\n\t<div class=\"wpb_text_column wpb_content_element  Schedule_a_visit vc_custom_1648039770112\">\n\t\t<div class=\"wpb_wrapper\">\n\t\t\t<h3 style=\"text-align: left;\">\u00dctemezze be a l\u00e1togat\u00e1st<\/h3>\n\n\t\t<\/div> \n\t<\/div> \n\t<div class=\"wpb_raw_code wpb_content_element wpb_raw_html\" >\n\t\t<div class=\"wpb_wrapper\">\n\t\t\t<div><div class=\"frm_forms  with_frm_style frm_style_formidable-style\" id=\"frm_form_4_container\" data-token=\"69ffb42a0dff17846e064dcf18a12858\">\n<form enctype=\"multipart\/form-data\" method=\"post\" class=\"frm-show-form\" id=\"form_scheduleavisit\"  data-token=\"69ffb42a0dff17846e064dcf18a12858\" action=\"\">\n<div class=\"frm_form_fields\">\n<fieldset>\n<legend class=\"frm_screen_reader\">SCHEDULE A VISIT<\/legend>\r\n\r\n<div class=\"frm_fields_container\">\n<input type=\"hidden\" name=\"frm_action\" value=\"create\" \/>\n<input type=\"hidden\" name=\"form_id\" value=\"4\" \/>\n<input type=\"hidden\" name=\"frm_hide_fields_4\" id=\"frm_hide_fields_4\" value=\"\" \/>\n<input type=\"hidden\" name=\"form_key\" value=\"scheduleavisit\" \/>\n<input type=\"hidden\" name=\"item_meta[0]\" value=\"\" \/>\n<input type=\"hidden\" id=\"frm_submit_entry_4\" name=\"frm_submit_entry_4\" value=\"5adccd83df\" \/><input type=\"hidden\" name=\"_wp_http_referer\" value=\"\/hu\/wp-json\/wp\/v2\/pages\/1258\" \/><div id=\"frm_field_29_container\" class=\"frm_form_field form-field  frm_required_field frm_top_container frm12 frm_first\">\r\n    <label for=\"field_qv6oz\" id=\"field_qv6oz_label\" class=\"frm_primary_label\">Teljes n\u00e9v\r\n        <span class=\"frm_required\" aria-hidden=\"true\">*<\/span>\r\n    <\/label>\r\n    <input type=\"text\" id=\"field_qv6oz\" name=\"item_meta[29]\" value=\"\"  placeholder=\"Adja meg a teljes nevet\" data-reqmsg=\"Ez a mez\u0151 nem maradhat \u00fcresen.\" aria-required=\"true\" data-invmsg=\"Text is invalid\" aria-invalid=\"false\"  \/>\r\n    \r\n    \r\n<\/div>\n<div id=\"frm_field_28_container\" class=\"frm_form_field form-field  frm_required_field frm_top_container frm12\">\r\n    <label for=\"field_ljqcm\" id=\"field_ljqcm_label\" class=\"frm_primary_label\">C\u00e9g\r\n        <span class=\"frm_required\" aria-hidden=\"true\">*<\/span>\r\n    <\/label>\r\n    <input type=\"text\" id=\"field_ljqcm\" name=\"item_meta[28]\" value=\"\"  placeholder=\"\u00cdrja be a c\u00e9g nev\u00e9t\" data-reqmsg=\"This field cannot be blank.\" aria-required=\"true\" data-invmsg=\"Text is invalid\" aria-invalid=\"false\"  \/>\r\n    \r\n    \r\n<\/div>\n<div id=\"frm_field_25_container\" class=\"frm_form_field form-field  frm_required_field frm_top_container frm12\">\r\n    <label for=\"field_sd3up\" id=\"field_sd3up_label\" class=\"frm_primary_label\">Email c\u00edm\r\n        <span class=\"frm_required\" aria-hidden=\"true\">*<\/span>\r\n    <\/label>\r\n    <input type=\"email\" id=\"field_sd3up\" name=\"item_meta[25]\" value=\"\"  placeholder=\"Adja meg az email c\u00edmet\" data-reqmsg=\"Ez a mez\u0151 nem maradhat \u00fcresen.\" aria-required=\"true\" data-invmsg=\"Email is invalid\" aria-invalid=\"false\"  \/>\r\n    \r\n    \r\n<\/div>\n<input type=\"hidden\" id=\"field_lxbqd\" name=\"item_meta[27]\" value=\"\"  data-invmsg=\"Location is invalid\"  \/><div id=\"frm_field_26_container\" class=\"frm_form_field  frm_html_container form-field\"><label for=\"start\">A l\u00e1togat\u00e1s k\u00e9rt id\u0151pontja<\/label><br \/>\n<input id=\"visit_date\" class=\"textbox-n\" name=\"Date\" required=\"required\" type=\"date\" min=\"2000-01-02\" value=\"\" placeholder=\"\u00e9v\/h\u00f3\/nap\" \/><br \/>\n<script>\nvar today = new Date(new Date().getTime() + 24 * 60 * 60 * 1000);\nvar dd = today.getDate();\nvar mm = today.getMonth()+1; \/\/January is 0 so need to add 1 to make it 1!\nvar yyyy = today.getFullYear();\nif(dd<10){\ndd='0'+dd\n}\nif(mm<10){\nmm='0'+mm\n}\ntoday = yyyy+'-'+mm+'-'+dd;\ndocument.getElementById(\"visit_date\").setAttribute(\"min\", today);\n<\/script><\/p>\n<\/div>\n<input type=\"hidden\" id=\"field_f4k0v\" name=\"item_meta[32]\" value=\"\"  data-invmsg=\"Requested date of visit : is invalid\"  \/>\t<input type=\"hidden\" name=\"item_key\" value=\"\" \/>\n\t\t\t\t<div class=\"frm_verify\" aria-hidden=\"true\">\n\t\t\t\t<label for=\"frm_email_4\">\n\t\t\t\t\tIf you are human, leave this field blank.\t\t\t\t<\/label>\n\t\t\t\t<input type=\"text\" class=\"frm_verify\" id=\"frm_email_4\" name=\"frm_verify\" value=\"\"  \/>\n\t\t\t<\/div>\n\t\t<div class=\"frm_submit\">\r\n\r\n<button class=\"frm_button_submit button_orange\" type=\"submit\"  >K\u00fcld\u00e9s<\/button>\r\n\r\n<\/div><\/div>\n<\/fieldset>\n<\/div>\n<input type=\"hidden\" name=\"trp-form-language\" value=\"hu\"\/><\/form>\n<\/div>\n<\/div>\n\t\t<\/div>\n\t<\/div>\n<\/div><\/div><\/div><\/div><\/div><\/div><\/div><\/div><div class=\"wpb_column vc_column_container vc_col-sm-6\"><div class=\"vc_column-inner\"><div class=\"wpb_wrapper\"><div class=\"wpb_gmaps_widget wpb_content_element wpb_animate_when_almost_visible wpb_zoomIn zoomIn\" >\n\t\t<div class=\"wpb_wrapper\">\n\t\t<div class=\"wpb_map_wraper\">\n\t\t\t<iframe src=\"https:\/\/www.google.com\/maps\/embed?pb=!1m18!1m12!1m3!1d3025.215729260115!2d-74.089661384288!3d40.69124624682133!2m3!1f0!2f0!3f0!3m2!1i1024!2i768!4f13.1!3m3!1m2!1s0x89c25107f4861499%3A0x5e1adcc35854a532!2s20%20Linden%20Ave%20E%2C%20Jersey%20City%2C%20NJ%2007305%2C%20USA!5e0!3m2!1sen!2sin!4v1649744249646!5m2!1sen!2sin\" width=\"800\" height=\"600\" style=\"border:0;\" allowfullscreen=\"\" loading=\"lazy\" referrerpolicy=\"no-referrer-when-downgrade\"><\/iframe>\t\t<\/div>\n\t<\/div>\n<\/div>\n<\/div><\/div><\/div><\/div><\/div>","protected":false},"excerpt":{"rendered":"Jersey City Get Directions 20 Linden Ave E, Unit B, Jersey City, NJ 07305, USA +1 786-622-1102 Office hours Monday \u2013 Friday 9:00am \u2013 5:00pm ET Schedule a visit SCHEDULE A VISIT Full Name * Company * E-mail Address * Requested date of visit :...","protected":false},"author":3,"featured_media":0,"parent":692,"menu_order":0,"comment_status":"closed","ping_status":"closed","template":"full_width.php","meta":[],"yoast_head":"<!-- This site is optimized with the Yoast SEO plugin v19.10 - https:\/\/yoast.com\/wordpress\/plugins\/seo\/ -->\n<title>Jersey City | Affordable Fulfillment Center in Europe<\/title>\n<meta name=\"robots\" content=\"index, follow, max-snippet:-1, max-image-preview:large, max-video-preview:-1\" \/>\n<link rel=\"canonical\" href=\"https:\/\/fulfillmenthubhungary.com\/hu\/locations\/jersey-city\/\" \/>\n<meta property=\"og:locale\" content=\"hu_HU\" \/>\n<meta property=\"og:type\" content=\"article\" \/>\n<meta property=\"og:title\" content=\"Jersey City | Affordable Fulfillment Center in Europe\" \/>\n<meta property=\"og:url\" content=\"https:\/\/fulfillmenthubhungary.com\/hu\/locations\/jersey-city\/\" \/>\n<meta property=\"og:site_name\" content=\"Affordable Fulfillment Center in Europe\" \/>\n<meta property=\"article:modified_time\" content=\"2022-06-08T13:19:37+00:00\" \/>\n<meta name=\"twitter:card\" content=\"summary_large_image\" \/>\n<meta name=\"twitter:label1\" content=\"Becs\u00fclt olvas\u00e1si id\u0151\" \/>\n\t<meta name=\"twitter:data1\" content=\"1 perc\" \/>\n<script type=\"application\/ld+json\" class=\"yoast-schema-graph\">{\"@context\":\"https:\/\/schema.org\",\"@graph\":[{\"@type\":\"WebPage\",\"@id\":\"https:\/\/fulfillmenthubhungary.com\/locations\/jersey-city\/\",\"url\":\"https:\/\/fulfillmenthubhungary.com\/locations\/jersey-city\/\",\"name\":\"Jersey City | Affordable Fulfillment Center in Europe\",\"isPartOf\":{\"@id\":\"https:\/\/fulfillmenthubhungary.com\/#website\"},\"datePublished\":\"2022-03-23T13:52:30+00:00\",\"dateModified\":\"2022-06-08T13:19:37+00:00\",\"breadcrumb\":{\"@id\":\"https:\/\/fulfillmenthubhungary.com\/locations\/jersey-city\/#breadcrumb\"},\"inLanguage\":\"hu\",\"potentialAction\":[{\"@type\":\"ReadAction\",\"target\":[\"https:\/\/fulfillmenthubhungary.com\/locations\/jersey-city\/\"]}]},{\"@type\":\"BreadcrumbList\",\"@id\":\"https:\/\/fulfillmenthubhungary.com\/locations\/jersey-city\/#breadcrumb\",\"itemListElement\":[{\"@type\":\"ListItem\",\"position\":1,\"name\":\"Home\",\"item\":\"https:\/\/fulfillmenthubhungary.com\/\"},{\"@type\":\"ListItem\",\"position\":2,\"name\":\"Warehouse locations\",\"item\":\"https:\/\/fulfillmenthubhungary.com\/locations\/\"},{\"@type\":\"ListItem\",\"position\":3,\"name\":\"Jersey City\"}]},{\"@type\":\"WebSite\",\"@id\":\"https:\/\/fulfillmenthubhungary.com\/#website\",\"url\":\"https:\/\/fulfillmenthubhungary.com\/\",\"name\":\"Affordable Fulfillment Center in Europe\",\"description\":\"Your eCommerce Fulfillment Partner for scalable and consistent growth\",\"publisher\":{\"@id\":\"https:\/\/fulfillmenthubhungary.com\/#organization\"},\"potentialAction\":[{\"@type\":\"SearchAction\",\"target\":{\"@type\":\"EntryPoint\",\"urlTemplate\":\"https:\/\/fulfillmenthubhungary.com\/?s={search_term_string}\"},\"query-input\":\"required name=search_term_string\"}],\"inLanguage\":\"hu\"},{\"@type\":\"Organization\",\"@id\":\"https:\/\/fulfillmenthubhungary.com\/#organization\",\"name\":\"Fulfillment Hub Hungary\",\"url\":\"https:\/\/fulfillmenthubhungary.com\/\",\"logo\":{\"@type\":\"ImageObject\",\"inLanguage\":\"hu\",\"@id\":\"https:\/\/fulfillmenthubhungary.com\/#\/schema\/logo\/image\/\",\"url\":\"https:\/\/fulfillmenthubhungary.com\/wp-content\/uploads\/2022\/03\/LOGO_FFH.png\",\"contentUrl\":\"https:\/\/fulfillmenthubhungary.com\/wp-content\/uploads\/2022\/03\/LOGO_FFH.png\",\"width\":124,\"height\":52,\"caption\":\"Fulfillment Hub Hungary\"},\"image\":{\"@id\":\"https:\/\/fulfillmenthubhungary.com\/#\/schema\/logo\/image\/\"}}]}<\/script>\n<!-- \/ Yoast SEO plugin. -->","yoast_head_json":{"title":"Jersey City | Affordable Fulfillment Center in Europe","robots":{"index":"index","follow":"follow","max-snippet":"max-snippet:-1","max-image-preview":"max-image-preview:large","max-video-preview":"max-video-preview:-1"},"canonical":"https:\/\/fulfillmenthubhungary.com\/hu\/locations\/jersey-city\/","og_locale":"hu_HU","og_type":"article","og_title":"Jersey City | Affordable Fulfillment Center in Europe","og_url":"https:\/\/fulfillmenthubhungary.com\/hu\/locations\/jersey-city\/","og_site_name":"Affordable Fulfillment Center in Europe","article_modified_time":"2022-06-08T13:19:37+00:00","twitter_card":"summary_large_image","twitter_misc":{"Becs\u00fclt olvas\u00e1si id\u0151":"1 perc"},"schema":{"@context":"https:\/\/schema.org","@graph":[{"@type":"WebPage","@id":"https:\/\/fulfillmenthubhungary.com\/locations\/jersey-city\/","url":"https:\/\/fulfillmenthubhungary.com\/locations\/jersey-city\/","name":"Jersey City | Affordable Fulfillment Center in Europe","isPartOf":{"@id":"https:\/\/fulfillmenthubhungary.com\/#website"},"datePublished":"2022-03-23T13:52:30+00:00","dateModified":"2022-06-08T13:19:37+00:00","breadcrumb":{"@id":"https:\/\/fulfillmenthubhungary.com\/locations\/jersey-city\/#breadcrumb"},"inLanguage":"hu","potentialAction":[{"@type":"ReadAction","target":["https:\/\/fulfillmenthubhungary.com\/locations\/jersey-city\/"]}]},{"@type":"BreadcrumbList","@id":"https:\/\/fulfillmenthubhungary.com\/locations\/jersey-city\/#breadcrumb","itemListElement":[{"@type":"ListItem","position":1,"name":"Home","item":"https:\/\/fulfillmenthubhungary.com\/"},{"@type":"ListItem","position":2,"name":"Warehouse locations","item":"https:\/\/fulfillmenthubhungary.com\/locations\/"},{"@type":"ListItem","position":3,"name":"Jersey City"}]},{"@type":"WebSite","@id":"https:\/\/fulfillmenthubhungary.com\/#website","url":"https:\/\/fulfillmenthubhungary.com\/","name":"Affordable Fulfillment Center in Europe","description":"Your eCommerce Fulfillment Partner for scalable and consistent growth","publisher":{"@id":"https:\/\/fulfillmenthubhungary.com\/#organization"},"potentialAction":[{"@type":"SearchAction","target":{"@type":"EntryPoint","urlTemplate":"https:\/\/fulfillmenthubhungary.com\/?s={search_term_string}"},"query-input":"required name=search_term_string"}],"inLanguage":"hu"},{"@type":"Organization","@id":"https:\/\/fulfillmenthubhungary.com\/#organization","name":"Fulfillment Hub Hungary","url":"https:\/\/fulfillmenthubhungary.com\/","logo":{"@type":"ImageObject","inLanguage":"hu","@id":"https:\/\/fulfillmenthubhungary.com\/#\/schema\/logo\/image\/","url":"https:\/\/fulfillmenthubhungary.com\/wp-content\/uploads\/2022\/03\/LOGO_FFH.png","contentUrl":"https:\/\/fulfillmenthubhungary.com\/wp-content\/uploads\/2022\/03\/LOGO_FFH.png","width":124,"height":52,"caption":"Fulfillment Hub Hungary"},"image":{"@id":"https:\/\/fulfillmenthubhungary.com\/#\/schema\/logo\/image\/"}}]}},"_links":{"self":[{"href":"https:\/\/fulfillmenthubhungary.com\/hu\/wp-json\/wp\/v2\/pages\/1258"}],"collection":[{"href":"https:\/\/fulfillmenthubhungary.com\/hu\/wp-json\/wp\/v2\/pages"}],"about":[{"href":"https:\/\/fulfillmenthubhungary.com\/hu\/wp-json\/wp\/v2\/types\/page"}],"author":[{"embeddable":true,"href":"https:\/\/fulfillmenthubhungary.com\/hu\/wp-json\/wp\/v2\/users\/3"}],"replies":[{"embeddable":true,"href":"https:\/\/fulfillmenthubhungary.com\/hu\/wp-json\/wp\/v2\/comments?post=1258"}],"version-history":[{"count":9,"href":"https:\/\/fulfillmenthubhungary.com\/hu\/wp-json\/wp\/v2\/pages\/1258\/revisions"}],"predecessor-version":[{"id":2099,"href":"https:\/\/fulfillmenthubhungary.com\/hu\/wp-json\/wp\/v2\/pages\/1258\/revisions\/2099"}],"up":[{"embeddable":true,"href":"https:\/\/fulfillmenthubhungary.com\/hu\/wp-json\/wp\/v2\/pages\/692"}],"wp:attachment":[{"href":"https:\/\/fulfillmenthubhungary.com\/hu\/wp-json\/wp\/v2\/media?parent=1258"}],"curies":[{"name":"wp","href":"https:\/\/api.w.org\/{rel}","templated":true}]}}